{"id":13,"date":"2022-08-20T13:11:09","date_gmt":"2022-08-20T11:11:09","guid":{"rendered":"https:\/\/torrelodones.wordcamp.org\/2023\/?page_id=13"},"modified":"2023-03-10T21:14:49","modified_gmt":"2023-03-10T20:14:49","slug":"entradas","status":"publish","type":"page","link":"https:\/\/torrelodones.wordcamp.org\/2023\/entradas\/","title":{"rendered":"\u00a1Compra tu entrada!"},"content":{"rendered":"\n<section class=\"wp-block-group alignfull wct23_sponsors\"><div class=\"wp-block-group__inner-container is-layout-flow wp-block-group-is-layout-flow\">\n<div class=\"wp-block-columns alignfull is-layout-flex wp-container-core-columns-is-layout-9d6595d7 wp-block-columns-is-layout-flex\">\n<div class=\"wp-block-column is-layout-flow wp-block-column-is-layout-flow\">\n<div class=\"wp-block-group wct23_entradas\"><div class=\"wp-block-group__inner-container is-layout-constrained wp-block-group-is-layout-constrained\">\n<h2 class=\"wct23_title-h3 wp-block-heading\">\u00bfQu\u00e9 incluye la&nbsp;entrada?<\/h2>\n\n\n\n<p class=\"mt-1\">La entrada a WordCamp Torrelodones 2023 te da acceso a todas la actividades del s\u00e1bado 11 y del domingo 12 de marzo. <\/p>\n\n\n\n<p class=\"mt-1\">El s\u00e1bado tendremos las charlas en el <a href=\"https:\/\/teatrofernandezbaldor.com\/\" target=\"_blank\" rel=\"noreferrer noopener\">Teatro Fern\u00e1ndez-Baldor<\/a> y el domingo tendremos el Contributor day en <a href=\"https:\/\/www.google.com\/maps?ll=40.575655,-3.950127&amp;z=16&amp;t=m&amp;hl=es&amp;gl=ES&amp;mapclient=embed&amp;q=Av.+de+Torrelodones,+15+28250+Madrid\" target=\"_blank\" rel=\"noreferrer noopener\">La Solana<\/a>.<\/p>\n\n\n\n<p class=\"mt-1\">Pero no todo ser\u00e1 aprender, compartir y hacer networking. A cambio de los 25&nbsp;\u20ac de la entrada, podr\u00e1s disfrutar de todas las comidas que se servir\u00e1n durante el evento, tanto el s\u00e1bado como el domingo. Habr\u00e1 caf\u00e9 durante todo el d\u00eda, desayuno, comida (frugal, que luego hay que sentarse a escuchar las charlas atentamente y no queremos que nadie se duerma) y por la tarde, algo para merendar y coger fuerzas.<\/p>\n\n\n\n<p class=\"mt-1\">Despu\u00e9s de las charlas tendremos la after party, con un picoteo para cenar y hacer networking al ritmo de la m\u00fasica. \u00a1Y, qui\u00e9n sabe, igual hasta te animas a bailar!<\/p>\n\n\n\n<p class=\"mt-1\">Por si esto fuera poco, a\u00fan habr\u00e1 m\u00e1s. Al llegar al <a href=\"https:\/\/teatrofernandezbaldor.com\/\" target=\"_blank\" rel=\"noreferrer noopener\">Teatro Fern\u00e1ndez-Baldor<\/a> el s\u00e1bado por la ma\u00f1ana, recibir\u00e1s una acreditaci\u00f3n con tu nombre y una bolsa con una camiseta conmemorativa de la WordCamp Torrelodones 2023 (elige tu talla al comprar la entrada) y regalitos de nuestros queridos patrocinadores. <\/p>\n\n\n\n<p class=\"mt-1\">Habr\u00e1 m\u00e1s sorpresas que, por supuesto,  son alto secreto y no te las podemos adelantar. Si quieres pasar un fin de semana inolvidable, ven a WordCamp Torrelodones 2023.<\/p>\n\n\n\n<p>Adem\u00e1s, si quieres venir con tus peques, contamos con servicio de <a href=\"https:\/\/torrelodones.wordcamp.org\/2023\/ludoteca\">Ludoteca<\/a> en el que los ni\u00f1os y ni\u00f1as pasar\u00e1n un rato muy divertido realizando actividades dirigidas por un equipo de profesionales.<\/p>\n<\/div><\/div>\n<\/div>\n<\/div>\n<\/div><\/section>\n\n\n<a href=\"https:\/\/torrelodones.wordcamp.org\/2023\/entradas\/\">Por favor, ve esta p\u00e1gina en un navegador para hacer una compra o gestionar entradas.<\/a>\n\n\n\n<section class=\"wp-block-group alignfull wct23_sponsors has-background\" style=\"background-color:#fff7da\"><div class=\"wp-block-group__inner-container is-layout-flow wp-block-group-is-layout-flow\">\n<div class=\"wp-block-columns alignfull is-layout-flex wp-container-core-columns-is-layout-9d6595d7 wp-block-columns-is-layout-flex\">\n<div class=\"wp-block-column is-layout-flow wp-block-column-is-layout-flow\">\n<h2 class=\"wp-block-heading has-text-align-center alignfull wct23_title-h2 mt-2\" id=\"patrocinadores-de-la-1\u00aa-wordcamp-torrelodones-2023\">Patrocinadores de la 1\u00aa WordCamp Torrelodones 2023<\/h2>\n\n\n<div class=\"wp-block-image\">\n<figure class=\"aligncenter size-full\" id=\"after-party\"><img loading=\"lazy\" decoding=\"async\" width=\"324\" height=\"110\" src=\"https:\/\/torrelodones.wordcamp.org\/2023\/files\/2023\/02\/Affer-Party.png\" alt=\"\" class=\"wp-image-6905\" title=\"\" \/><\/figure>\n<\/div>\n\n\n<div class=\"wp-block-group listado-patrocinadores listado-patrocinadores-afterparty\"><div class=\"wp-block-group__inner-container is-layout-constrained wp-block-group-is-layout-constrained\">\n<figure class=\"wp-block-image size-full patrocinador\"><a href=\"https:\/\/www.piensasolutions.com\/wordpress\/\" target=\"_blank\" rel=\"noreferrer noopener nofollow\"><img loading=\"lazy\" decoding=\"async\" width=\"800\" height=\"300\" src=\"https:\/\/torrelodones.wordcamp.org\/2023\/files\/2023\/01\/logo-piensa-patrocinadores.png\" alt=\"\" class=\"wp-image-6055\" srcset=\"https:\/\/torrelodones.wordcamp.org\/2023\/files\/2023\/01\/logo-piensa-patrocinadores.png 800w, https:\/\/torrelodones.wordcamp.org\/2023\/files\/2023\/01\/logo-piensa-patrocinadores-768x288.png 768w, https:\/\/torrelodones.wordcamp.org\/2023\/files\/2023\/01\/logo-piensa-patrocinadores-500x188.png 500w\" sizes=\"auto, (max-width: 800px) 100vw, 800px\" \/><\/a><\/figure>\n<\/div><\/div>\n\n\n<div class=\"wp-block-image\">\n<figure class=\"aligncenter size-full\" id=\"globales\"><img loading=\"lazy\" decoding=\"async\" width=\"324\" height=\"110\" src=\"https:\/\/torrelodones.wordcamp.org\/2023\/files\/2022\/11\/patrocinador-oro-2.png\" alt=\"\" class=\"wp-image-5005\" title=\"\" \/><\/figure>\n<\/div>\n\n\n<div class=\"wp-block-group listado-patrocinadores listado-patrocinadores_bg-Azul listado-patrocinadores-globales\"><div class=\"wp-block-group__inner-container is-layout-constrained wp-block-group-is-layout-constrained\">\n<figure class=\"wp-block-image size-full patrocinador\"><a href=\"https:\/\/www.lucushost.com\/\" target=\"_blank\" rel=\"noreferrer noopener nofollow\"><img loading=\"lazy\" decoding=\"async\" width=\"800\" height=\"300\" src=\"https:\/\/torrelodones.wordcamp.org\/2023\/files\/2023\/01\/logo-lucushost-scaled-1.png\" alt=\"\" class=\"wp-image-5874\" srcset=\"https:\/\/torrelodones.wordcamp.org\/2023\/files\/2023\/01\/logo-lucushost-scaled-1.png 800w, https:\/\/torrelodones.wordcamp.org\/2023\/files\/2023\/01\/logo-lucushost-scaled-1-768x288.png 768w, https:\/\/torrelodones.wordcamp.org\/2023\/files\/2023\/01\/logo-lucushost-scaled-1-500x188.png 500w\" sizes=\"auto, (max-width: 800px) 100vw, 800px\" \/><\/a><\/figure>\n\n\n\n<figure class=\"wp-block-image size-full patrocinador\"><a href=\"https:\/\/www.arsys.es\/\" target=\"_blank\" rel=\"noreferrer noopener nofollow\"><img decoding=\"async\" src=\"https:\/\/torrelodones.wordcamp.org\/2023\/files\/2023\/01\/logo-arsys-patrocinadores.png\" alt=\"\" class=\"wp-image-6051\" \/><\/a><\/figure>\n\n\n\n<figure class=\"wp-block-image size-full patrocinador\"><a href=\"https:\/\/www.siteground.es\/\" target=\"_blank\" rel=\"noreferrer noopener nofollow\"><img loading=\"lazy\" decoding=\"async\" width=\"800\" height=\"300\" src=\"https:\/\/torrelodones.wordcamp.org\/2023\/files\/2023\/02\/logo-siteground-patrocinadores.png\" alt=\"\" class=\"wp-image-6478\" srcset=\"https:\/\/torrelodones.wordcamp.org\/2023\/files\/2023\/02\/logo-siteground-patrocinadores.png 800w, https:\/\/torrelodones.wordcamp.org\/2023\/files\/2023\/02\/logo-siteground-patrocinadores-768x288.png 768w, https:\/\/torrelodones.wordcamp.org\/2023\/files\/2023\/02\/logo-siteground-patrocinadores-500x188.png 500w\" sizes=\"auto, (max-width: 800px) 100vw, 800px\" \/><\/a><\/figure>\n\n\n\n<figure class=\"wp-block-image size-full patrocinador\"><a href=\"https:\/\/www.godaddy.com\/hosting\/wordpress-hosting?isc=gdrockstar&amp;utm_source=wcglobal%5b%E2%80%A6%5dcampaign=en-us_events_prg_awa_partners_part_wcsponsordesc_001\" target=\"_blank\" rel=\"noreferrer noopener nofollow\"><img loading=\"lazy\" decoding=\"async\" width=\"800\" height=\"300\" src=\"https:\/\/torrelodones.wordcamp.org\/2023\/files\/2023\/02\/logo-godaddy.png-800x300-1.png\" alt=\"\" class=\"wp-image-6884\" srcset=\"https:\/\/torrelodones.wordcamp.org\/2023\/files\/2023\/02\/logo-godaddy.png-800x300-1.png 800w, https:\/\/torrelodones.wordcamp.org\/2023\/files\/2023\/02\/logo-godaddy.png-800x300-1-768x288.png 768w, https:\/\/torrelodones.wordcamp.org\/2023\/files\/2023\/02\/logo-godaddy.png-800x300-1-500x188.png 500w\" sizes=\"auto, (max-width: 800px) 100vw, 800px\" \/><\/a><\/figure>\n\n\n\n<figure class=\"wp-block-image size-full patrocinador\"><a href=\"https:\/\/www.bluehost.com\/\" target=\"_blank\" rel=\"noreferrer noopener nofollow\"><img loading=\"lazy\" decoding=\"async\" width=\"800\" height=\"300\" src=\"https:\/\/torrelodones.wordcamp.org\/2023\/files\/2022\/12\/bluehost.png\" alt=\"\" class=\"wp-image-5358\" srcset=\"https:\/\/torrelodones.wordcamp.org\/2023\/files\/2022\/12\/bluehost.png 800w, https:\/\/torrelodones.wordcamp.org\/2023\/files\/2022\/12\/bluehost-768x288.png 768w, https:\/\/torrelodones.wordcamp.org\/2023\/files\/2022\/12\/bluehost-500x188.png 500w\" sizes=\"auto, (max-width: 800px) 100vw, 800px\" \/><\/a><\/figure>\n\n\n\n<figure class=\"wp-block-image size-full patrocinador\"><a href=\"https:\/\/weglot.com\/es\/\" target=\"_blank\" rel=\"noreferrer noopener nofollow\"><img loading=\"lazy\" decoding=\"async\" width=\"800\" height=\"300\" src=\"https:\/\/torrelodones.wordcamp.org\/2023\/files\/2022\/12\/Weglot.png\" alt=\"\" class=\"wp-image-5362\" srcset=\"https:\/\/torrelodones.wordcamp.org\/2023\/files\/2022\/12\/Weglot.png 800w, https:\/\/torrelodones.wordcamp.org\/2023\/files\/2022\/12\/Weglot-768x288.png 768w, https:\/\/torrelodones.wordcamp.org\/2023\/files\/2022\/12\/Weglot-500x188.png 500w\" sizes=\"auto, (max-width: 800px) 100vw, 800px\" \/><\/a><\/figure>\n\n\n\n<figure class=\"wp-block-image size-full patrocinador\"><a href=\"https:\/\/wordpress.com\/\" target=\"_blank\" rel=\"noreferrer noopener nofollow\"><img loading=\"lazy\" decoding=\"async\" width=\"800\" height=\"300\" src=\"https:\/\/torrelodones.wordcamp.org\/2023\/files\/2022\/12\/WordPress.com_.png\" alt=\"\" class=\"wp-image-5364\" srcset=\"https:\/\/torrelodones.wordcamp.org\/2023\/files\/2022\/12\/WordPress.com_.png 800w, https:\/\/torrelodones.wordcamp.org\/2023\/files\/2022\/12\/WordPress.com_-768x288.png 768w, https:\/\/torrelodones.wordcamp.org\/2023\/files\/2022\/12\/WordPress.com_-500x188.png 500w\" sizes=\"auto, (max-width: 800px) 100vw, 800px\" \/><\/a><\/figure>\n<\/div><\/div>\n\n\n<div class=\"wp-block-image\">\n<figure class=\"aligncenter size-full\" id=\"plata\"><img loading=\"lazy\" decoding=\"async\" width=\"324\" height=\"110\" src=\"https:\/\/torrelodones.wordcamp.org\/2023\/files\/2022\/11\/patrocinador-plata-2.png\" alt=\"\" class=\"wp-image-5003\" title=\"\" \/><\/figure>\n<\/div>\n\n\n<div class=\"wp-block-group listado-patrocinadores listado-patrocinadores_bg-Azul listado-patrocinadores-plata\"><div class=\"wp-block-group__inner-container is-layout-constrained wp-block-group-is-layout-constrained\">\n<figure class=\"wp-block-image size-full patrocinador\"><a href=\"https:\/\/raiolanetworks.es\/\" target=\"_blank\" rel=\"noreferrer noopener nofollow\"><img loading=\"lazy\" decoding=\"async\" width=\"800\" height=\"300\" src=\"https:\/\/torrelodones.wordcamp.org\/2023\/files\/2023\/01\/patrocinador-raiola.png\" alt=\"\" class=\"wp-image-5981\" srcset=\"https:\/\/torrelodones.wordcamp.org\/2023\/files\/2023\/01\/patrocinador-raiola.png 800w, https:\/\/torrelodones.wordcamp.org\/2023\/files\/2023\/01\/patrocinador-raiola-768x288.png 768w, https:\/\/torrelodones.wordcamp.org\/2023\/files\/2023\/01\/patrocinador-raiola-500x188.png 500w\" sizes=\"auto, (max-width: 800px) 100vw, 800px\" \/><\/a><\/figure>\n\n\n\n<figure class=\"wp-block-image size-full patrocinador\"><a href=\"https:\/\/yithemes.com\/es\/\" target=\"_blank\" rel=\"noreferrer noopener nofollow\"><img loading=\"lazy\" decoding=\"async\" width=\"800\" height=\"300\" src=\"https:\/\/torrelodones.wordcamp.org\/2023\/files\/2023\/01\/logo_patrocinador_yith.png\" alt=\"\" class=\"wp-image-5997\" srcset=\"https:\/\/torrelodones.wordcamp.org\/2023\/files\/2023\/01\/logo_patrocinador_yith.png 800w, https:\/\/torrelodones.wordcamp.org\/2023\/files\/2023\/01\/logo_patrocinador_yith-768x288.png 768w, https:\/\/torrelodones.wordcamp.org\/2023\/files\/2023\/01\/logo_patrocinador_yith-500x188.png 500w\" sizes=\"auto, (max-width: 800px) 100vw, 800px\" \/><\/a><\/figure>\n\n\n\n<figure class=\"wp-block-image size-full patrocinador\"><a href=\"https:\/\/www.motive.co\/es?utm_campaign=WordCamp+Torrelodones&amp;utm_source=website&amp;utm_medium=event\" target=\"_blank\" rel=\"noreferrer noopener nofollow\"><img loading=\"lazy\" decoding=\"async\" width=\"800\" height=\"300\" src=\"https:\/\/torrelodones.wordcamp.org\/2023\/files\/2023\/02\/Logotype_motive_positive.png\" alt=\"\" class=\"wp-image-6838\" srcset=\"https:\/\/torrelodones.wordcamp.org\/2023\/files\/2023\/02\/Logotype_motive_positive.png 800w, https:\/\/torrelodones.wordcamp.org\/2023\/files\/2023\/02\/Logotype_motive_positive-768x288.png 768w, https:\/\/torrelodones.wordcamp.org\/2023\/files\/2023\/02\/Logotype_motive_positive-500x188.png 500w\" sizes=\"auto, (max-width: 800px) 100vw, 800px\" \/><\/a><\/figure>\n<\/div><\/div>\n\n\n<div class=\"wp-block-image\">\n<figure class=\"aligncenter size-full\" id=\"bronce\"><img loading=\"lazy\" decoding=\"async\" width=\"324\" height=\"110\" src=\"https:\/\/torrelodones.wordcamp.org\/2023\/files\/2022\/11\/patrocinador-bronce-2.png\" alt=\"\" class=\"wp-image-5007\" title=\"\" \/><\/figure>\n<\/div>\n\n\n<div class=\"wp-block-group listado-patrocinadores listado-patrocinadores_bg-Azul listado-patrocinadores-bronce\"><div class=\"wp-block-group__inner-container is-layout-constrained wp-block-group-is-layout-constrained\">\n<figure class=\"wp-block-image size-full patrocinador patrocinador-bronce\"><a href=\"https:\/\/cubewp.com\/\" target=\"_blank\" rel=\"noreferrer noopener\"><img loading=\"lazy\" decoding=\"async\" width=\"800\" height=\"300\" src=\"https:\/\/torrelodones.wordcamp.org\/2023\/files\/2023\/02\/logo-CubeWP-patrocinadores-2.png\" alt=\"\" class=\"wp-image-6733\" srcset=\"https:\/\/torrelodones.wordcamp.org\/2023\/files\/2023\/02\/logo-CubeWP-patrocinadores-2.png 800w, https:\/\/torrelodones.wordcamp.org\/2023\/files\/2023\/02\/logo-CubeWP-patrocinadores-2-768x288.png 768w, https:\/\/torrelodones.wordcamp.org\/2023\/files\/2023\/02\/logo-CubeWP-patrocinadores-2-500x188.png 500w\" sizes=\"auto, (max-width: 800px) 100vw, 800px\" \/><\/a><\/figure>\n\n\n\n<figure class=\"wp-block-image size-full patrocinador patrocinador-bronce\"><a href=\"https:\/\/www.webempresa.com\/\" target=\"_blank\" rel=\"noreferrer noopener nofollow\"><img loading=\"lazy\" decoding=\"async\" width=\"801\" height=\"300\" src=\"https:\/\/torrelodones.wordcamp.org\/2023\/files\/2023\/02\/logo-webempresa-patrocinadores.png\" alt=\"\" class=\"wp-image-6611\" srcset=\"https:\/\/torrelodones.wordcamp.org\/2023\/files\/2023\/02\/logo-webempresa-patrocinadores.png 801w, https:\/\/torrelodones.wordcamp.org\/2023\/files\/2023\/02\/logo-webempresa-patrocinadores-768x288.png 768w, https:\/\/torrelodones.wordcamp.org\/2023\/files\/2023\/02\/logo-webempresa-patrocinadores-500x187.png 500w\" sizes=\"auto, (max-width: 801px) 100vw, 801px\" \/><\/a><\/figure>\n\n\n\n<figure class=\"wp-block-image size-full patrocinador patrocinador-bronce\"><a href=\"https:\/\/modulards.com\/\" target=\"_blank\" rel=\"noreferrer noopener nofollow\"><img loading=\"lazy\" decoding=\"async\" width=\"800\" height=\"300\" src=\"https:\/\/torrelodones.wordcamp.org\/2023\/files\/2023\/02\/Modular-DS-logo-1.png\" alt=\"\" class=\"wp-image-6824\" srcset=\"https:\/\/torrelodones.wordcamp.org\/2023\/files\/2023\/02\/Modular-DS-logo-1.png 800w, https:\/\/torrelodones.wordcamp.org\/2023\/files\/2023\/02\/Modular-DS-logo-1-768x288.png 768w, https:\/\/torrelodones.wordcamp.org\/2023\/files\/2023\/02\/Modular-DS-logo-1-500x188.png 500w\" sizes=\"auto, (max-width: 800px) 100vw, 800px\" \/><\/a><\/figure>\n\n\n\n<figure class=\"wp-block-image size-full patrocinador patrocinador-bronce\"><a href=\"https:\/\/woocommerce.com\/\" target=\"_blank\" rel=\"noreferrer noopener nofollow\"><img loading=\"lazy\" decoding=\"async\" width=\"800\" height=\"300\" src=\"https:\/\/torrelodones.wordcamp.org\/2023\/files\/2022\/12\/WooCommerce.png\" alt=\"\" class=\"wp-image-5365\" srcset=\"https:\/\/torrelodones.wordcamp.org\/2023\/files\/2022\/12\/WooCommerce.png 800w, https:\/\/torrelodones.wordcamp.org\/2023\/files\/2022\/12\/WooCommerce-768x288.png 768w, https:\/\/torrelodones.wordcamp.org\/2023\/files\/2022\/12\/WooCommerce-500x188.png 500w\" sizes=\"auto, (max-width: 800px) 100vw, 800px\" \/><\/a><\/figure>\n<\/div><\/div>\n\n\n<div class=\"wp-block-image\">\n<figure class=\"aligncenter size-full\" id=\"ludoteca\"><img loading=\"lazy\" decoding=\"async\" width=\"324\" height=\"110\" src=\"https:\/\/torrelodones.wordcamp.org\/2023\/files\/2022\/11\/ludoteca.png\" alt=\"\" class=\"wp-image-4586\" \/><\/figure>\n<\/div>\n\n\n<div class=\"wp-block-group listado-patrocinadores listado-patrocinadores_bg-Azul listado-patrocinadores-ludoteca\"><div class=\"wp-block-group__inner-container is-layout-constrained wp-block-group-is-layout-constrained\"><div class=\"wp-block-image patrocinador patrocinador-ludoteca\">\n<figure class=\"aligncenter size-full\"><a href=\"https:\/\/boluda.com\/\" target=\"_blank\" rel=\"noreferrer noopener nofollow\"><img loading=\"lazy\" decoding=\"async\" width=\"300\" height=\"113\" src=\"https:\/\/torrelodones.wordcamp.org\/2023\/files\/2022\/12\/Boluda.com_.png\" alt=\"\" class=\"wp-image-5368\" \/><\/a><\/figure>\n<\/div><\/div><\/div>\n\n\n<div class=\"wp-block-image\">\n<figure class=\"aligncenter size-full\" id=\"en-especie\"><img loading=\"lazy\" decoding=\"async\" width=\"329\" height=\"164\" src=\"https:\/\/torrelodones.wordcamp.org\/2023\/files\/2022\/11\/colaboradores-en-especie.png\" alt=\"\" class=\"wp-image-4578\" \/><\/figure>\n<\/div>\n\n\n<div class=\"wp-block-group listado-patrocinadores listado-patrocinadores_bg-Azul listado-patrocinadores-en-especie\"><div class=\"wp-block-group__inner-container is-layout-constrained wp-block-group-is-layout-constrained\">\n<figure class=\"wp-block-image size-full patrocinador patrocinador-especie\"><a href=\"https:\/\/www.torrelodones.es\/desarrollo-local\" target=\"_blank\" rel=\"noreferrer noopener\"><img loading=\"lazy\" decoding=\"async\" width=\"300\" height=\"113\" src=\"https:\/\/torrelodones.wordcamp.org\/2023\/files\/2023\/02\/escudo_ayto_torre.png\" alt=\"\" class=\"wp-image-6738\" \/><\/a><\/figure>\n\n\n\n<figure class=\"wp-block-image size-full patrocinador patrocinador-especie\"><a href=\"https:\/\/teatrofernandezbaldor.com\/\" target=\"_blank\" rel=\"noreferrer noopener\"><img loading=\"lazy\" decoding=\"async\" width=\"300\" height=\"113\" src=\"https:\/\/torrelodones.wordcamp.org\/2023\/files\/2023\/02\/teatro-fernandez-baldor.png\" alt=\"\" class=\"wp-image-6901\" \/><\/a><\/figure>\n\n\n\n<figure class=\"wp-block-image size-full patrocinador patrocinador-especie\"><a href=\"https:\/\/www.desafiodigital.es\/\" target=\"_blank\" rel=\"noreferrer noopener\"><img loading=\"lazy\" decoding=\"async\" width=\"300\" height=\"113\" src=\"https:\/\/torrelodones.wordcamp.org\/2023\/files\/2022\/12\/desafio_digital.png\" alt=\"\" class=\"wp-image-5613\" \/><\/a><\/figure>\n\n\n\n<figure class=\"wp-block-image size-full patrocinador patrocinador-especie\"><a href=\"https:\/\/metricool.com\/es\/\" target=\"_blank\" rel=\"noreferrer noopener\"><img loading=\"lazy\" decoding=\"async\" width=\"300\" height=\"113\" src=\"https:\/\/torrelodones.wordcamp.org\/2023\/files\/2022\/12\/metricool.png\" alt=\"\" class=\"wp-image-5369\" \/><\/a><\/figure>\n\n\n\n<figure class=\"wp-block-image size-full patrocinador patrocinador-especie\"><a href=\"https:\/\/mule.to\/p3md\" target=\"_blank\" rel=\"noreferrer noopener\"><img loading=\"lazy\" decoding=\"async\" width=\"300\" height=\"113\" src=\"https:\/\/torrelodones.wordcamp.org\/2023\/files\/2022\/12\/stickermule.png\" alt=\"\" class=\"wp-image-5391\" \/><\/a><\/figure>\n\n\n\n<figure class=\"wp-block-image size-full patrocinador patrocinador-especie\"><a href=\"http:\/\/www.robotstxt.es\" target=\"_blank\" rel=\"noreferrer noopener\"><img loading=\"lazy\" decoding=\"async\" width=\"300\" height=\"113\" src=\"https:\/\/torrelodones.wordcamp.org\/2023\/files\/2022\/12\/RobotsTXT.png\" alt=\"\" class=\"wp-image-5371\" \/><\/a><\/figure>\n\n\n\n<figure class=\"wp-block-image size-full patrocinador patrocinador-especie\"><a href=\"https:\/\/eove.es\/\" target=\"_blank\" rel=\"noreferrer noopener\"><img loading=\"lazy\" decoding=\"async\" width=\"300\" height=\"113\" src=\"https:\/\/torrelodones.wordcamp.org\/2023\/files\/2023\/02\/eove-logo.png\" alt=\"\" class=\"wp-image-6889\" \/><\/a><\/figure>\n<\/div><\/div>\n<\/div>\n<\/div>\n\n\n\n<div style=\"height:100px\" aria-hidden=\"true\" class=\"wp-block-spacer\"><\/div>\n<\/div><\/section>\n","protected":false},"excerpt":{"rendered":"<p>\u00bfQu\u00e9 incluye la&nbsp;entrada? La entrada a WordCamp Torrelodones 2023 te da acceso a todas la actividades del s\u00e1bado 11 y del domingo 12 de marzo. El s\u00e1bado tendremos las charlas en el Teatro Fern\u00e1ndez-Baldor y el domingo tendremos el Contributor day en La Solana. Pero no todo ser\u00e1 aprender, compartir y hacer networking. A cambio&hellip; <a class=\"more-link\" href=\"https:\/\/torrelodones.wordcamp.org\/2023\/entradas\/\">Seguir leyendo <span class=\"screen-reader-text\">\u00a1Compra tu entrada!<\/span><\/a><\/p>\n","protected":false},"author":15412659,"featured_media":2275,"parent":0,"menu_order":0,"comment_status":"closed","ping_status":"closed","template":"","meta":{"jetpack_post_was_ever_published":false,"footnotes":""},"class_list":["post-13","page","type-page","status-publish","has-post-thumbnail","hentry","entry"],"jetpack_sharing_enabled":true,"_links":{"self":[{"href":"https:\/\/torrelodones.wordcamp.org\/2023\/wp-json\/wp\/v2\/pages\/13","targetHints":{"allow":["GET"]}}],"collection":[{"href":"https:\/\/torrelodones.wordcamp.org\/2023\/wp-json\/wp\/v2\/pages"}],"about":[{"href":"https:\/\/torrelodones.wordcamp.org\/2023\/wp-json\/wp\/v2\/types\/page"}],"author":[{"embeddable":true,"href":"https:\/\/torrelodones.wordcamp.org\/2023\/wp-json\/wp\/v2\/users\/15412659"}],"replies":[{"embeddable":true,"href":"https:\/\/torrelodones.wordcamp.org\/2023\/wp-json\/wp\/v2\/comments?post=13"}],"version-history":[{"count":29,"href":"https:\/\/torrelodones.wordcamp.org\/2023\/wp-json\/wp\/v2\/pages\/13\/revisions"}],"predecessor-version":[{"id":5536,"href":"https:\/\/torrelodones.wordcamp.org\/2023\/wp-json\/wp\/v2\/pages\/13\/revisions\/5536"}],"wp:featuredmedia":[{"embeddable":true,"href":"https:\/\/torrelodones.wordcamp.org\/2023\/wp-json\/wp\/v2\/media\/2275"}],"wp:attachment":[{"href":"https:\/\/torrelodones.wordcamp.org\/2023\/wp-json\/wp\/v2\/media?parent=13"}],"curies":[{"name":"wp","href":"https:\/\/api.w.org\/{rel}","templated":true}]}}