{"id":1942,"date":"2022-10-18T10:04:35","date_gmt":"2022-10-18T08:04:35","guid":{"rendered":"https:\/\/torrelodones.wordcamp.org\/2023\/?page_id=1942"},"modified":"2023-02-04T20:06:45","modified_gmt":"2023-02-04T19:06:45","slug":"pregones","status":"publish","type":"page","link":"https:\/\/torrelodones.wordcamp.org\/2023\/pregones\/","title":{"rendered":"Pregones"},"content":{"rendered":"\n<div class=\"wp-block-query alignfull is-layout-flow wp-block-query-is-layout-flow\"><ul class=\"is-flex-container columns-2 lista-de-pregones wp-block-post-template is-layout-flow wp-block-post-template-is-layout-flow\"><li class=\"wp-block-post post-7581 post type-post status-publish format-standard has-post-thumbnail hentry category-pregones entry\">\n\n<div class=\"wp-block-group\" style=\"padding-top:30px;padding-right:30px;padding-bottom:30px;padding-left:30px\"><div class=\"wp-block-group__inner-container is-layout-flow wp-block-group-is-layout-flow\"><figure class=\"wp-block-post-featured-image\"><img loading=\"lazy\" decoding=\"async\" width=\"1200\" height=\"675\" src=\"https:\/\/torrelodones.wordcamp.org\/2023\/files\/2023\/03\/Group-22.png\" class=\"attachment-post-thumbnail size-post-thumbnail wp-post-image\" alt=\"\" style=\"width:100%;height:56.25%;max-width:1200px;object-fit:cover;\" srcset=\"https:\/\/torrelodones.wordcamp.org\/2023\/files\/2023\/03\/Group-22.png 1200w, https:\/\/torrelodones.wordcamp.org\/2023\/files\/2023\/03\/Group-22-900x506.png 900w, https:\/\/torrelodones.wordcamp.org\/2023\/files\/2023\/03\/Group-22-768x432.png 768w, https:\/\/torrelodones.wordcamp.org\/2023\/files\/2023\/03\/Group-22-500x281.png 500w\" sizes=\"auto, (max-width: 1200px) 100vw, 1200px\" \/><\/figure>\n\n<h2 class=\"wp-block-post-title\"><a href=\"https:\/\/torrelodones.wordcamp.org\/2023\/lo-que-te-has-perdido\/\" target=\"_self\" >\u00bfNo has venido a la primera WordCamp de Torrelodones? Te contamos lo que te has perdido<\/a><\/h2>\n\n<div class=\"wp-block-post-excerpt\"><p class=\"wp-block-post-excerpt__excerpt\">Tanto si pudiste asistir como si no te fue posible, esperamos contar contigo en la pr\u00f3xima WordCamp Torrelodones 2024. <\/p><\/div>\n\n<div class=\"wp-block-post-date\"><time datetime=\"2023-03-17T10:30:00+01:00\">17\/03\/2023<\/time><\/div><\/div><\/div>\n\n<\/li><li class=\"wp-block-post post-7623 post type-post status-publish format-standard has-post-thumbnail hentry category-pregones entry\">\n\n<div class=\"wp-block-group\" style=\"padding-top:30px;padding-right:30px;padding-bottom:30px;padding-left:30px\"><div class=\"wp-block-group__inner-container is-layout-flow wp-block-group-is-layout-flow\"><figure class=\"wp-block-post-featured-image\"><img loading=\"lazy\" decoding=\"async\" width=\"1200\" height=\"675\" src=\"https:\/\/torrelodones.wordcamp.org\/2023\/files\/2023\/03\/Frame-55.png\" class=\"attachment-post-thumbnail size-post-thumbnail wp-post-image\" alt=\"\" style=\"width:100%;height:56.25%;max-width:1200px;object-fit:cover;\" srcset=\"https:\/\/torrelodones.wordcamp.org\/2023\/files\/2023\/03\/Frame-55.png 1200w, https:\/\/torrelodones.wordcamp.org\/2023\/files\/2023\/03\/Frame-55-900x506.png 900w, https:\/\/torrelodones.wordcamp.org\/2023\/files\/2023\/03\/Frame-55-768x432.png 768w, https:\/\/torrelodones.wordcamp.org\/2023\/files\/2023\/03\/Frame-55-500x281.png 500w\" sizes=\"auto, (max-width: 1200px) 100vw, 1200px\" \/><\/figure>\n\n<h2 class=\"wp-block-post-title\"><a href=\"https:\/\/torrelodones.wordcamp.org\/2023\/wordcamp-torrelodones-no-acaba-hasta-que-no-escribes-sobre-ella\/\" target=\"_self\" >\u00a1WordCamp Torrelodones no acaba hasta que no escribes sobre ella!<\/a><\/h2>\n\n<div class=\"wp-block-post-excerpt\"><p class=\"wp-block-post-excerpt__excerpt\">En WordPress, somos muy de contar y compartir nuestra experiencia en las WordCamps con los dem\u00e1s. <\/p><\/div>\n\n<div class=\"wp-block-post-date\"><time datetime=\"2023-03-15T17:47:25+01:00\">15\/03\/2023<\/time><\/div><\/div><\/div>\n\n<\/li><li class=\"wp-block-post post-7419 post type-post status-publish format-standard has-post-thumbnail hentry category-pregones entry\">\n\n<div class=\"wp-block-group\" style=\"padding-top:30px;padding-right:30px;padding-bottom:30px;padding-left:30px\"><div class=\"wp-block-group__inner-container is-layout-flow wp-block-group-is-layout-flow\"><figure class=\"wp-block-post-featured-image\"><img loading=\"lazy\" decoding=\"async\" width=\"1200\" height=\"675\" src=\"https:\/\/torrelodones.wordcamp.org\/2023\/files\/2022\/11\/post_wabali_trabajando-1.jpg\" class=\"attachment-post-thumbnail size-post-thumbnail wp-post-image\" alt=\"\" style=\"width:100%;height:56.25%;max-width:1200px;object-fit:cover;\" srcset=\"https:\/\/torrelodones.wordcamp.org\/2023\/files\/2022\/11\/post_wabali_trabajando-1.jpg 1200w, https:\/\/torrelodones.wordcamp.org\/2023\/files\/2022\/11\/post_wabali_trabajando-1-900x506.jpg 900w, https:\/\/torrelodones.wordcamp.org\/2023\/files\/2022\/11\/post_wabali_trabajando-1-768x432.jpg 768w, https:\/\/torrelodones.wordcamp.org\/2023\/files\/2022\/11\/post_wabali_trabajando-1-500x281.jpg 500w\" sizes=\"auto, (max-width: 1200px) 100vw, 1200px\" \/><\/figure>\n\n<h2 class=\"wp-block-post-title\"><a href=\"https:\/\/torrelodones.wordcamp.org\/2023\/empieza-la-wctorre\/\" target=\"_self\" >Empieza la #WCTorre<\/a><\/h2>\n\n<div class=\"wp-block-post-excerpt\"><p class=\"wp-block-post-excerpt__excerpt\">Estamos muy felices de inaugurar la WordCamp Torrelodones 2022. Una cita muy especial por ser la primera que se celebra en este municipio madrile\u00f1o. \u00a1Empezamos! <\/p><\/div>\n\n<div class=\"wp-block-post-date\"><time datetime=\"2023-03-11T09:00:00+01:00\">11\/03\/2023<\/time><\/div><\/div><\/div>\n\n<\/li><li class=\"wp-block-post post-7042 post type-post status-publish format-standard has-post-thumbnail hentry category-pregones entry\">\n\n<div class=\"wp-block-group\" style=\"padding-top:30px;padding-right:30px;padding-bottom:30px;padding-left:30px\"><div class=\"wp-block-group__inner-container is-layout-flow wp-block-group-is-layout-flow\"><figure class=\"wp-block-post-featured-image\"><img loading=\"lazy\" decoding=\"async\" width=\"1200\" height=\"675\" src=\"https:\/\/torrelodones.wordcamp.org\/2023\/files\/2023\/03\/Frame-40.jpg\" class=\"attachment-post-thumbnail size-post-thumbnail wp-post-image\" alt=\"\" style=\"width:100%;height:56.25%;max-width:1200px;object-fit:cover;\" srcset=\"https:\/\/torrelodones.wordcamp.org\/2023\/files\/2023\/03\/Frame-40.jpg 1200w, https:\/\/torrelodones.wordcamp.org\/2023\/files\/2023\/03\/Frame-40-900x506.jpg 900w, https:\/\/torrelodones.wordcamp.org\/2023\/files\/2023\/03\/Frame-40-768x432.jpg 768w, https:\/\/torrelodones.wordcamp.org\/2023\/files\/2023\/03\/Frame-40-500x281.jpg 500w\" sizes=\"auto, (max-width: 1200px) 100vw, 1200px\" \/><\/figure>\n\n<h2 class=\"wp-block-post-title\"><a href=\"https:\/\/torrelodones.wordcamp.org\/2023\/conoce-a-nuestros-patrocinadores-bronce\/\" target=\"_self\" >Conoce a nuestros patrocinadores bronce<\/a><\/h2>\n\n<div class=\"wp-block-post-excerpt\"><p class=\"wp-block-post-excerpt__excerpt\">Si est\u00e1s buscando una soluci\u00f3n de comercio electr\u00f3nico, automatizar el trabajo de mantenimiento de webs, buscas una herramienta m\u00e1s r\u00e1pida para construir webs, o necesitas un hosting de confianza ahora tienes la oportunidad. <\/p><\/div>\n\n<div class=\"wp-block-post-date\"><time datetime=\"2023-03-10T11:00:00+01:00\">10\/03\/2023<\/time><\/div><\/div><\/div>\n\n<\/li><li class=\"wp-block-post post-7195 post type-post status-publish format-standard has-post-thumbnail hentry category-pregones entry\">\n\n<div class=\"wp-block-group\" style=\"padding-top:30px;padding-right:30px;padding-bottom:30px;padding-left:30px\"><div class=\"wp-block-group__inner-container is-layout-flow wp-block-group-is-layout-flow\"><figure class=\"wp-block-post-featured-image\"><img loading=\"lazy\" decoding=\"async\" width=\"1200\" height=\"675\" src=\"https:\/\/torrelodones.wordcamp.org\/2023\/files\/2023\/03\/Group-24.png\" class=\"attachment-post-thumbnail size-post-thumbnail wp-post-image\" alt=\"\" style=\"width:100%;height:56.25%;max-width:1200px;object-fit:cover;\" srcset=\"https:\/\/torrelodones.wordcamp.org\/2023\/files\/2023\/03\/Group-24.png 1200w, https:\/\/torrelodones.wordcamp.org\/2023\/files\/2023\/03\/Group-24-900x506.png 900w, https:\/\/torrelodones.wordcamp.org\/2023\/files\/2023\/03\/Group-24-768x432.png 768w, https:\/\/torrelodones.wordcamp.org\/2023\/files\/2023\/03\/Group-24-500x281.png 500w\" sizes=\"auto, (max-width: 1200px) 100vw, 1200px\" \/><\/figure>\n\n<h2 class=\"wp-block-post-title\"><a href=\"https:\/\/torrelodones.wordcamp.org\/2023\/motive-entra-en-wc-torre-como-patrocinador-plata\/\" target=\"_self\" >Motive entra en WC Torre como patrocinador Plata<\/a><\/h2>\n\n<div class=\"wp-block-post-excerpt\"><p class=\"wp-block-post-excerpt__excerpt\">Es una soluci\u00f3n de b\u00fasqueda plug &amp; play para eCommerce dise\u00f1ada con el claro objetivo de ofrecer experiencias de compra \u00fanicas tanto a consumidores como a gestores de tiendas online. <\/p><\/div>\n\n<div class=\"wp-block-post-date\"><time datetime=\"2023-03-09T18:00:00+01:00\">09\/03\/2023<\/time><\/div><\/div><\/div>\n\n<\/li><li class=\"wp-block-post post-7497 post type-post status-publish format-standard has-post-thumbnail hentry category-pregones entry\">\n\n<div class=\"wp-block-group\" style=\"padding-top:30px;padding-right:30px;padding-bottom:30px;padding-left:30px\"><div class=\"wp-block-group__inner-container is-layout-flow wp-block-group-is-layout-flow\"><figure class=\"wp-block-post-featured-image\"><img loading=\"lazy\" decoding=\"async\" width=\"1200\" height=\"675\" src=\"https:\/\/torrelodones.wordcamp.org\/2023\/files\/2023\/03\/Frame-39.jpg\" class=\"attachment-post-thumbnail size-post-thumbnail wp-post-image\" alt=\"\" style=\"width:100%;height:56.25%;max-width:1200px;object-fit:cover;\" srcset=\"https:\/\/torrelodones.wordcamp.org\/2023\/files\/2023\/03\/Frame-39.jpg 1200w, https:\/\/torrelodones.wordcamp.org\/2023\/files\/2023\/03\/Frame-39-900x506.jpg 900w, https:\/\/torrelodones.wordcamp.org\/2023\/files\/2023\/03\/Frame-39-768x432.jpg 768w, https:\/\/torrelodones.wordcamp.org\/2023\/files\/2023\/03\/Frame-39-500x281.jpg 500w\" sizes=\"auto, (max-width: 1200px) 100vw, 1200px\" \/><\/figure>\n\n<h2 class=\"wp-block-post-title\"><a href=\"https:\/\/torrelodones.wordcamp.org\/2023\/guia-para-aprovechar-el-contributor-day\/\" target=\"_self\" >Gu\u00eda para aprovechar el Contributor Day<\/a><\/h2>\n\n<div class=\"wp-block-post-excerpt\"><p class=\"wp-block-post-excerpt__excerpt\">Con nuestra gu\u00eda podr\u00e1s conocer qu\u00e9 se hace exactamente en un Contributor Day, c\u00f3mo se organizan, y c\u00f3mo puedes colaborar como parte de la Comunidad WordPress. <\/p><\/div>\n\n<div class=\"wp-block-post-date\"><time datetime=\"2023-03-09T11:30:00+01:00\">09\/03\/2023<\/time><\/div><\/div><\/div>\n\n<\/li><li class=\"wp-block-post post-7307 post type-post status-publish format-standard has-post-thumbnail hentry category-pregones entry\">\n\n<div class=\"wp-block-group\" style=\"padding-top:30px;padding-right:30px;padding-bottom:30px;padding-left:30px\"><div class=\"wp-block-group__inner-container is-layout-flow wp-block-group-is-layout-flow\"><figure class=\"wp-block-post-featured-image\"><img loading=\"lazy\" decoding=\"async\" width=\"1200\" height=\"675\" src=\"https:\/\/torrelodones.wordcamp.org\/2023\/files\/2023\/03\/Group-24.png\" class=\"attachment-post-thumbnail size-post-thumbnail wp-post-image\" alt=\"\" style=\"width:100%;height:56.25%;max-width:1200px;object-fit:cover;\" srcset=\"https:\/\/torrelodones.wordcamp.org\/2023\/files\/2023\/03\/Group-24.png 1200w, https:\/\/torrelodones.wordcamp.org\/2023\/files\/2023\/03\/Group-24-900x506.png 900w, https:\/\/torrelodones.wordcamp.org\/2023\/files\/2023\/03\/Group-24-768x432.png 768w, https:\/\/torrelodones.wordcamp.org\/2023\/files\/2023\/03\/Group-24-500x281.png 500w\" sizes=\"auto, (max-width: 1200px) 100vw, 1200px\" \/><\/figure>\n\n<h2 class=\"wp-block-post-title\"><a href=\"https:\/\/torrelodones.wordcamp.org\/2023\/conoce-a-yith-patrocinador-plata\/\" target=\"_self\" >Conoce a Yith, patrocinador plata<\/a><\/h2>\n\n<div class=\"wp-block-post-excerpt\"><p class=\"wp-block-post-excerpt__excerpt\">Puedes crear la experiencia en WooCommerce que deseas con plugins flexibles y ricos en funciones. Se complementan entre s\u00ed y se integran con todos los temas, plugins y creadores de p\u00e1ginas populares. <\/p><\/div>\n\n<div class=\"wp-block-post-date\"><time datetime=\"2023-03-09T10:00:00+01:00\">09\/03\/2023<\/time><\/div><\/div><\/div>\n\n<\/li><li class=\"wp-block-post post-7198 post type-post status-publish format-standard has-post-thumbnail hentry category-pregones entry\">\n\n<div class=\"wp-block-group\" style=\"padding-top:30px;padding-right:30px;padding-bottom:30px;padding-left:30px\"><div class=\"wp-block-group__inner-container is-layout-flow wp-block-group-is-layout-flow\"><figure class=\"wp-block-post-featured-image\"><img loading=\"lazy\" decoding=\"async\" width=\"1200\" height=\"675\" src=\"https:\/\/torrelodones.wordcamp.org\/2023\/files\/2023\/03\/Group-24.png\" class=\"attachment-post-thumbnail size-post-thumbnail wp-post-image\" alt=\"\" style=\"width:100%;height:56.25%;max-width:1200px;object-fit:cover;\" srcset=\"https:\/\/torrelodones.wordcamp.org\/2023\/files\/2023\/03\/Group-24.png 1200w, https:\/\/torrelodones.wordcamp.org\/2023\/files\/2023\/03\/Group-24-900x506.png 900w, https:\/\/torrelodones.wordcamp.org\/2023\/files\/2023\/03\/Group-24-768x432.png 768w, https:\/\/torrelodones.wordcamp.org\/2023\/files\/2023\/03\/Group-24-500x281.png 500w\" sizes=\"auto, (max-width: 1200px) 100vw, 1200px\" \/><\/figure>\n\n<h2 class=\"wp-block-post-title\"><a href=\"https:\/\/torrelodones.wordcamp.org\/2023\/raiola-networks-se-une-como-patrocinador-plata\/\" target=\"_self\" >Raiola Networks se une como patrocinador Plata<\/a><\/h2>\n\n<div class=\"wp-block-post-excerpt\"><p class=\"wp-block-post-excerpt__excerpt\">Su objetivo es ayudar a sus clientes a tener \u00e9xito con sus proyectos, ya sean grandes o peque\u00f1os, y a sacarle el m\u00e1ximo partido a WordPress, son expertos y usuarios entusiastas de WordPress. <\/p><\/div>\n\n<div class=\"wp-block-post-date\"><time datetime=\"2023-03-08T18:06:00+01:00\">08\/03\/2023<\/time><\/div><\/div><\/div>\n\n<\/li><li class=\"wp-block-post post-7200 post type-post status-publish format-standard has-post-thumbnail hentry category-pregones entry\">\n\n<div class=\"wp-block-group\" style=\"padding-top:30px;padding-right:30px;padding-bottom:30px;padding-left:30px\"><div class=\"wp-block-group__inner-container is-layout-flow wp-block-group-is-layout-flow\"><figure class=\"wp-block-post-featured-image\"><img loading=\"lazy\" decoding=\"async\" width=\"1200\" height=\"675\" src=\"https:\/\/torrelodones.wordcamp.org\/2023\/files\/2023\/03\/Frame-39-1.png\" class=\"attachment-post-thumbnail size-post-thumbnail wp-post-image\" alt=\"\" style=\"width:100%;height:56.25%;max-width:1200px;object-fit:cover;\" srcset=\"https:\/\/torrelodones.wordcamp.org\/2023\/files\/2023\/03\/Frame-39-1.png 1200w, https:\/\/torrelodones.wordcamp.org\/2023\/files\/2023\/03\/Frame-39-1-900x506.png 900w, https:\/\/torrelodones.wordcamp.org\/2023\/files\/2023\/03\/Frame-39-1-768x432.png 768w, https:\/\/torrelodones.wordcamp.org\/2023\/files\/2023\/03\/Frame-39-1-500x281.png 500w\" sizes=\"auto, (max-width: 1200px) 100vw, 1200px\" \/><\/figure>\n\n<h2 class=\"wp-block-post-title\"><a href=\"https:\/\/torrelodones.wordcamp.org\/2023\/weglot-nuestro-patrocinador-global-oro\/\" target=\"_self\" >Weglot, nuestro patrocinador global Oro<\/a><\/h2>\n\n<div class=\"wp-block-post-excerpt\"><p class=\"wp-block-post-excerpt__excerpt\">Weglot ha simplificado el proceso de traducci\u00f3n de tu web. Con su plugin, tendr\u00e1s una manera segura y f\u00e1cil de hacer que tu sitio de WordPress sea multiling\u00fce en pocos minutos. <\/p><\/div>\n\n<div class=\"wp-block-post-date\"><time datetime=\"2023-03-08T10:00:00+01:00\">08\/03\/2023<\/time><\/div><\/div><\/div>\n\n<\/li><li class=\"wp-block-post post-7121 post type-post status-publish format-standard has-post-thumbnail hentry category-pregones entry\">\n\n<div class=\"wp-block-group\" style=\"padding-top:30px;padding-right:30px;padding-bottom:30px;padding-left:30px\"><div class=\"wp-block-group__inner-container is-layout-flow wp-block-group-is-layout-flow\"><figure class=\"wp-block-post-featured-image\"><img loading=\"lazy\" decoding=\"async\" width=\"1200\" height=\"675\" src=\"https:\/\/torrelodones.wordcamp.org\/2023\/files\/2023\/03\/Frame-39-1.png\" class=\"attachment-post-thumbnail size-post-thumbnail wp-post-image\" alt=\"\" style=\"width:100%;height:56.25%;max-width:1200px;object-fit:cover;\" srcset=\"https:\/\/torrelodones.wordcamp.org\/2023\/files\/2023\/03\/Frame-39-1.png 1200w, https:\/\/torrelodones.wordcamp.org\/2023\/files\/2023\/03\/Frame-39-1-900x506.png 900w, https:\/\/torrelodones.wordcamp.org\/2023\/files\/2023\/03\/Frame-39-1-768x432.png 768w, https:\/\/torrelodones.wordcamp.org\/2023\/files\/2023\/03\/Frame-39-1-500x281.png 500w\" sizes=\"auto, (max-width: 1200px) 100vw, 1200px\" \/><\/figure>\n\n<h2 class=\"wp-block-post-title\"><a href=\"https:\/\/torrelodones.wordcamp.org\/2023\/conociendo-a-siteground-patrocinador-oro\/\" target=\"_self\" >Conociendo a Siteground, patrocinador Oro<\/a><\/h2>\n\n<div class=\"wp-block-post-excerpt\"><p class=\"wp-block-post-excerpt__excerpt\">Ofrecen un Hosting WordPress gestionado ultrarr\u00e1pido, y tambi\u00e9n Hosting Web, Hosting para WooCommerce, Hosting Cloud y Distribuidores para gestionar m\u00faltiples sitios sin volverte loco. <\/p><\/div>\n\n<div class=\"wp-block-post-date\"><time datetime=\"2023-03-07T20:24:00+01:00\">07\/03\/2023<\/time><\/div><\/div><\/div>\n\n<\/li><\/ul><\/div>\n\n\n\n<div style=\"height:150px\" aria-hidden=\"true\" class=\"wp-block-spacer\"><\/div>\n","protected":false},"excerpt":{"rendered":"","protected":false},"author":18652194,"featured_media":0,"parent":0,"menu_order":0,"comment_status":"closed","ping_status":"closed","template":"","meta":{"jetpack_post_was_ever_published":false,"footnotes":""},"class_list":["post-1942","page","type-page","status-publish","hentry","entry"],"jetpack_sharing_enabled":true,"_links":{"self":[{"href":"https:\/\/torrelodones.wordcamp.org\/2023\/wp-json\/wp\/v2\/pages\/1942","targetHints":{"allow":["GET"]}}],"collection":[{"href":"https:\/\/torrelodones.wordcamp.org\/2023\/wp-json\/wp\/v2\/pages"}],"about":[{"href":"https:\/\/torrelodones.wordcamp.org\/2023\/wp-json\/wp\/v2\/types\/page"}],"author":[{"embeddable":true,"href":"https:\/\/torrelodones.wordcamp.org\/2023\/wp-json\/wp\/v2\/users\/18652194"}],"replies":[{"embeddable":true,"href":"https:\/\/torrelodones.wordcamp.org\/2023\/wp-json\/wp\/v2\/comments?post=1942"}],"version-history":[{"count":23,"href":"https:\/\/torrelodones.wordcamp.org\/2023\/wp-json\/wp\/v2\/pages\/1942\/revisions"}],"predecessor-version":[{"id":6590,"href":"https:\/\/torrelodones.wordcamp.org\/2023\/wp-json\/wp\/v2\/pages\/1942\/revisions\/6590"}],"wp:attachment":[{"href":"https:\/\/torrelodones.wordcamp.org\/2023\/wp-json\/wp\/v2\/media?parent=1942"}],"curies":[{"name":"wp","href":"https:\/\/api.w.org\/{rel}","templated":true}]}}