{"id":2570,"date":"2022-11-03T19:32:47","date_gmt":"2022-11-03T18:32:47","guid":{"rendered":"https:\/\/torrelodones.wordcamp.org\/2023\/?page_id=2570"},"modified":"2023-03-07T14:01:58","modified_gmt":"2023-03-07T13:01:58","slug":"ludoteca","status":"publish","type":"page","link":"https:\/\/torrelodones.wordcamp.org\/2023\/ludoteca\/","title":{"rendered":"Ludoteca"},"content":{"rendered":"\n<section class=\"wp-block-group alignfull wct23_section-hero-organizadores wct23_almena-hero\"><div class=\"wp-block-group__inner-container is-layout-constrained wp-block-group-is-layout-constrained\">\n<div class=\"wp-block-group alignfull\"><div class=\"wp-block-group__inner-container is-layout-constrained wp-block-group-is-layout-constrained\">\n<figure class=\"wp-block-image size-full nube_kinton\"><img loading=\"lazy\" decoding=\"async\" width=\"812\" height=\"269\" src=\"https:\/\/torrelodones.wordcamp.org\/2023\/files\/2022\/09\/nube-xl.png\" alt=\"\" class=\"wp-image-572\" srcset=\"https:\/\/torrelodones.wordcamp.org\/2023\/files\/2022\/09\/nube-xl.png 812w, https:\/\/torrelodones.wordcamp.org\/2023\/files\/2022\/09\/nube-xl-300x99.png 300w, https:\/\/torrelodones.wordcamp.org\/2023\/files\/2022\/09\/nube-xl-768x254.png 768w, https:\/\/torrelodones.wordcamp.org\/2023\/files\/2022\/09\/nube-xl-500x166.png 500w\" sizes=\"auto, (max-width: 812px) 100vw, 812px\" \/><\/figure>\n<\/div><\/div>\n\n\n\n<div class=\"wp-block-columns alignfull are-vertically-aligned-center is-layout-flex wp-container-core-columns-is-layout-9d6595d7 wp-block-columns-is-layout-flex\">\n<div class=\"wp-block-column is-vertically-aligned-center wct23_hero-block-content is-layout-flow wp-block-column-is-layout-flow\" style=\"flex-basis:60%\">\n<h1 class=\"wp-block-heading wct23_title-h1 wct23_titulo-hero\">Ludoteca<\/h1>\n<\/div>\n\n\n\n<div class=\"wp-block-column is-vertically-aligned-center wct23_hero-block-image is-layout-flow wp-block-column-is-layout-flow\" style=\"flex-basis:40%\">\n<figure class=\"wp-block-image size-full wct23_imagen-hero\"><img loading=\"lazy\" decoding=\"async\" width=\"1200\" height=\"600\" src=\"https:\/\/torrelodones.wordcamp.org\/2023\/files\/2023\/02\/wabali_ludoteca.png\" alt=\"\" class=\"wp-image-7114\" srcset=\"https:\/\/torrelodones.wordcamp.org\/2023\/files\/2023\/02\/wabali_ludoteca.png 1200w, https:\/\/torrelodones.wordcamp.org\/2023\/files\/2023\/02\/wabali_ludoteca-900x450.png 900w, https:\/\/torrelodones.wordcamp.org\/2023\/files\/2023\/02\/wabali_ludoteca-768x384.png 768w, https:\/\/torrelodones.wordcamp.org\/2023\/files\/2023\/02\/wabali_ludoteca-500x250.png 500w\" sizes=\"auto, (max-width: 1200px) 100vw, 1200px\" \/><\/figure>\n<\/div>\n<\/div>\n<\/div><\/section>\n\n\n\n<div class=\"wp-block-group wct23_ludoteca alignfull has-background\" style=\"background-color:#fff7da\"><div class=\"wp-block-group__inner-container is-layout-constrained wp-block-group-is-layout-constrained\">\n<p>    <br>Los organizadores y organizadoras de WordCamp Torrelodones estamos <strong>comprometidos con la conciliaci\u00f3n familiar<\/strong>. Muchos de nosotros somos padres y madres y somos conscientes de lo complicado que es en ocasiones mantener el equilibrio entre la vida familiar y profesional. <\/p>\n\n\n\n<p>Por este motivo, y pensando en Asistentes, Ponentes, Patrocinadores y Voluntarios, y gracias al patrocinio de Boluda.com, ponemos en marcha un <strong>servicio de Ludoteca gratuito<\/strong>.<\/p>\n\n\n\n<p>Te contamos en qu\u00e9 consiste para que puedas decidir a la hora de sacar tu entrada si quieres venir acompa\u00f1ado de tus peques.<\/p>\n\n\n\n<h2 class=\"wp-block-heading\">Ludoteca infantil<\/h2>\n\n\n\n<p>Tiene como objetivo que los ni\u00f1os y ni\u00f1as asistentes disfruten de un espacio agradable en el que se llevar\u00e1n a cabo juegos y talleres donde se fomentar\u00e1 la participaci\u00f3n grupal. Habr\u00e1 sorpresas, m\u00fasica, baile&#8230; \u00a1y mucha diversi\u00f3n! Tambi\u00e9n contaremos con un espacio para hacer manualidades.<\/p>\n\n\n\n<p>Mientras, los mayores podr\u00e1n disfrutar en los <a href=\"https:\/\/torrelodones.wordcamp.org\/2023\/programa\/\">tracks A y B<\/a> con la tranquilidad de saber que los peques tambi\u00e9n est\u00e1n pas\u00e1ndolo en grande. <\/p>\n\n\n\n<p>Todas las actividades desarrolladas en la Ludoteca cumplir\u00e1n con la normativa vigente en cuanto a protecci\u00f3n y seguridad para que tanto participantes como los dos monitores que dirigir\u00e1n las actividades disfruten de las mismas en un entorno seguro.<\/p>\n\n\n\n<h2 class=\"wp-block-heading\">Para tener en cuenta<\/h2>\n\n\n\n<p>Antes de apuntar a tus peques a la Ludoteca tienes que tener en cuenta lo siguiente:<\/p>\n\n\n\n<ul class=\"wp-block-list\">\n<li>D\u00eda: 11 de marzo (servicio no disponible para Contributor Day)<\/li>\n\n\n\n<li>Hora: de 9 a 18 horas (con pausa para comer a cargo del padre, madre o tutor de los peques)<\/li>\n\n\n\n<li>Edades: de 1 a 12 a\u00f1os<\/li>\n\n\n\n<li>Aforo limitado: Para solicitar plaza en la ludoteca, debes indicarlo en el formulario de inscripci\u00f3n.\u00a0Recuerda que la plaza se reserva por estricto orden de llegada, as\u00ed que cuanto antes compres tu entrada, mejor.<\/li>\n\n\n\n<li>Si tienes alguna duda ponte en <a href=\"https:\/\/torrelodones.wordcamp.org\/2023\/contacto\/\">contacto<\/a> con nosotros.<\/li>\n<\/ul>\n\n\n\n<div class=\"wp-block-columns alignfull is-layout-flex wp-container-core-columns-is-layout-9d6595d7 wp-block-columns-is-layout-flex\"><\/div>\n<\/div><\/div>\n\n\n\n<section class=\"wp-block-group alignfull wct23_sponsors has-background\" style=\"background-color:#fff7da\"><div class=\"wp-block-group__inner-container is-layout-flow wp-block-group-is-layout-flow\">\n<div class=\"wp-block-columns alignfull is-layout-flex wp-container-core-columns-is-layout-9d6595d7 wp-block-columns-is-layout-flex\">\n<div class=\"wp-block-column is-layout-flow wp-block-column-is-layout-flow\">\n<h2 class=\"wp-block-heading has-text-align-center alignfull wct23_title-h2 mt-2\" id=\"patrocinadores-de-la-1\u00aa-wordcamp-torrelodones-2023\">Patrocinadores de la 1\u00aa WordCamp Torrelodones 2023<\/h2>\n\n\n<div class=\"wp-block-image\">\n<figure class=\"aligncenter size-full\" id=\"after-party\"><img loading=\"lazy\" decoding=\"async\" width=\"324\" height=\"110\" src=\"https:\/\/torrelodones.wordcamp.org\/2023\/files\/2023\/02\/Affer-Party.png\" alt=\"\" class=\"wp-image-6905\" title=\"\" \/><\/figure>\n<\/div>\n\n\n<div class=\"wp-block-group listado-patrocinadores listado-patrocinadores-afterparty\"><div class=\"wp-block-group__inner-container is-layout-constrained wp-block-group-is-layout-constrained\">\n<figure class=\"wp-block-image size-full patrocinador\"><a href=\"https:\/\/www.piensasolutions.com\/wordpress\/\" target=\"_blank\" rel=\"noreferrer noopener nofollow\"><img loading=\"lazy\" decoding=\"async\" width=\"800\" height=\"300\" src=\"https:\/\/torrelodones.wordcamp.org\/2023\/files\/2023\/01\/logo-piensa-patrocinadores.png\" alt=\"\" class=\"wp-image-6055\" srcset=\"https:\/\/torrelodones.wordcamp.org\/2023\/files\/2023\/01\/logo-piensa-patrocinadores.png 800w, https:\/\/torrelodones.wordcamp.org\/2023\/files\/2023\/01\/logo-piensa-patrocinadores-768x288.png 768w, https:\/\/torrelodones.wordcamp.org\/2023\/files\/2023\/01\/logo-piensa-patrocinadores-500x188.png 500w\" sizes=\"auto, (max-width: 800px) 100vw, 800px\" \/><\/a><\/figure>\n<\/div><\/div>\n\n\n<div class=\"wp-block-image\">\n<figure class=\"aligncenter size-full\" id=\"globales\"><img loading=\"lazy\" decoding=\"async\" width=\"324\" height=\"110\" src=\"https:\/\/torrelodones.wordcamp.org\/2023\/files\/2022\/11\/patrocinador-oro-2.png\" alt=\"\" class=\"wp-image-5005\" title=\"\" \/><\/figure>\n<\/div>\n\n\n<div class=\"wp-block-group listado-patrocinadores listado-patrocinadores_bg-Azul listado-patrocinadores-globales\"><div class=\"wp-block-group__inner-container is-layout-constrained wp-block-group-is-layout-constrained\">\n<figure class=\"wp-block-image size-full patrocinador\"><a href=\"https:\/\/www.lucushost.com\/\" target=\"_blank\" rel=\"noreferrer noopener nofollow\"><img loading=\"lazy\" decoding=\"async\" width=\"800\" height=\"300\" src=\"https:\/\/torrelodones.wordcamp.org\/2023\/files\/2023\/01\/logo-lucushost-scaled-1.png\" alt=\"\" class=\"wp-image-5874\" srcset=\"https:\/\/torrelodones.wordcamp.org\/2023\/files\/2023\/01\/logo-lucushost-scaled-1.png 800w, https:\/\/torrelodones.wordcamp.org\/2023\/files\/2023\/01\/logo-lucushost-scaled-1-768x288.png 768w, https:\/\/torrelodones.wordcamp.org\/2023\/files\/2023\/01\/logo-lucushost-scaled-1-500x188.png 500w\" sizes=\"auto, (max-width: 800px) 100vw, 800px\" \/><\/a><\/figure>\n\n\n\n<figure class=\"wp-block-image size-full patrocinador\"><a href=\"https:\/\/www.arsys.es\/\" target=\"_blank\" rel=\"noreferrer noopener nofollow\"><img decoding=\"async\" src=\"https:\/\/torrelodones.wordcamp.org\/2023\/files\/2023\/01\/logo-arsys-patrocinadores.png\" alt=\"\" class=\"wp-image-6051\" \/><\/a><\/figure>\n\n\n\n<figure class=\"wp-block-image size-full patrocinador\"><a href=\"https:\/\/www.siteground.es\/\" target=\"_blank\" rel=\"noreferrer noopener nofollow\"><img loading=\"lazy\" decoding=\"async\" width=\"800\" height=\"300\" src=\"https:\/\/torrelodones.wordcamp.org\/2023\/files\/2023\/02\/logo-siteground-patrocinadores.png\" alt=\"\" class=\"wp-image-6478\" srcset=\"https:\/\/torrelodones.wordcamp.org\/2023\/files\/2023\/02\/logo-siteground-patrocinadores.png 800w, https:\/\/torrelodones.wordcamp.org\/2023\/files\/2023\/02\/logo-siteground-patrocinadores-768x288.png 768w, https:\/\/torrelodones.wordcamp.org\/2023\/files\/2023\/02\/logo-siteground-patrocinadores-500x188.png 500w\" sizes=\"auto, (max-width: 800px) 100vw, 800px\" \/><\/a><\/figure>\n\n\n\n<figure class=\"wp-block-image size-full patrocinador\"><a href=\"https:\/\/www.godaddy.com\/hosting\/wordpress-hosting?isc=gdrockstar&amp;utm_source=wcglobal%5b%E2%80%A6%5dcampaign=en-us_events_prg_awa_partners_part_wcsponsordesc_001\" target=\"_blank\" rel=\"noreferrer noopener nofollow\"><img loading=\"lazy\" decoding=\"async\" width=\"800\" height=\"300\" src=\"https:\/\/torrelodones.wordcamp.org\/2023\/files\/2023\/02\/logo-godaddy.png-800x300-1.png\" alt=\"\" class=\"wp-image-6884\" srcset=\"https:\/\/torrelodones.wordcamp.org\/2023\/files\/2023\/02\/logo-godaddy.png-800x300-1.png 800w, https:\/\/torrelodones.wordcamp.org\/2023\/files\/2023\/02\/logo-godaddy.png-800x300-1-768x288.png 768w, https:\/\/torrelodones.wordcamp.org\/2023\/files\/2023\/02\/logo-godaddy.png-800x300-1-500x188.png 500w\" sizes=\"auto, (max-width: 800px) 100vw, 800px\" \/><\/a><\/figure>\n\n\n\n<figure class=\"wp-block-image size-full patrocinador\"><a href=\"https:\/\/www.bluehost.com\/\" target=\"_blank\" rel=\"noreferrer noopener nofollow\"><img loading=\"lazy\" decoding=\"async\" width=\"800\" height=\"300\" src=\"https:\/\/torrelodones.wordcamp.org\/2023\/files\/2022\/12\/bluehost.png\" alt=\"\" class=\"wp-image-5358\" srcset=\"https:\/\/torrelodones.wordcamp.org\/2023\/files\/2022\/12\/bluehost.png 800w, https:\/\/torrelodones.wordcamp.org\/2023\/files\/2022\/12\/bluehost-768x288.png 768w, https:\/\/torrelodones.wordcamp.org\/2023\/files\/2022\/12\/bluehost-500x188.png 500w\" sizes=\"auto, (max-width: 800px) 100vw, 800px\" \/><\/a><\/figure>\n\n\n\n<figure class=\"wp-block-image size-full patrocinador\"><a href=\"https:\/\/weglot.com\/es\/\" target=\"_blank\" rel=\"noreferrer noopener nofollow\"><img loading=\"lazy\" decoding=\"async\" width=\"800\" height=\"300\" src=\"https:\/\/torrelodones.wordcamp.org\/2023\/files\/2022\/12\/Weglot.png\" alt=\"\" class=\"wp-image-5362\" srcset=\"https:\/\/torrelodones.wordcamp.org\/2023\/files\/2022\/12\/Weglot.png 800w, https:\/\/torrelodones.wordcamp.org\/2023\/files\/2022\/12\/Weglot-768x288.png 768w, https:\/\/torrelodones.wordcamp.org\/2023\/files\/2022\/12\/Weglot-500x188.png 500w\" sizes=\"auto, (max-width: 800px) 100vw, 800px\" \/><\/a><\/figure>\n\n\n\n<figure class=\"wp-block-image size-full patrocinador\"><a href=\"https:\/\/wordpress.com\/\" target=\"_blank\" rel=\"noreferrer noopener nofollow\"><img loading=\"lazy\" decoding=\"async\" width=\"800\" height=\"300\" src=\"https:\/\/torrelodones.wordcamp.org\/2023\/files\/2022\/12\/WordPress.com_.png\" alt=\"\" class=\"wp-image-5364\" srcset=\"https:\/\/torrelodones.wordcamp.org\/2023\/files\/2022\/12\/WordPress.com_.png 800w, https:\/\/torrelodones.wordcamp.org\/2023\/files\/2022\/12\/WordPress.com_-768x288.png 768w, https:\/\/torrelodones.wordcamp.org\/2023\/files\/2022\/12\/WordPress.com_-500x188.png 500w\" sizes=\"auto, (max-width: 800px) 100vw, 800px\" \/><\/a><\/figure>\n<\/div><\/div>\n\n\n<div class=\"wp-block-image\">\n<figure class=\"aligncenter size-full\" id=\"plata\"><img loading=\"lazy\" decoding=\"async\" width=\"324\" height=\"110\" src=\"https:\/\/torrelodones.wordcamp.org\/2023\/files\/2022\/11\/patrocinador-plata-2.png\" alt=\"\" class=\"wp-image-5003\" title=\"\" \/><\/figure>\n<\/div>\n\n\n<div class=\"wp-block-group listado-patrocinadores listado-patrocinadores_bg-Azul listado-patrocinadores-plata\"><div class=\"wp-block-group__inner-container is-layout-constrained wp-block-group-is-layout-constrained\">\n<figure class=\"wp-block-image size-full patrocinador\"><a href=\"https:\/\/raiolanetworks.es\/\" target=\"_blank\" rel=\"noreferrer noopener nofollow\"><img loading=\"lazy\" decoding=\"async\" width=\"800\" height=\"300\" src=\"https:\/\/torrelodones.wordcamp.org\/2023\/files\/2023\/01\/patrocinador-raiola.png\" alt=\"\" class=\"wp-image-5981\" srcset=\"https:\/\/torrelodones.wordcamp.org\/2023\/files\/2023\/01\/patrocinador-raiola.png 800w, https:\/\/torrelodones.wordcamp.org\/2023\/files\/2023\/01\/patrocinador-raiola-768x288.png 768w, https:\/\/torrelodones.wordcamp.org\/2023\/files\/2023\/01\/patrocinador-raiola-500x188.png 500w\" sizes=\"auto, (max-width: 800px) 100vw, 800px\" \/><\/a><\/figure>\n\n\n\n<figure class=\"wp-block-image size-full patrocinador\"><a href=\"https:\/\/yithemes.com\/es\/\" target=\"_blank\" rel=\"noreferrer noopener nofollow\"><img loading=\"lazy\" decoding=\"async\" width=\"800\" height=\"300\" src=\"https:\/\/torrelodones.wordcamp.org\/2023\/files\/2023\/01\/logo_patrocinador_yith.png\" alt=\"\" class=\"wp-image-5997\" srcset=\"https:\/\/torrelodones.wordcamp.org\/2023\/files\/2023\/01\/logo_patrocinador_yith.png 800w, https:\/\/torrelodones.wordcamp.org\/2023\/files\/2023\/01\/logo_patrocinador_yith-768x288.png 768w, https:\/\/torrelodones.wordcamp.org\/2023\/files\/2023\/01\/logo_patrocinador_yith-500x188.png 500w\" sizes=\"auto, (max-width: 800px) 100vw, 800px\" \/><\/a><\/figure>\n\n\n\n<figure class=\"wp-block-image size-full patrocinador\"><a href=\"https:\/\/www.motive.co\/es?utm_campaign=WordCamp+Torrelodones&amp;utm_source=website&amp;utm_medium=event\" target=\"_blank\" rel=\"noreferrer noopener nofollow\"><img loading=\"lazy\" decoding=\"async\" width=\"800\" height=\"300\" src=\"https:\/\/torrelodones.wordcamp.org\/2023\/files\/2023\/02\/Logotype_motive_positive.png\" alt=\"\" class=\"wp-image-6838\" srcset=\"https:\/\/torrelodones.wordcamp.org\/2023\/files\/2023\/02\/Logotype_motive_positive.png 800w, https:\/\/torrelodones.wordcamp.org\/2023\/files\/2023\/02\/Logotype_motive_positive-768x288.png 768w, https:\/\/torrelodones.wordcamp.org\/2023\/files\/2023\/02\/Logotype_motive_positive-500x188.png 500w\" sizes=\"auto, (max-width: 800px) 100vw, 800px\" \/><\/a><\/figure>\n<\/div><\/div>\n\n\n<div class=\"wp-block-image\">\n<figure class=\"aligncenter size-full\" id=\"bronce\"><img loading=\"lazy\" decoding=\"async\" width=\"324\" height=\"110\" src=\"https:\/\/torrelodones.wordcamp.org\/2023\/files\/2022\/11\/patrocinador-bronce-2.png\" alt=\"\" class=\"wp-image-5007\" title=\"\" \/><\/figure>\n<\/div>\n\n\n<div class=\"wp-block-group listado-patrocinadores listado-patrocinadores_bg-Azul listado-patrocinadores-bronce\"><div class=\"wp-block-group__inner-container is-layout-constrained wp-block-group-is-layout-constrained\">\n<figure class=\"wp-block-image size-full patrocinador patrocinador-bronce\"><a href=\"https:\/\/cubewp.com\/\" target=\"_blank\" rel=\"noreferrer noopener\"><img loading=\"lazy\" decoding=\"async\" width=\"800\" height=\"300\" src=\"https:\/\/torrelodones.wordcamp.org\/2023\/files\/2023\/02\/logo-CubeWP-patrocinadores-2.png\" alt=\"\" class=\"wp-image-6733\" srcset=\"https:\/\/torrelodones.wordcamp.org\/2023\/files\/2023\/02\/logo-CubeWP-patrocinadores-2.png 800w, https:\/\/torrelodones.wordcamp.org\/2023\/files\/2023\/02\/logo-CubeWP-patrocinadores-2-768x288.png 768w, https:\/\/torrelodones.wordcamp.org\/2023\/files\/2023\/02\/logo-CubeWP-patrocinadores-2-500x188.png 500w\" sizes=\"auto, (max-width: 800px) 100vw, 800px\" \/><\/a><\/figure>\n\n\n\n<figure class=\"wp-block-image size-full patrocinador patrocinador-bronce\"><a href=\"https:\/\/www.webempresa.com\/\" target=\"_blank\" rel=\"noreferrer noopener nofollow\"><img loading=\"lazy\" decoding=\"async\" width=\"801\" height=\"300\" src=\"https:\/\/torrelodones.wordcamp.org\/2023\/files\/2023\/02\/logo-webempresa-patrocinadores.png\" alt=\"\" class=\"wp-image-6611\" srcset=\"https:\/\/torrelodones.wordcamp.org\/2023\/files\/2023\/02\/logo-webempresa-patrocinadores.png 801w, https:\/\/torrelodones.wordcamp.org\/2023\/files\/2023\/02\/logo-webempresa-patrocinadores-768x288.png 768w, https:\/\/torrelodones.wordcamp.org\/2023\/files\/2023\/02\/logo-webempresa-patrocinadores-500x187.png 500w\" sizes=\"auto, (max-width: 801px) 100vw, 801px\" \/><\/a><\/figure>\n\n\n\n<figure class=\"wp-block-image size-full patrocinador patrocinador-bronce\"><a href=\"https:\/\/modulards.com\/\" target=\"_blank\" rel=\"noreferrer noopener nofollow\"><img loading=\"lazy\" decoding=\"async\" width=\"800\" height=\"300\" src=\"https:\/\/torrelodones.wordcamp.org\/2023\/files\/2023\/02\/Modular-DS-logo-1.png\" alt=\"\" class=\"wp-image-6824\" srcset=\"https:\/\/torrelodones.wordcamp.org\/2023\/files\/2023\/02\/Modular-DS-logo-1.png 800w, https:\/\/torrelodones.wordcamp.org\/2023\/files\/2023\/02\/Modular-DS-logo-1-768x288.png 768w, https:\/\/torrelodones.wordcamp.org\/2023\/files\/2023\/02\/Modular-DS-logo-1-500x188.png 500w\" sizes=\"auto, (max-width: 800px) 100vw, 800px\" \/><\/a><\/figure>\n\n\n\n<figure class=\"wp-block-image size-full patrocinador patrocinador-bronce\"><a href=\"https:\/\/woocommerce.com\/\" target=\"_blank\" rel=\"noreferrer noopener nofollow\"><img loading=\"lazy\" decoding=\"async\" width=\"800\" height=\"300\" src=\"https:\/\/torrelodones.wordcamp.org\/2023\/files\/2022\/12\/WooCommerce.png\" alt=\"\" class=\"wp-image-5365\" srcset=\"https:\/\/torrelodones.wordcamp.org\/2023\/files\/2022\/12\/WooCommerce.png 800w, https:\/\/torrelodones.wordcamp.org\/2023\/files\/2022\/12\/WooCommerce-768x288.png 768w, https:\/\/torrelodones.wordcamp.org\/2023\/files\/2022\/12\/WooCommerce-500x188.png 500w\" sizes=\"auto, (max-width: 800px) 100vw, 800px\" \/><\/a><\/figure>\n<\/div><\/div>\n\n\n<div class=\"wp-block-image\">\n<figure class=\"aligncenter size-full\" id=\"ludoteca\"><img loading=\"lazy\" decoding=\"async\" width=\"324\" height=\"110\" src=\"https:\/\/torrelodones.wordcamp.org\/2023\/files\/2022\/11\/ludoteca.png\" alt=\"\" class=\"wp-image-4586\" \/><\/figure>\n<\/div>\n\n\n<div class=\"wp-block-group listado-patrocinadores listado-patrocinadores_bg-Azul listado-patrocinadores-ludoteca\"><div class=\"wp-block-group__inner-container is-layout-constrained wp-block-group-is-layout-constrained\"><div class=\"wp-block-image patrocinador patrocinador-ludoteca\">\n<figure class=\"aligncenter size-full\"><a href=\"https:\/\/boluda.com\/\" target=\"_blank\" rel=\"noreferrer noopener nofollow\"><img loading=\"lazy\" decoding=\"async\" width=\"300\" height=\"113\" src=\"https:\/\/torrelodones.wordcamp.org\/2023\/files\/2022\/12\/Boluda.com_.png\" alt=\"\" class=\"wp-image-5368\" \/><\/a><\/figure>\n<\/div><\/div><\/div>\n\n\n<div class=\"wp-block-image\">\n<figure class=\"aligncenter size-full\" id=\"en-especie\"><img loading=\"lazy\" decoding=\"async\" width=\"329\" height=\"164\" src=\"https:\/\/torrelodones.wordcamp.org\/2023\/files\/2022\/11\/colaboradores-en-especie.png\" alt=\"\" class=\"wp-image-4578\" \/><\/figure>\n<\/div>\n\n\n<div class=\"wp-block-group listado-patrocinadores listado-patrocinadores_bg-Azul listado-patrocinadores-en-especie\"><div class=\"wp-block-group__inner-container is-layout-constrained wp-block-group-is-layout-constrained\">\n<figure class=\"wp-block-image size-full patrocinador patrocinador-especie\"><a href=\"https:\/\/www.torrelodones.es\/desarrollo-local\" target=\"_blank\" rel=\"noreferrer noopener\"><img loading=\"lazy\" decoding=\"async\" width=\"300\" height=\"113\" src=\"https:\/\/torrelodones.wordcamp.org\/2023\/files\/2023\/02\/escudo_ayto_torre.png\" alt=\"\" class=\"wp-image-6738\" \/><\/a><\/figure>\n\n\n\n<figure class=\"wp-block-image size-full patrocinador patrocinador-especie\"><a href=\"https:\/\/teatrofernandezbaldor.com\/\" target=\"_blank\" rel=\"noreferrer noopener\"><img loading=\"lazy\" decoding=\"async\" width=\"300\" height=\"113\" src=\"https:\/\/torrelodones.wordcamp.org\/2023\/files\/2023\/02\/teatro-fernandez-baldor.png\" alt=\"\" class=\"wp-image-6901\" \/><\/a><\/figure>\n\n\n\n<figure class=\"wp-block-image size-full patrocinador patrocinador-especie\"><a href=\"https:\/\/www.desafiodigital.es\/\" target=\"_blank\" rel=\"noreferrer noopener\"><img loading=\"lazy\" decoding=\"async\" width=\"300\" height=\"113\" src=\"https:\/\/torrelodones.wordcamp.org\/2023\/files\/2022\/12\/desafio_digital.png\" alt=\"\" class=\"wp-image-5613\" \/><\/a><\/figure>\n\n\n\n<figure class=\"wp-block-image size-full patrocinador patrocinador-especie\"><a href=\"https:\/\/metricool.com\/es\/\" target=\"_blank\" rel=\"noreferrer noopener\"><img loading=\"lazy\" decoding=\"async\" width=\"300\" height=\"113\" src=\"https:\/\/torrelodones.wordcamp.org\/2023\/files\/2022\/12\/metricool.png\" alt=\"\" class=\"wp-image-5369\" \/><\/a><\/figure>\n\n\n\n<figure class=\"wp-block-image size-full patrocinador patrocinador-especie\"><a href=\"https:\/\/mule.to\/p3md\" target=\"_blank\" rel=\"noreferrer noopener\"><img loading=\"lazy\" decoding=\"async\" width=\"300\" height=\"113\" src=\"https:\/\/torrelodones.wordcamp.org\/2023\/files\/2022\/12\/stickermule.png\" alt=\"\" class=\"wp-image-5391\" \/><\/a><\/figure>\n\n\n\n<figure class=\"wp-block-image size-full patrocinador patrocinador-especie\"><a href=\"http:\/\/www.robotstxt.es\" target=\"_blank\" rel=\"noreferrer noopener\"><img loading=\"lazy\" decoding=\"async\" width=\"300\" height=\"113\" src=\"https:\/\/torrelodones.wordcamp.org\/2023\/files\/2022\/12\/RobotsTXT.png\" alt=\"\" class=\"wp-image-5371\" \/><\/a><\/figure>\n\n\n\n<figure class=\"wp-block-image size-full patrocinador patrocinador-especie\"><a href=\"https:\/\/eove.es\/\" target=\"_blank\" rel=\"noreferrer noopener\"><img loading=\"lazy\" decoding=\"async\" width=\"300\" height=\"113\" src=\"https:\/\/torrelodones.wordcamp.org\/2023\/files\/2023\/02\/eove-logo.png\" alt=\"\" class=\"wp-image-6889\" \/><\/a><\/figure>\n<\/div><\/div>\n<\/div>\n<\/div>\n\n\n\n<div style=\"height:100px\" aria-hidden=\"true\" class=\"wp-block-spacer\"><\/div>\n<\/div><\/section>\n","protected":false},"excerpt":{"rendered":"<p>Ludoteca Los organizadores y organizadoras de WordCamp Torrelodones estamos comprometidos con la conciliaci\u00f3n familiar. Muchos de nosotros somos padres y madres y somos conscientes de lo complicado que es en ocasiones mantener el equilibrio entre la vida familiar y profesional. Por este motivo, y pensando en Asistentes, Ponentes, Patrocinadores y Voluntarios, y gracias al patrocinio&hellip; <a class=\"more-link\" href=\"https:\/\/torrelodones.wordcamp.org\/2023\/ludoteca\/\">Seguir leyendo <span class=\"screen-reader-text\">Ludoteca<\/span><\/a><\/p>\n","protected":false},"author":17752618,"featured_media":0,"parent":0,"menu_order":0,"comment_status":"closed","ping_status":"closed","template":"","meta":{"jetpack_post_was_ever_published":false,"footnotes":""},"class_list":["post-2570","page","type-page","status-publish","hentry","entry"],"jetpack_sharing_enabled":true,"_links":{"self":[{"href":"https:\/\/torrelodones.wordcamp.org\/2023\/wp-json\/wp\/v2\/pages\/2570","targetHints":{"allow":["GET"]}}],"collection":[{"href":"https:\/\/torrelodones.wordcamp.org\/2023\/wp-json\/wp\/v2\/pages"}],"about":[{"href":"https:\/\/torrelodones.wordcamp.org\/2023\/wp-json\/wp\/v2\/types\/page"}],"author":[{"embeddable":true,"href":"https:\/\/torrelodones.wordcamp.org\/2023\/wp-json\/wp\/v2\/users\/17752618"}],"replies":[{"embeddable":true,"href":"https:\/\/torrelodones.wordcamp.org\/2023\/wp-json\/wp\/v2\/comments?post=2570"}],"version-history":[{"count":40,"href":"https:\/\/torrelodones.wordcamp.org\/2023\/wp-json\/wp\/v2\/pages\/2570\/revisions"}],"predecessor-version":[{"id":7433,"href":"https:\/\/torrelodones.wordcamp.org\/2023\/wp-json\/wp\/v2\/pages\/2570\/revisions\/7433"}],"wp:attachment":[{"href":"https:\/\/torrelodones.wordcamp.org\/2023\/wp-json\/wp\/v2\/media?parent=2570"}],"curies":[{"name":"wp","href":"https:\/\/api.w.org\/{rel}","templated":true}]}}