{"id":5721,"date":"2023-01-09T13:07:41","date_gmt":"2023-01-09T12:07:41","guid":{"rendered":"https:\/\/torrelodones.wordcamp.org\/2023\/?page_id=5721"},"modified":"2023-02-04T20:03:50","modified_gmt":"2023-02-04T19:03:50","slug":"donde-alojarse","status":"publish","type":"page","link":"https:\/\/torrelodones.wordcamp.org\/2023\/donde-alojarse\/","title":{"rendered":"D\u00f3nde alojarse"},"content":{"rendered":"\n<p>Para disfrutar a pleno rendimiento de la WordCamp lo mejor es estar alojados lo m\u00e1s cerca posible del lugar de celebraci\u00f3n del evento.&nbsp;<\/p>\n\n\n\n<p>Hemos seleccionado para vosotros los 10 hoteles m\u00e1s cercanos al pueblo. Sin embargo, deb\u00e9is ser r\u00e1pidos con vuestras reservas, ya que por marzo comienza a hacer buen tiempo por la Sierra y el pueblo se convierte en un lugar muy transitado por domingueros.<\/p>\n\n\n\n<p>Existe tambi\u00e9n la opci\u00f3n de alquilar entre varios una casa o alojamiento por la zona de Los Pe\u00f1ascales o alrededores, que suelen estar muy bien equipadas.<\/p>\n\n\n\n<p>Vamos all\u00e1 con los hoteles.<\/p>\n\n\n\n<div style=\"height:100px\" aria-hidden=\"true\" class=\"wp-block-spacer\"><\/div>\n\n\n\n<h2 class=\"wp-block-heading alignwide has-text-align-left\"><strong>Hotel Pax Torrelodones<\/strong> (<strong>60-70\u20ac noche<\/strong>)<\/h2>\n\n\n\n<div class=\"wp-block-media-text alignwide is-stacked-on-mobile is-vertically-aligned-top\"><figure class=\"wp-block-media-text__media\"><img loading=\"lazy\" decoding=\"async\" width=\"576\" height=\"756\" src=\"https:\/\/torrelodones.wordcamp.org\/2023\/files\/2023\/01\/hotel-pax-torrelodones.png\" alt=\"\" class=\"wp-image-5744 size-full\" srcset=\"https:\/\/torrelodones.wordcamp.org\/2023\/files\/2023\/01\/hotel-pax-torrelodones.png 576w, https:\/\/torrelodones.wordcamp.org\/2023\/files\/2023\/01\/hotel-pax-torrelodones-229x300.png 229w\" sizes=\"auto, (max-width: 576px) 100vw, 576px\" \/><\/figure><div class=\"wp-block-media-text__content\">\n<div class=\"wp-block-group\"><div class=\"wp-block-group__inner-container is-layout-constrained wp-block-group-is-layout-constrained\">\n<p><strong>C. de Ribadeo, s\/n, 28250 Torrelodones, Madrid <\/strong><\/p>\n\n\n\n<p><strong>Tel\u00e9fono: 918 40 66 06<\/strong><\/p>\n\n\n\n<p>Es adem\u00e1s el lugar de celebraci\u00f3n de la cena de voluntarios y ponentes. Contamos con un c\u00f3digo del 7% de descuento en la reserva llamando por tel\u00e9fono o por email indicando que es para la WordCamp de Torrelodones.<\/p>\n\n\n\n<p>Las habitaciones son amplias y las instalaciones est\u00e1n cuidadas.<\/p>\n\n\n\n<p><a href=\"https:\/\/www.paxhoteles.com\/es\/hotel-pax-torrelodones\/\" target=\"_blank\" rel=\"noreferrer noopener\">https:\/\/www.paxhoteles.com\/es\/hotel-pax-torrelodones\/<\/a><\/p>\n<\/div><\/div>\n<\/div><\/div>\n\n\n\n<div style=\"height:100px\" aria-hidden=\"true\" class=\"wp-block-spacer\"><\/div>\n\n\n\n<h2 class=\"wp-block-heading alignwide has-text-align-left\"><strong>Hotel Plaza Las Matas (60-70\u20ac noche)<\/strong><\/h2>\n\n\n\n<div class=\"wp-block-media-text alignwide is-stacked-on-mobile is-vertically-aligned-top\"><figure class=\"wp-block-media-text__media\"><img loading=\"lazy\" decoding=\"async\" width=\"576\" height=\"756\" src=\"https:\/\/torrelodones.wordcamp.org\/2023\/files\/2023\/01\/hotel-plaza-lasmatas-madrid.png\" alt=\"\" class=\"wp-image-5749 size-full\" srcset=\"https:\/\/torrelodones.wordcamp.org\/2023\/files\/2023\/01\/hotel-plaza-lasmatas-madrid.png 576w, https:\/\/torrelodones.wordcamp.org\/2023\/files\/2023\/01\/hotel-plaza-lasmatas-madrid-229x300.png 229w\" sizes=\"auto, (max-width: 576px) 100vw, 576px\" \/><\/figure><div class=\"wp-block-media-text__content\">\n<div class=\"wp-block-group\"><div class=\"wp-block-group__inner-container is-layout-constrained wp-block-group-is-layout-constrained\">\n<p><strong>C. Mart\u00edn Iriarte, 2F, 28290 Las Rozas de Madrid, Madrid <\/strong><\/p>\n\n\n\n<p><strong>Tel\u00e9fono: 916 30 75 70<\/strong><\/p>\n\n\n\n<p><a href=\"http:\/\/hotelplazalasmatas.com\/\" target=\"_blank\" rel=\"noreferrer noopener\">http:\/\/hotelplazalasmatas.com\/<\/a><\/p>\n<\/div><\/div>\n\n\n\n<p><\/p>\n<\/div><\/div>\n\n\n\n<div style=\"height:100px\" aria-hidden=\"true\" class=\"wp-block-spacer\"><\/div>\n\n\n\n<h2 class=\"wp-block-heading alignwide has-text-align-left\"><strong>Exe Gran Hotel Almenar (90-100\u20ac noche)<\/strong><\/h2>\n\n\n\n<div class=\"wp-block-media-text alignwide is-stacked-on-mobile is-vertically-aligned-top\"><figure class=\"wp-block-media-text__media\"><img loading=\"lazy\" decoding=\"async\" width=\"576\" height=\"756\" src=\"https:\/\/torrelodones.wordcamp.org\/2023\/files\/2023\/01\/hotel-exe-gran-almenar-lasrozas.png\" alt=\"\" class=\"wp-image-5753 size-full\" srcset=\"https:\/\/torrelodones.wordcamp.org\/2023\/files\/2023\/01\/hotel-exe-gran-almenar-lasrozas.png 576w, https:\/\/torrelodones.wordcamp.org\/2023\/files\/2023\/01\/hotel-exe-gran-almenar-lasrozas-229x300.png 229w\" sizes=\"auto, (max-width: 576px) 100vw, 576px\" \/><\/figure><div class=\"wp-block-media-text__content\">\n<div class=\"wp-block-group\"><div class=\"wp-block-group__inner-container is-layout-constrained wp-block-group-is-layout-constrained\">\n<p><strong>C. Jara\u00edz, 1, 28290 Madrid <\/strong><\/p>\n\n\n\n<p><strong>Tel\u00e9fono: 916 30 81 28<\/strong><\/p>\n\n\n\n<p>Tenemos un c\u00f3digo del 10% de descuento para un m\u00e1ximo de 40 habitaciones reservadas a trav\u00e9s de su p\u00e1gina web: <\/p>\n\n\n\n<p>WORDCAMPTORRELODONES&nbsp;<\/p>\n\n\n\n<p><a href=\"https:\/\/www.eurostarshotels.com\/exe-gran-hotel-almenar.html\">https:\/\/www.eurostarshotels.com\/exe-gran-hotel-almenar.html<\/a><\/p>\n<\/div><\/div>\n<\/div><\/div>\n\n\n\n<div style=\"height:100px\" aria-hidden=\"true\" class=\"wp-block-spacer\"><\/div>\n\n\n\n<h2 class=\"wp-block-heading alignwide has-text-align-left\"><strong>B&amp;B Hotel Madrid Las Rozas (60-70\u20ac noche)<\/strong><\/h2>\n\n\n\n<div class=\"wp-block-media-text alignwide is-stacked-on-mobile is-vertically-aligned-top\"><figure class=\"wp-block-media-text__media\"><img loading=\"lazy\" decoding=\"async\" width=\"576\" height=\"756\" src=\"https:\/\/torrelodones.wordcamp.org\/2023\/files\/2023\/01\/BB-Hotel-Madrid-Las-Rozas.png\" alt=\"\" class=\"wp-image-5755 size-full\" srcset=\"https:\/\/torrelodones.wordcamp.org\/2023\/files\/2023\/01\/BB-Hotel-Madrid-Las-Rozas.png 576w, https:\/\/torrelodones.wordcamp.org\/2023\/files\/2023\/01\/BB-Hotel-Madrid-Las-Rozas-229x300.png 229w\" sizes=\"auto, (max-width: 576px) 100vw, 576px\" \/><\/figure><div class=\"wp-block-media-text__content\">\n<div class=\"wp-block-group\"><div class=\"wp-block-group__inner-container is-layout-constrained wp-block-group-is-layout-constrained\">\n<p><strong>C. Per\u00fa, 2, 28290 Las Rozas de Madrid, Madrid <\/strong><\/p>\n\n\n\n<p><strong>Tel\u00e9fono: 916 30 17 17<\/strong><\/p>\n\n\n\n<p><a href=\"https:\/\/www.hotel-bb.com\/es\">https:\/\/www.hotel-bb.com\/es<\/a><\/p>\n<\/div><\/div>\n<\/div><\/div>\n\n\n\n<div style=\"height:100px\" aria-hidden=\"true\" class=\"wp-block-spacer\"><\/div>\n\n\n\n<h2 class=\"wp-block-heading alignwide\"><strong>Gran Hotel Attica 21 Las Rozas (90-100\u20ac noche)<\/strong><\/h2>\n\n\n\n<div class=\"wp-block-media-text alignwide is-stacked-on-mobile is-vertically-aligned-top\"><figure class=\"wp-block-media-text__media\"><img loading=\"lazy\" decoding=\"async\" width=\"576\" height=\"756\" src=\"https:\/\/torrelodones.wordcamp.org\/2023\/files\/2023\/01\/Gran-Hotel-Attica21-Las-Rozas.png\" alt=\"\" class=\"wp-image-5756 size-full\" srcset=\"https:\/\/torrelodones.wordcamp.org\/2023\/files\/2023\/01\/Gran-Hotel-Attica21-Las-Rozas.png 576w, https:\/\/torrelodones.wordcamp.org\/2023\/files\/2023\/01\/Gran-Hotel-Attica21-Las-Rozas-229x300.png 229w\" sizes=\"auto, (max-width: 576px) 100vw, 576px\" \/><\/figure><div class=\"wp-block-media-text__content\">\n<div class=\"wp-block-group\"><div class=\"wp-block-group__inner-container is-layout-constrained wp-block-group-is-layout-constrained\">\n<p><strong>C. Chile, 2, 28290 Las Rozas de Madrid, Madrid <\/strong><\/p>\n\n\n\n<p><strong>Tel\u00e9fono: 916 30 84 10<\/strong><\/p>\n\n\n\n<p>C\u00f3digo: WordCamp2023 (mejor precio sobre el que haya en ese momento en la web)<\/p>\n\n\n\n<p><a href=\"https:\/\/www.attica21hotels.com\/gran-hotel-attica21-las-rozas\/\">https:\/\/www.attica21hotels.com\/gran-hotel-attica21-las-rozas\/<\/a><\/p>\n<\/div><\/div>\n<\/div><\/div>\n\n\n\n<div style=\"height:100px\" aria-hidden=\"true\" class=\"wp-block-spacer\"><\/div>\n\n\n\n<h2 class=\"wp-block-heading alignwide\"><strong>Apartamentos Tartesos (60-70\u20ac noche)<\/strong><\/h2>\n\n\n\n<div class=\"wp-block-media-text alignwide is-stacked-on-mobile is-vertically-aligned-top\"><figure class=\"wp-block-media-text__media\"><img loading=\"lazy\" decoding=\"async\" width=\"576\" height=\"756\" src=\"https:\/\/torrelodones.wordcamp.org\/2023\/files\/2023\/01\/Apartamentos-Tartesos.png\" alt=\"\" class=\"wp-image-5757 size-full\" srcset=\"https:\/\/torrelodones.wordcamp.org\/2023\/files\/2023\/01\/Apartamentos-Tartesos.png 576w, https:\/\/torrelodones.wordcamp.org\/2023\/files\/2023\/01\/Apartamentos-Tartesos-229x300.png 229w\" sizes=\"auto, (max-width: 576px) 100vw, 576px\" \/><\/figure><div class=\"wp-block-media-text__content\">\n<div class=\"wp-block-group\"><div class=\"wp-block-group__inner-container is-layout-constrained wp-block-group-is-layout-constrained\">\n<p><strong>C. Pollensa, 5, 28290 Las Rozas de Madrid, Madrid <\/strong><\/p>\n\n\n\n<p><strong>Tel\u00e9fono: 916 40 00 55<\/strong><\/p>\n\n\n\n<p><a href=\"https:\/\/www.booking.com\/hotel\/es\/apartamentos-tartesos.es.html\">https:\/\/www.booking.com\/hotel\/es\/apartamentos-tartesos.es.html<\/a><\/p>\n<\/div><\/div>\n<\/div><\/div>\n\n\n\n<div style=\"height:100px\" aria-hidden=\"true\" class=\"wp-block-spacer\"><\/div>\n\n\n\n<h2 class=\"wp-block-heading alignwide\"><strong>TH Las Rozas (60-70\u20ac noche)<\/strong><\/h2>\n\n\n\n<div class=\"wp-block-media-text alignwide is-stacked-on-mobile is-vertically-aligned-top\"><figure class=\"wp-block-media-text__media\"><img loading=\"lazy\" decoding=\"async\" width=\"576\" height=\"756\" src=\"https:\/\/torrelodones.wordcamp.org\/2023\/files\/2023\/01\/TH-Las-Rozas.png\" alt=\"\" class=\"wp-image-5758 size-full\" srcset=\"https:\/\/torrelodones.wordcamp.org\/2023\/files\/2023\/01\/TH-Las-Rozas.png 576w, https:\/\/torrelodones.wordcamp.org\/2023\/files\/2023\/01\/TH-Las-Rozas-229x300.png 229w\" sizes=\"auto, (max-width: 576px) 100vw, 576px\" \/><\/figure><div class=\"wp-block-media-text__content\">\n<p><strong>Cam. Viejo de Madrid, 38, 28230 Las Rozas de Madrid, Madrid Tel\u00e9fono: 916 30 47 77<\/strong><\/p>\n\n\n\n<p><a href=\"https:\/\/thlasrozashotel.com\/sobre-nosotros\/\">https:\/\/thlasrozashotel.com\/sobre-nosotros\/<\/a><\/p>\n\n\n\n<p><\/p>\n<\/div><\/div>\n\n\n\n<div style=\"height:100px\" aria-hidden=\"true\" class=\"wp-block-spacer\"><\/div>\n\n\n\n<h2 class=\"wp-block-heading alignwide\"><strong>Hotel Galaico (40-60\u20ac noche)<\/strong><\/h2>\n\n\n\n<div class=\"wp-block-media-text alignwide is-stacked-on-mobile is-vertically-aligned-top\"><figure class=\"wp-block-media-text__media\"><img loading=\"lazy\" decoding=\"async\" width=\"576\" height=\"756\" src=\"https:\/\/torrelodones.wordcamp.org\/2023\/files\/2023\/01\/Hotel-Galaico-Villalba.png\" alt=\"\" class=\"wp-image-5759 size-full\" srcset=\"https:\/\/torrelodones.wordcamp.org\/2023\/files\/2023\/01\/Hotel-Galaico-Villalba.png 576w, https:\/\/torrelodones.wordcamp.org\/2023\/files\/2023\/01\/Hotel-Galaico-Villalba-229x300.png 229w\" sizes=\"auto, (max-width: 576px) 100vw, 576px\" \/><\/figure><div class=\"wp-block-media-text__content\">\n<div class=\"wp-block-group\"><div class=\"wp-block-group__inner-container is-layout-constrained wp-block-group-is-layout-constrained\">\n<p><strong>Av. Juan Carlos I, 45, 28400 Collado Villalba, Madrid <\/strong><\/p>\n\n\n\n<p><strong>Tel\u00e9fono: 918 51 03 04<\/strong><\/p>\n\n\n\n<p><a href=\"https:\/\/www.hotelgalaico.com\/es\/\">https:\/\/www.hotelgalaico.com\/es\/<\/a><\/p>\n\n\n\n<p>Pendiente si descuento<\/p>\n<\/div><\/div>\n\n\n\n<p><\/p>\n<\/div><\/div>\n\n\n\n<div style=\"height:100px\" aria-hidden=\"true\" class=\"wp-block-spacer\"><\/div>\n\n\n\n<h2 class=\"wp-block-heading alignwide\"><strong>Hostal Lady Ana (40-60\u20ac noche<\/strong>)<\/h2>\n\n\n\n<div class=\"wp-block-media-text alignwide is-stacked-on-mobile is-vertically-aligned-top\"><figure class=\"wp-block-media-text__media\"><img loading=\"lazy\" decoding=\"async\" width=\"576\" height=\"756\" src=\"https:\/\/torrelodones.wordcamp.org\/2023\/files\/2023\/01\/Hostal-Lady-Ana-Villalba.png\" alt=\"\" class=\"wp-image-5760 size-full\" srcset=\"https:\/\/torrelodones.wordcamp.org\/2023\/files\/2023\/01\/Hostal-Lady-Ana-Villalba.png 576w, https:\/\/torrelodones.wordcamp.org\/2023\/files\/2023\/01\/Hostal-Lady-Ana-Villalba-229x300.png 229w\" sizes=\"auto, (max-width: 576px) 100vw, 576px\" \/><\/figure><div class=\"wp-block-media-text__content\">\n<div class=\"wp-block-group\"><div class=\"wp-block-group__inner-container is-layout-constrained wp-block-group-is-layout-constrained\">\n<p><strong>C. Nicolasa Fern\u00e1ndez, 1, 28400 Collado Villalba, Madrid <\/strong><\/p>\n\n\n\n<p><strong>Tel\u00e9fono: 918 51 08 93<\/strong><\/p>\n\n\n\n<p><a href=\"https:\/\/ladyanamaria.com\/\">https:\/\/ladyanamaria.com\/<\/a><\/p>\n<\/div><\/div>\n<\/div><\/div>\n\n\n\n<div style=\"height:100px\" aria-hidden=\"true\" class=\"wp-block-spacer\"><\/div>\n\n\n\n<h2 class=\"wp-block-heading alignwide\"><strong>Hotel FC Villalba (58-70\u20ac noche<\/strong>)<\/h2>\n\n\n\n<div class=\"wp-block-media-text alignwide is-stacked-on-mobile is-vertically-aligned-top\"><figure class=\"wp-block-media-text__media\"><img loading=\"lazy\" decoding=\"async\" width=\"576\" height=\"756\" src=\"https:\/\/torrelodones.wordcamp.org\/2023\/files\/2023\/01\/fc-hotel.png\" alt=\"\" class=\"wp-image-5823 size-full\" srcset=\"https:\/\/torrelodones.wordcamp.org\/2023\/files\/2023\/01\/fc-hotel.png 576w, https:\/\/torrelodones.wordcamp.org\/2023\/files\/2023\/01\/fc-hotel-229x300.png 229w\" sizes=\"auto, (max-width: 576px) 100vw, 576px\" \/><\/figure><div class=\"wp-block-media-text__content\">\n<div class=\"wp-block-group\"><div class=\"wp-block-group__inner-container is-layout-constrained wp-block-group-is-layout-constrained\">\n<p><strong>Carr. Navacerrada, Km 1,37, 28400 Collado Villalba, Madrid<\/strong><\/p>\n\n\n\n<p><strong>Tel\u00e9fono: 918 40 74 30<\/strong><\/p>\n\n\n\n<p><a href=\"https:\/\/www.hotelfcvillalba.com\/\">https:\/\/www.hotelfcvillalba.com\/<\/a><\/p>\n\n\n\n<p><strong>Desde 58\u20ac a 70\u20ac<\/strong>, sujeto a disponibilidad y siempre que las reservas&nbsp;se hagan directamente con el hotel&nbsp;(por tel\u00e9fono &#8211; 91 8407430 &#8211; o correo electr\u00f3nico: recepcion@hotelfcvillalba.com) indicando que es para<strong> WORDCAMP TORRELODONES<\/strong>. El descuento no se podr\u00e1 aplicar si se hace via web \u00f3 canales de venta online.<\/p>\n<\/div><\/div>\n\n\n\n<p><\/p>\n<\/div><\/div>\n\n\n\n<div style=\"height:150px\" aria-hidden=\"true\" class=\"wp-block-spacer\"><\/div>\n","protected":false},"excerpt":{"rendered":"<p>Para disfrutar a pleno rendimiento de la WordCamp lo mejor es estar alojados lo m\u00e1s cerca posible del lugar de celebraci\u00f3n del evento.&nbsp; Hemos seleccionado para vosotros los 10 hoteles m\u00e1s cercanos al pueblo. Sin embargo, deb\u00e9is ser r\u00e1pidos con vuestras reservas, ya que por marzo comienza a hacer buen tiempo por la Sierra y&hellip; <a class=\"more-link\" href=\"https:\/\/torrelodones.wordcamp.org\/2023\/donde-alojarse\/\">Seguir leyendo <span class=\"screen-reader-text\">D\u00f3nde alojarse<\/span><\/a><\/p>\n","protected":false},"author":17752614,"featured_media":1061,"parent":0,"menu_order":0,"comment_status":"closed","ping_status":"closed","template":"","meta":{"jetpack_post_was_ever_published":false,"footnotes":""},"class_list":["post-5721","page","type-page","status-publish","has-post-thumbnail","hentry","entry"],"jetpack_sharing_enabled":true,"_links":{"self":[{"href":"https:\/\/torrelodones.wordcamp.org\/2023\/wp-json\/wp\/v2\/pages\/5721","targetHints":{"allow":["GET"]}}],"collection":[{"href":"https:\/\/torrelodones.wordcamp.org\/2023\/wp-json\/wp\/v2\/pages"}],"about":[{"href":"https:\/\/torrelodones.wordcamp.org\/2023\/wp-json\/wp\/v2\/types\/page"}],"author":[{"embeddable":true,"href":"https:\/\/torrelodones.wordcamp.org\/2023\/wp-json\/wp\/v2\/users\/17752614"}],"replies":[{"embeddable":true,"href":"https:\/\/torrelodones.wordcamp.org\/2023\/wp-json\/wp\/v2\/comments?post=5721"}],"version-history":[{"count":31,"href":"https:\/\/torrelodones.wordcamp.org\/2023\/wp-json\/wp\/v2\/pages\/5721\/revisions"}],"predecessor-version":[{"id":6587,"href":"https:\/\/torrelodones.wordcamp.org\/2023\/wp-json\/wp\/v2\/pages\/5721\/revisions\/6587"}],"wp:featuredmedia":[{"embeddable":true,"href":"https:\/\/torrelodones.wordcamp.org\/2023\/wp-json\/wp\/v2\/media\/1061"}],"wp:attachment":[{"href":"https:\/\/torrelodones.wordcamp.org\/2023\/wp-json\/wp\/v2\/media?parent=5721"}],"curies":[{"name":"wp","href":"https:\/\/api.w.org\/{rel}","templated":true}]}}