{"id":6059,"date":"2023-01-31T14:45:07","date_gmt":"2023-01-31T13:45:07","guid":{"rendered":"https:\/\/torrelodones.wordcamp.org\/2023\/?page_id=6059"},"modified":"2023-02-04T20:05:05","modified_gmt":"2023-02-04T19:05:05","slug":"recursos-medios-comunicacion","status":"publish","type":"page","link":"https:\/\/torrelodones.wordcamp.org\/2023\/recursos-medios-comunicacion\/","title":{"rendered":"Recursos para medios de comunicaci\u00f3n"},"content":{"rendered":"\n<p>Aqu\u00ed podr\u00e1s encontrar recursos para facilitar el trabajo a los medios de comunicaci\u00f3n. <\/p>\n\n\n\n<p>Si necesitas m\u00e1s informaci\u00f3n, por favor, contacta con nosotros por correo electr\u00f3nico a <a href=\"mailto:torrelodones@wordcamp.org\">WC Torrelodones 2023<\/a>.<\/p>\n\n\n\n<div style=\"height:40px\" aria-hidden=\"true\" class=\"wp-block-spacer\"><\/div>\n\n\n\n<div class=\"wp-block-group alignwide\"><div class=\"wp-block-group__inner-container is-layout-constrained wp-block-group-is-layout-constrained\">\n<div class=\"wp-block-columns alignwide are-vertically-aligned-top is-layout-flex wp-container-core-columns-is-layout-9d6595d7 wp-block-columns-is-layout-flex\">\n<div class=\"wp-block-column is-vertically-aligned-top is-layout-flow wp-block-column-is-layout-flow\">\n<figure class=\"wp-block-image size-full\"><img loading=\"lazy\" decoding=\"async\" width=\"1200\" height=\"675\" src=\"https:\/\/torrelodones.wordcamp.org\/2023\/files\/2022\/11\/post_corneta.png\" alt=\"\" class=\"wp-image-3577\" srcset=\"https:\/\/torrelodones.wordcamp.org\/2023\/files\/2022\/11\/post_corneta.png 1200w, https:\/\/torrelodones.wordcamp.org\/2023\/files\/2022\/11\/post_corneta-900x506.png 900w, https:\/\/torrelodones.wordcamp.org\/2023\/files\/2022\/11\/post_corneta-768x432.png 768w, https:\/\/torrelodones.wordcamp.org\/2023\/files\/2022\/11\/post_corneta-500x281.png 500w\" sizes=\"auto, (max-width: 1200px) 100vw, 1200px\" \/><\/figure>\n\n\n\n<h2 class=\"wp-block-heading has-text-align-center\"><a href=\"https:\/\/drive.google.com\/drive\/folders\/1JmZaE7QRYv9jnqfigeeG4PWJVDxKRN-5?usp=share_link\" target=\"_blank\" rel=\"noreferrer noopener\">Notas de prensa<\/a><\/h2>\n<\/div>\n\n\n\n<div class=\"wp-block-column is-vertically-aligned-top is-layout-flow wp-block-column-is-layout-flow\">\n<div class=\"wp-block-group is-vertical is-content-justification-center is-layout-flex wp-container-core-group-is-layout-4b2eccd6 wp-block-group-is-layout-flex\">\n<figure class=\"wp-block-image size-full\"><img loading=\"lazy\" decoding=\"async\" width=\"1200\" height=\"675\" src=\"https:\/\/torrelodones.wordcamp.org\/2023\/files\/2022\/11\/post_aviso.jpg\" alt=\"\" class=\"wp-image-3571\" srcset=\"https:\/\/torrelodones.wordcamp.org\/2023\/files\/2022\/11\/post_aviso.jpg 1200w, https:\/\/torrelodones.wordcamp.org\/2023\/files\/2022\/11\/post_aviso-900x506.jpg 900w, https:\/\/torrelodones.wordcamp.org\/2023\/files\/2022\/11\/post_aviso-768x432.jpg 768w, https:\/\/torrelodones.wordcamp.org\/2023\/files\/2022\/11\/post_aviso-500x281.jpg 500w\" sizes=\"auto, (max-width: 1200px) 100vw, 1200px\" \/><\/figure>\n\n\n\n<h2 class=\"wp-block-heading has-text-align-center\"><a href=\"https:\/\/drive.google.com\/drive\/folders\/1vHmH5nMftxERZGGK1XqWyhRO96iDSDX-?usp=share_link\" target=\"_blank\" rel=\"noreferrer noopener\">Fotograf\u00edas<\/a><\/h2>\n<\/div>\n<\/div>\n\n\n\n<div class=\"wp-block-column is-vertically-aligned-top is-layout-flow wp-block-column-is-layout-flow\">\n<figure class=\"wp-block-image size-full\"><img loading=\"lazy\" decoding=\"async\" width=\"1200\" height=\"675\" src=\"https:\/\/torrelodones.wordcamp.org\/2023\/files\/2022\/11\/post_corona_reina.jpg\" alt=\"\" class=\"wp-image-3578\" srcset=\"https:\/\/torrelodones.wordcamp.org\/2023\/files\/2022\/11\/post_corona_reina.jpg 1200w, https:\/\/torrelodones.wordcamp.org\/2023\/files\/2022\/11\/post_corona_reina-900x506.jpg 900w, https:\/\/torrelodones.wordcamp.org\/2023\/files\/2022\/11\/post_corona_reina-768x432.jpg 768w, https:\/\/torrelodones.wordcamp.org\/2023\/files\/2022\/11\/post_corona_reina-500x281.jpg 500w\" sizes=\"auto, (max-width: 1200px) 100vw, 1200px\" \/><\/figure>\n\n\n\n<h2 class=\"wp-block-heading has-text-align-center\"><a href=\"https:\/\/drive.google.com\/drive\/folders\/1LyNujGU9YDw9pY7zZukaHWxs7v00U6GX?usp=share_link\" target=\"_blank\" rel=\"noreferrer noopener\">Logo oficial<\/a><\/h2>\n<\/div>\n<\/div>\n\n\n\n<div style=\"height:90px\" aria-hidden=\"true\" class=\"wp-block-spacer\"><\/div>\n<\/div><\/div>\n\n\n\n<h2 class=\"wp-block-heading has-text-align-center\">Informaci\u00f3n de inter\u00e9s<\/h2>\n\n\n\n<ul class=\"wp-block-list\">\n<li>Qui\u00e9n est\u00e1 detr\u00e1s de <a href=\"https:\/\/torrelodones.wordcamp.org\/2023\/organizadores\/\" data-type=\"page\" data-id=\"12\">WordCamp Torrelodones<\/a><\/li>\n\n\n\n<li>Nuestros <a href=\"https:\/\/torrelodones.wordcamp.org\/2023\/patrocinadores\/\" data-type=\"page\" data-id=\"1588\">patrocinadores<\/a><\/li>\n<\/ul>\n\n\n\n<div style=\"height:40px\" aria-hidden=\"true\" class=\"wp-block-spacer\"><\/div>\n\n\n\n<h2 class=\"wp-block-heading has-text-align-center\">S\u00edguenos en redes sociales<\/h2>\n\n\n\n<div class=\"wp-block-columns has-background is-layout-flex wp-container-core-columns-is-layout-9d6595d7 wp-block-columns-is-layout-flex\" style=\"background-color:#81eefc00\">\n<div class=\"wp-block-column is-layout-flow wp-block-column-is-layout-flow\">\n<ul class=\"wp-block-social-links has-huge-icon-size is-content-justification-center is-layout-flex wp-container-core-social-links-is-layout-16018d1d wp-block-social-links-is-layout-flex\"><li class=\"wp-social-link wp-social-link-twitter  wp-block-social-link\"><a href=\"https:\/\/twitter.com\/WPTorrelodones\" class=\"wp-block-social-link-anchor\"><svg width=\"24\" height=\"24\" viewBox=\"0 0 24 24\" version=\"1.1\" xmlns=\"http:\/\/www.w3.org\/2000\/svg\" aria-hidden=\"true\" focusable=\"false\"><path d=\"M22.23,5.924c-0.736,0.326-1.527,0.547-2.357,0.646c0.847-0.508,1.498-1.312,1.804-2.27 c-0.793,0.47-1.671,0.812-2.606,0.996C18.324,4.498,17.257,4,16.077,4c-2.266,0-4.103,1.837-4.103,4.103 c0,0.322,0.036,0.635,0.106,0.935C8.67,8.867,5.647,7.234,3.623,4.751C3.27,5.357,3.067,6.062,3.067,6.814 c0,1.424,0.724,2.679,1.825,3.415c-0.673-0.021-1.305-0.206-1.859-0.513c0,0.017,0,0.034,0,0.052c0,1.988,1.414,3.647,3.292,4.023 c-0.344,0.094-0.707,0.144-1.081,0.144c-0.264,0-0.521-0.026-0.772-0.074c0.522,1.63,2.038,2.816,3.833,2.85 c-1.404,1.1-3.174,1.756-5.096,1.756c-0.331,0-0.658-0.019-0.979-0.057c1.816,1.164,3.973,1.843,6.29,1.843 c7.547,0,11.675-6.252,11.675-11.675c0-0.178-0.004-0.355-0.012-0.531C20.985,7.47,21.68,6.747,22.23,5.924z\"><\/path><\/svg><span class=\"wp-block-social-link-label screen-reader-text\">Twitter<\/span><\/a><\/li><\/ul>\n<\/div>\n\n\n\n<div class=\"wp-block-column is-layout-flow wp-block-column-is-layout-flow\">\n<ul class=\"wp-block-social-links has-huge-icon-size is-content-justification-center is-layout-flex wp-container-core-social-links-is-layout-16018d1d wp-block-social-links-is-layout-flex\"><li class=\"wp-social-link wp-social-link-linkedin  wp-block-social-link\"><a href=\"https:\/\/www.linkedin.com\/company\/wordcamp-torrelodones\/\" class=\"wp-block-social-link-anchor\"><svg width=\"24\" height=\"24\" viewBox=\"0 0 24 24\" version=\"1.1\" xmlns=\"http:\/\/www.w3.org\/2000\/svg\" aria-hidden=\"true\" focusable=\"false\"><path d=\"M19.7,3H4.3C3.582,3,3,3.582,3,4.3v15.4C3,20.418,3.582,21,4.3,21h15.4c0.718,0,1.3-0.582,1.3-1.3V4.3 C21,3.582,20.418,3,19.7,3z M8.339,18.338H5.667v-8.59h2.672V18.338z M7.004,8.574c-0.857,0-1.549-0.694-1.549-1.548 c0-0.855,0.691-1.548,1.549-1.548c0.854,0,1.547,0.694,1.547,1.548C8.551,7.881,7.858,8.574,7.004,8.574z M18.339,18.338h-2.669 v-4.177c0-0.996-0.017-2.278-1.387-2.278c-1.389,0-1.601,1.086-1.601,2.206v4.249h-2.667v-8.59h2.559v1.174h0.037 c0.356-0.675,1.227-1.387,2.526-1.387c2.703,0,3.203,1.779,3.203,4.092V18.338z\"><\/path><\/svg><span class=\"wp-block-social-link-label screen-reader-text\">LinkedIn<\/span><\/a><\/li><\/ul>\n<\/div>\n<\/div>\n\n\n\n<div style=\"height:90px\" aria-hidden=\"true\" class=\"wp-block-spacer\"><\/div>\n\n\n\n<h2 class=\"wp-block-heading has-text-align-center\">Noticias<\/h2>\n\n\n\n<p>Aqu\u00ed encontrar\u00e1s las publicaciones m\u00e1s recientes de nuestro blog.<\/p>\n\n\n\n<div style=\"height:30px\" aria-hidden=\"true\" class=\"wp-block-spacer\"><\/div>\n\n\n<div data-attributes=\"%7B%22displayPostContent%22%3Atrue%2C%22postLayout%22%3A%22grid%22%2C%22liveUpdateEnabled%22%3Atrue%2C%22align%22%3A%22wide%22%7D\" class=\"wp-block-latest-posts__list is-grid columns-3 alignwide wp-block-latest-posts\"><li><a class=\"wp-block-latest-posts__post-title\" href=\"https:\/\/torrelodones.wordcamp.org\/2023\/lo-que-te-has-perdido\/\">\u00bfNo has venido a la primera WordCamp de Torrelodones? Te contamos lo que te has perdido<\/a><div class=\"wp-block-latest-posts__post-excerpt\">Tanto si pudiste asistir como si no te fue posible, esperamos contar contigo en la pr\u00f3xima WordCamp Torrelodones 2024.<\/div><\/li>\n<li><a class=\"wp-block-latest-posts__post-title\" href=\"https:\/\/torrelodones.wordcamp.org\/2023\/wordcamp-torrelodones-no-acaba-hasta-que-no-escribes-sobre-ella\/\">\u00a1WordCamp Torrelodones no acaba hasta que no escribes sobre ella!<\/a><div class=\"wp-block-latest-posts__post-excerpt\">En WordPress, somos muy de contar y compartir nuestra experiencia en las WordCamps con los dem\u00e1s.<\/div><\/li>\n<li><a class=\"wp-block-latest-posts__post-title\" href=\"https:\/\/torrelodones.wordcamp.org\/2023\/empieza-la-wctorre\/\">Empieza la #WCTorre<\/a><div class=\"wp-block-latest-posts__post-excerpt\">Estamos muy felices de inaugurar la WordCamp Torrelodones 2022. Una cita muy especial por ser la primera que se celebra en este municipio madrile\u00f1o. \u00a1Empezamos!<\/div><\/li>\n<li><a class=\"wp-block-latest-posts__post-title\" href=\"https:\/\/torrelodones.wordcamp.org\/2023\/conoce-a-nuestros-patrocinadores-bronce\/\">Conoce a nuestros patrocinadores bronce<\/a><div class=\"wp-block-latest-posts__post-excerpt\">Si est\u00e1s buscando una soluci\u00f3n de comercio electr\u00f3nico, automatizar el trabajo de mantenimiento de webs, buscas una herramienta m\u00e1s r\u00e1pida para construir webs, o necesitas un hosting de confianza ahora tienes la oportunidad.<\/div><\/li>\n<li><a class=\"wp-block-latest-posts__post-title\" href=\"https:\/\/torrelodones.wordcamp.org\/2023\/motive-entra-en-wc-torre-como-patrocinador-plata\/\">Motive entra en WC Torre como patrocinador Plata<\/a><div class=\"wp-block-latest-posts__post-excerpt\">Es una soluci\u00f3n de b\u00fasqueda plug &amp; play para eCommerce dise\u00f1ada con el claro objetivo de ofrecer experiencias de compra \u00fanicas tanto a consumidores como a gestores de tiendas online. <\/div><\/li>\n<\/div>\n\n\n<div style=\"height:150px\" aria-hidden=\"true\" class=\"wp-block-spacer\"><\/div>\n","protected":false},"excerpt":{"rendered":"<p>Aqu\u00ed podr\u00e1s encontrar recursos para facilitar el trabajo a los medios de comunicaci\u00f3n. Si necesitas m\u00e1s informaci\u00f3n, por favor, contacta con nosotros por correo electr\u00f3nico a WC Torrelodones 2023. Notas de prensa Fotograf\u00edas Logo oficial Informaci\u00f3n de inter\u00e9s S\u00edguenos en redes sociales Noticias Aqu\u00ed encontrar\u00e1s las publicaciones m\u00e1s recientes de nuestro blog.<\/p>\n","protected":false},"author":20102756,"featured_media":5202,"parent":0,"menu_order":0,"comment_status":"closed","ping_status":"closed","template":"","meta":{"jetpack_post_was_ever_published":false,"footnotes":""},"class_list":["post-6059","page","type-page","status-publish","has-post-thumbnail","hentry","entry"],"jetpack_sharing_enabled":true,"_links":{"self":[{"href":"https:\/\/torrelodones.wordcamp.org\/2023\/wp-json\/wp\/v2\/pages\/6059","targetHints":{"allow":["GET"]}}],"collection":[{"href":"https:\/\/torrelodones.wordcamp.org\/2023\/wp-json\/wp\/v2\/pages"}],"about":[{"href":"https:\/\/torrelodones.wordcamp.org\/2023\/wp-json\/wp\/v2\/types\/page"}],"author":[{"embeddable":true,"href":"https:\/\/torrelodones.wordcamp.org\/2023\/wp-json\/wp\/v2\/users\/20102756"}],"replies":[{"embeddable":true,"href":"https:\/\/torrelodones.wordcamp.org\/2023\/wp-json\/wp\/v2\/comments?post=6059"}],"version-history":[{"count":47,"href":"https:\/\/torrelodones.wordcamp.org\/2023\/wp-json\/wp\/v2\/pages\/6059\/revisions"}],"predecessor-version":[{"id":6588,"href":"https:\/\/torrelodones.wordcamp.org\/2023\/wp-json\/wp\/v2\/pages\/6059\/revisions\/6588"}],"wp:featuredmedia":[{"embeddable":true,"href":"https:\/\/torrelodones.wordcamp.org\/2023\/wp-json\/wp\/v2\/media\/5202"}],"wp:attachment":[{"href":"https:\/\/torrelodones.wordcamp.org\/2023\/wp-json\/wp\/v2\/media?parent=6059"}],"curies":[{"name":"wp","href":"https:\/\/api.w.org\/{rel}","templated":true}]}}