{"id":1942,"date":"2022-10-18T10:04:35","date_gmt":"2022-10-18T08:04:35","guid":{"rendered":"https:\/\/torrelodones.wordcamp.org\/2023\/?page_id=1942"},"modified":"2023-11-03T13:52:17","modified_gmt":"2023-11-03T12:52:17","slug":"pregones","status":"publish","type":"page","link":"https:\/\/torrelodones.wordcamp.org\/2024\/pregones\/","title":{"rendered":"Pregones"},"content":{"rendered":"\n<div class=\"wp-block-query alignfull is-layout-flow wp-block-query-is-layout-flow\"><ul class=\"columns-2 lista-de-pregones wp-block-post-template is-layout-grid wp-container-core-post-template-is-layout-28b052f3 wp-block-post-template-is-layout-grid\"><li class=\"wp-block-post post-7581 post type-post status-publish format-standard has-post-thumbnail hentry category-pregones entry\">\n\n<div class=\"wp-block-group\" style=\"padding-top:30px;padding-right:30px;padding-bottom:30px;padding-left:30px\"><div class=\"wp-block-group__inner-container is-layout-flow wp-block-group-is-layout-flow\"><figure class=\"wp-block-post-featured-image\"><img loading=\"lazy\" decoding=\"async\" width=\"1200\" height=\"675\" src=\"https:\/\/torrelodones.wordcamp.org\/2024\/files\/2023\/03\/Group-22.png\" class=\"attachment-post-thumbnail size-post-thumbnail wp-post-image\" alt=\"\" style=\"width:100%;height:56.25%;max-width:1200px;object-fit:cover;\" srcset=\"https:\/\/torrelodones.wordcamp.org\/2024\/files\/2023\/03\/Group-22.png 1200w, https:\/\/torrelodones.wordcamp.org\/2024\/files\/2023\/03\/Group-22-300x169.png 300w, https:\/\/torrelodones.wordcamp.org\/2024\/files\/2023\/03\/Group-22-1024x576.png 1024w, https:\/\/torrelodones.wordcamp.org\/2024\/files\/2023\/03\/Group-22-768x432.png 768w, https:\/\/torrelodones.wordcamp.org\/2024\/files\/2023\/03\/Group-22-500x281.png 500w\" sizes=\"auto, (max-width: 1200px) 100vw, 1200px\" \/><\/figure>\n\n<h2 class=\"wp-block-post-title\"><a href=\"https:\/\/torrelodones.wordcamp.org\/2024\/lo-que-te-has-perdido\/\" target=\"_self\" >\u00bfNo has venido a WordCamp  Torrelodones 2024? Te contamos lo que te has perdido<\/a><\/h2>\n\n<div class=\"wp-block-post-excerpt\"><p class=\"wp-block-post-excerpt__excerpt\">Tanto si pudiste asistir como si no te fue posible, esperamos contar contigo en la pr\u00f3xima WordCamp Torrelodones 2024. <\/p><\/div>\n\n<div class=\"wp-block-post-date\"><time datetime=\"2024-03-26T10:06:33+01:00\">26\/03\/2024<\/time><\/div><\/div><\/div>\n\n<\/li><li class=\"wp-block-post post-7623 post type-post status-publish format-standard has-post-thumbnail hentry category-pregones entry\">\n\n<div class=\"wp-block-group\" style=\"padding-top:30px;padding-right:30px;padding-bottom:30px;padding-left:30px\"><div class=\"wp-block-group__inner-container is-layout-flow wp-block-group-is-layout-flow\"><figure class=\"wp-block-post-featured-image\"><img loading=\"lazy\" decoding=\"async\" width=\"1200\" height=\"675\" src=\"https:\/\/torrelodones.wordcamp.org\/2024\/files\/2023\/03\/Frame-55.png\" class=\"attachment-post-thumbnail size-post-thumbnail wp-post-image\" alt=\"\" style=\"width:100%;height:56.25%;max-width:1200px;object-fit:cover;\" srcset=\"https:\/\/torrelodones.wordcamp.org\/2024\/files\/2023\/03\/Frame-55.png 1200w, https:\/\/torrelodones.wordcamp.org\/2024\/files\/2023\/03\/Frame-55-300x169.png 300w, https:\/\/torrelodones.wordcamp.org\/2024\/files\/2023\/03\/Frame-55-1024x576.png 1024w, https:\/\/torrelodones.wordcamp.org\/2024\/files\/2023\/03\/Frame-55-768x432.png 768w, https:\/\/torrelodones.wordcamp.org\/2024\/files\/2023\/03\/Frame-55-500x281.png 500w\" sizes=\"auto, (max-width: 1200px) 100vw, 1200px\" \/><\/figure>\n\n<h2 class=\"wp-block-post-title\"><a href=\"https:\/\/torrelodones.wordcamp.org\/2024\/wordcamp-torrelodones-no-acaba-hasta-que-no-escribes-sobre-ella\/\" target=\"_self\" >\u00a1WordCamp Torrelodones no acaba hasta que no escribes sobre ella!<\/a><\/h2>\n\n<div class=\"wp-block-post-excerpt\"><p class=\"wp-block-post-excerpt__excerpt\">En WordPress, somos muy de contar y compartir nuestra experiencia en las WordCamps con los dem\u00e1s. <\/p><\/div>\n\n<div class=\"wp-block-post-date\"><time datetime=\"2024-03-24T17:47:00+01:00\">24\/03\/2024<\/time><\/div><\/div><\/div>\n\n<\/li><li class=\"wp-block-post post-7419 post type-post status-publish format-standard has-post-thumbnail hentry category-pregones entry\">\n\n<div class=\"wp-block-group\" style=\"padding-top:30px;padding-right:30px;padding-bottom:30px;padding-left:30px\"><div class=\"wp-block-group__inner-container is-layout-flow wp-block-group-is-layout-flow\"><figure class=\"wp-block-post-featured-image\"><img loading=\"lazy\" decoding=\"async\" width=\"1200\" height=\"675\" src=\"https:\/\/torrelodones.wordcamp.org\/2024\/files\/2022\/11\/post_wabali_trabajando-1.jpg\" class=\"attachment-post-thumbnail size-post-thumbnail wp-post-image\" alt=\"\" style=\"width:100%;height:56.25%;max-width:1200px;object-fit:cover;\" srcset=\"https:\/\/torrelodones.wordcamp.org\/2024\/files\/2022\/11\/post_wabali_trabajando-1.jpg 1200w, https:\/\/torrelodones.wordcamp.org\/2024\/files\/2022\/11\/post_wabali_trabajando-1-300x169.jpg 300w, https:\/\/torrelodones.wordcamp.org\/2024\/files\/2022\/11\/post_wabali_trabajando-1-1024x576.jpg 1024w, https:\/\/torrelodones.wordcamp.org\/2024\/files\/2022\/11\/post_wabali_trabajando-1-768x432.jpg 768w, https:\/\/torrelodones.wordcamp.org\/2024\/files\/2022\/11\/post_wabali_trabajando-1-500x281.jpg 500w\" sizes=\"auto, (max-width: 1200px) 100vw, 1200px\" \/><\/figure>\n\n<h2 class=\"wp-block-post-title\"><a href=\"https:\/\/torrelodones.wordcamp.org\/2024\/empieza-la-wctorre\/\" target=\"_self\" >Empieza la #WCTorre<\/a><\/h2>\n\n<div class=\"wp-block-post-excerpt\"><p class=\"wp-block-post-excerpt__excerpt\">Estamos muy felices de inaugurar la WordCamp Torrelodones 2022. Una cita muy especial por ser la primera que se celebra en este municipio madrile\u00f1o. \u00a1Empezamos! <\/p><\/div>\n\n<div class=\"wp-block-post-date\"><time datetime=\"2024-03-23T08:45:00+01:00\">23\/03\/2024<\/time><\/div><\/div><\/div>\n\n<\/li><li class=\"wp-block-post post-6919 post type-post status-publish format-standard has-post-thumbnail hentry category-pregones entry\">\n\n<div class=\"wp-block-group\" style=\"padding-top:30px;padding-right:30px;padding-bottom:30px;padding-left:30px\"><div class=\"wp-block-group__inner-container is-layout-flow wp-block-group-is-layout-flow\"><figure class=\"wp-block-post-featured-image\"><img loading=\"lazy\" decoding=\"async\" width=\"1200\" height=\"675\" src=\"https:\/\/torrelodones.wordcamp.org\/2024\/files\/2022\/11\/post_logo_WordPress.jpg\" class=\"attachment-post-thumbnail size-post-thumbnail wp-post-image\" alt=\"\" style=\"width:100%;height:56.25%;max-width:1200px;object-fit:cover;\" srcset=\"https:\/\/torrelodones.wordcamp.org\/2024\/files\/2022\/11\/post_logo_WordPress.jpg 1200w, https:\/\/torrelodones.wordcamp.org\/2024\/files\/2022\/11\/post_logo_WordPress-300x169.jpg 300w, https:\/\/torrelodones.wordcamp.org\/2024\/files\/2022\/11\/post_logo_WordPress-1024x576.jpg 1024w, https:\/\/torrelodones.wordcamp.org\/2024\/files\/2022\/11\/post_logo_WordPress-768x432.jpg 768w, https:\/\/torrelodones.wordcamp.org\/2024\/files\/2022\/11\/post_logo_WordPress-500x281.jpg 500w\" sizes=\"auto, (max-width: 1200px) 100vw, 1200px\" \/><\/figure>\n\n<h2 class=\"wp-block-post-title\"><a href=\"https:\/\/torrelodones.wordcamp.org\/2024\/hoja-de-ruta\/\" target=\"_self\" >Hoja de ruta para vivir a tope la WordCamp Torrelodones 2024<\/a><\/h2>\n\n<div class=\"wp-block-post-excerpt\"><p class=\"wp-block-post-excerpt__excerpt\">Una peque\u00f1a gu\u00eda con toda la informaci\u00f3n necesaria sobre lo que vas a encontrar y puedas sentirte en como en casa. <\/p><\/div>\n\n<div class=\"wp-block-post-date\"><time datetime=\"2024-03-22T12:28:01+01:00\">22\/03\/2024<\/time><\/div><\/div><\/div>\n\n<\/li><li class=\"wp-block-post post-7042 post type-post status-publish format-standard has-post-thumbnail hentry category-pregones entry\">\n\n<div class=\"wp-block-group\" style=\"padding-top:30px;padding-right:30px;padding-bottom:30px;padding-left:30px\"><div class=\"wp-block-group__inner-container is-layout-flow wp-block-group-is-layout-flow\"><figure class=\"wp-block-post-featured-image\"><img loading=\"lazy\" decoding=\"async\" width=\"1200\" height=\"675\" src=\"https:\/\/torrelodones.wordcamp.org\/2024\/files\/2023\/03\/Frame-40.jpg\" class=\"attachment-post-thumbnail size-post-thumbnail wp-post-image\" alt=\"\" style=\"width:100%;height:56.25%;max-width:1200px;object-fit:cover;\" srcset=\"https:\/\/torrelodones.wordcamp.org\/2024\/files\/2023\/03\/Frame-40.jpg 1200w, https:\/\/torrelodones.wordcamp.org\/2024\/files\/2023\/03\/Frame-40-300x169.jpg 300w, https:\/\/torrelodones.wordcamp.org\/2024\/files\/2023\/03\/Frame-40-1024x576.jpg 1024w, https:\/\/torrelodones.wordcamp.org\/2024\/files\/2023\/03\/Frame-40-768x432.jpg 768w, https:\/\/torrelodones.wordcamp.org\/2024\/files\/2023\/03\/Frame-40-500x281.jpg 500w\" sizes=\"auto, (max-width: 1200px) 100vw, 1200px\" \/><\/figure>\n\n<h2 class=\"wp-block-post-title\"><a href=\"https:\/\/torrelodones.wordcamp.org\/2024\/conoce-nuestros-patrocinadores-bronce\/\" target=\"_self\" >Conoce a nuestros patrocinadores bronce<\/a><\/h2>\n\n<div class=\"wp-block-post-excerpt\"><p class=\"wp-block-post-excerpt__excerpt\">Si est\u00e1s buscando una soluci\u00f3n de comercio electr\u00f3nico, automatizar el trabajo de mantenimiento de webs, buscas una herramienta m\u00e1s r\u00e1pida para construir webs, o necesitas un hosting de confianza ahora tienes la oportunidad. <\/p><\/div>\n\n<div class=\"wp-block-post-date\"><time datetime=\"2024-03-15T16:05:16+01:00\">15\/03\/2024<\/time><\/div><\/div><\/div>\n\n<\/li><li class=\"wp-block-post post-7121 post type-post status-publish format-standard has-post-thumbnail hentry category-pregones entry\">\n\n<div class=\"wp-block-group\" style=\"padding-top:30px;padding-right:30px;padding-bottom:30px;padding-left:30px\"><div class=\"wp-block-group__inner-container is-layout-flow wp-block-group-is-layout-flow\"><figure class=\"wp-block-post-featured-image\"><img loading=\"lazy\" decoding=\"async\" width=\"1200\" height=\"675\" src=\"https:\/\/torrelodones.wordcamp.org\/2024\/files\/2023\/09\/Group-24.png\" class=\"attachment-post-thumbnail size-post-thumbnail wp-post-image\" alt=\"\" style=\"width:100%;height:56.25%;max-width:1200px;object-fit:cover;\" srcset=\"https:\/\/torrelodones.wordcamp.org\/2024\/files\/2023\/09\/Group-24.png 1200w, https:\/\/torrelodones.wordcamp.org\/2024\/files\/2023\/09\/Group-24-300x169.png 300w, https:\/\/torrelodones.wordcamp.org\/2024\/files\/2023\/09\/Group-24-1024x576.png 1024w, https:\/\/torrelodones.wordcamp.org\/2024\/files\/2023\/09\/Group-24-768x432.png 768w, https:\/\/torrelodones.wordcamp.org\/2024\/files\/2023\/09\/Group-24-500x281.png 500w\" sizes=\"auto, (max-width: 1200px) 100vw, 1200px\" \/><\/figure>\n\n<h2 class=\"wp-block-post-title\"><a href=\"https:\/\/torrelodones.wordcamp.org\/2024\/conociendo-a-siteground-patrocinador-oro\/\" target=\"_self\" >Siteground, nuestro patrocinador plata<\/a><\/h2>\n\n<div class=\"wp-block-post-excerpt\"><p class=\"wp-block-post-excerpt__excerpt\">Ofrecen un Hosting WordPress gestionado ultrarr\u00e1pido, y tambi\u00e9n Hosting Web, Hosting para WooCommerce, Hosting Cloud y Distribuidores para gestionar m\u00faltiples sitios sin volverte loco. <\/p><\/div>\n\n<div class=\"wp-block-post-date\"><time datetime=\"2024-03-14T20:09:16+01:00\">14\/03\/2024<\/time><\/div><\/div><\/div>\n\n<\/li><li class=\"wp-block-post post-8990 post type-post status-publish format-standard has-post-thumbnail hentry category-patrocinadores category-pregones entry\">\n\n<div class=\"wp-block-group\" style=\"padding-top:30px;padding-right:30px;padding-bottom:30px;padding-left:30px\"><div class=\"wp-block-group__inner-container is-layout-flow wp-block-group-is-layout-flow\"><figure class=\"wp-block-post-featured-image\"><img loading=\"lazy\" decoding=\"async\" width=\"1200\" height=\"675\" src=\"https:\/\/torrelodones.wordcamp.org\/2024\/files\/2023\/09\/Frame-39.png\" class=\"attachment-post-thumbnail size-post-thumbnail wp-post-image\" alt=\"\" style=\"width:100%;height:56.25%;max-width:1200px;object-fit:cover;\" srcset=\"https:\/\/torrelodones.wordcamp.org\/2024\/files\/2023\/09\/Frame-39.png 1200w, https:\/\/torrelodones.wordcamp.org\/2024\/files\/2023\/09\/Frame-39-300x169.png 300w, https:\/\/torrelodones.wordcamp.org\/2024\/files\/2023\/09\/Frame-39-1024x576.png 1024w, https:\/\/torrelodones.wordcamp.org\/2024\/files\/2023\/09\/Frame-39-768x432.png 768w, https:\/\/torrelodones.wordcamp.org\/2024\/files\/2023\/09\/Frame-39-500x281.png 500w\" sizes=\"auto, (max-width: 1200px) 100vw, 1200px\" \/><\/figure>\n\n<h2 class=\"wp-block-post-title\"><a href=\"https:\/\/torrelodones.wordcamp.org\/2024\/conoce-wordpresscom-patrocinador-oro\/\" target=\"_self\" >Conoce a WordPress.com, patrocinador oro<\/a><\/h2>\n\n<div class=\"wp-block-post-excerpt\"><p class=\"wp-block-post-excerpt__excerpt\">Tanto si ofreces un servicio de mantenimiento web a tus clientes, c\u00f3mo si no lo haces, Modular te interesa. Es una herramienta para profesionales con la que\u00a0gestionar todas tus webs de WordPress desde un mismo sitio <\/p><\/div>\n\n<div class=\"wp-block-post-date\"><time datetime=\"2024-03-13T20:45:01+01:00\">13\/03\/2024<\/time><\/div><\/div><\/div>\n\n<\/li><li class=\"wp-block-post post-7198 post type-post status-publish format-standard has-post-thumbnail hentry category-pregones entry\">\n\n<div class=\"wp-block-group\" style=\"padding-top:30px;padding-right:30px;padding-bottom:30px;padding-left:30px\"><div class=\"wp-block-group__inner-container is-layout-flow wp-block-group-is-layout-flow\"><figure class=\"wp-block-post-featured-image\"><img loading=\"lazy\" decoding=\"async\" width=\"1200\" height=\"675\" src=\"https:\/\/torrelodones.wordcamp.org\/2024\/files\/2023\/09\/Frame-39-1.png\" class=\"attachment-post-thumbnail size-post-thumbnail wp-post-image\" alt=\"\" style=\"width:100%;height:56.25%;max-width:1200px;object-fit:cover;\" srcset=\"https:\/\/torrelodones.wordcamp.org\/2024\/files\/2023\/09\/Frame-39-1.png 1200w, https:\/\/torrelodones.wordcamp.org\/2024\/files\/2023\/09\/Frame-39-1-300x169.png 300w, https:\/\/torrelodones.wordcamp.org\/2024\/files\/2023\/09\/Frame-39-1-1024x576.png 1024w, https:\/\/torrelodones.wordcamp.org\/2024\/files\/2023\/09\/Frame-39-1-768x432.png 768w, https:\/\/torrelodones.wordcamp.org\/2024\/files\/2023\/09\/Frame-39-1-500x281.png 500w\" sizes=\"auto, (max-width: 1200px) 100vw, 1200px\" \/><\/figure>\n\n<h2 class=\"wp-block-post-title\"><a href=\"https:\/\/torrelodones.wordcamp.org\/2024\/conoce-blue-host-patrocinador-oro\/\" target=\"_self\" >Conoce a Bluehost, patrocinador oro<\/a><\/h2>\n\n<div class=\"wp-block-post-excerpt\"><p class=\"wp-block-post-excerpt__excerpt\">Su objetivo es ayudar a sus clientes a tener \u00e9xito con sus proyectos, ya sean grandes o peque\u00f1os, y a sacarle el m\u00e1ximo partido a WordPress, son expertos y usuarios entusiastas de WordPress. <\/p><\/div>\n\n<div class=\"wp-block-post-date\"><time datetime=\"2024-03-13T20:33:24+01:00\">13\/03\/2024<\/time><\/div><\/div><\/div>\n\n<\/li><li class=\"wp-block-post post-7195 post type-post status-publish format-standard has-post-thumbnail hentry category-pregones entry\">\n\n<div class=\"wp-block-group\" style=\"padding-top:30px;padding-right:30px;padding-bottom:30px;padding-left:30px\"><div class=\"wp-block-group__inner-container is-layout-flow wp-block-group-is-layout-flow\"><figure class=\"wp-block-post-featured-image\"><img loading=\"lazy\" decoding=\"async\" width=\"1200\" height=\"675\" src=\"https:\/\/torrelodones.wordcamp.org\/2024\/files\/2023\/09\/Frame-39-1.png\" class=\"attachment-post-thumbnail size-post-thumbnail wp-post-image\" alt=\"\" style=\"width:100%;height:56.25%;max-width:1200px;object-fit:cover;\" srcset=\"https:\/\/torrelodones.wordcamp.org\/2024\/files\/2023\/09\/Frame-39-1.png 1200w, https:\/\/torrelodones.wordcamp.org\/2024\/files\/2023\/09\/Frame-39-1-300x169.png 300w, https:\/\/torrelodones.wordcamp.org\/2024\/files\/2023\/09\/Frame-39-1-1024x576.png 1024w, https:\/\/torrelodones.wordcamp.org\/2024\/files\/2023\/09\/Frame-39-1-768x432.png 768w, https:\/\/torrelodones.wordcamp.org\/2024\/files\/2023\/09\/Frame-39-1-500x281.png 500w\" sizes=\"auto, (max-width: 1200px) 100vw, 1200px\" \/><\/figure>\n\n<h2 class=\"wp-block-post-title\"><a href=\"https:\/\/torrelodones.wordcamp.org\/2024\/conoce-woo-patrocinador-oro\/\" target=\"_self\" >Conoce a Woo, patrocinador oro<\/a><\/h2>\n\n<div class=\"wp-block-post-excerpt\"><p class=\"wp-block-post-excerpt__excerpt\">Es una soluci\u00f3n de b\u00fasqueda plug &amp; play para eCommerce dise\u00f1ada con el claro objetivo de ofrecer experiencias de compra \u00fanicas tanto a consumidores como a gestores de tiendas online. <\/p><\/div>\n\n<div class=\"wp-block-post-date\"><time datetime=\"2024-03-13T20:19:10+01:00\">13\/03\/2024<\/time><\/div><\/div><\/div>\n\n<\/li><li class=\"wp-block-post post-7104 post type-post status-publish format-standard has-post-thumbnail hentry category-pregones entry\">\n\n<div class=\"wp-block-group\" style=\"padding-top:30px;padding-right:30px;padding-bottom:30px;padding-left:30px\"><div class=\"wp-block-group__inner-container is-layout-flow wp-block-group-is-layout-flow\"><figure class=\"wp-block-post-featured-image\"><img loading=\"lazy\" decoding=\"async\" width=\"1200\" height=\"675\" src=\"https:\/\/torrelodones.wordcamp.org\/2024\/files\/2023\/09\/Frame-39-1.png\" class=\"attachment-post-thumbnail size-post-thumbnail wp-post-image\" alt=\"\" style=\"width:100%;height:56.25%;max-width:1200px;object-fit:cover;\" srcset=\"https:\/\/torrelodones.wordcamp.org\/2024\/files\/2023\/09\/Frame-39-1.png 1200w, https:\/\/torrelodones.wordcamp.org\/2024\/files\/2023\/09\/Frame-39-1-300x169.png 300w, https:\/\/torrelodones.wordcamp.org\/2024\/files\/2023\/09\/Frame-39-1-1024x576.png 1024w, https:\/\/torrelodones.wordcamp.org\/2024\/files\/2023\/09\/Frame-39-1-768x432.png 768w, https:\/\/torrelodones.wordcamp.org\/2024\/files\/2023\/09\/Frame-39-1-500x281.png 500w\" sizes=\"auto, (max-width: 1200px) 100vw, 1200px\" \/><\/figure>\n\n<h2 class=\"wp-block-post-title\"><a href=\"https:\/\/torrelodones.wordcamp.org\/2024\/descubre-a-piensa-solutions-patrocinador-oro\/\" target=\"_self\" >Conoce a Piensa Solutions, patrocinador oro<\/a><\/h2>\n\n<div class=\"wp-block-post-excerpt\"><p class=\"wp-block-post-excerpt__excerpt\">Con ellos puedes contratar desde dominios, correos, hosting, servidores virtuales y servidores dedicados, adem\u00e1s de otras aplicaciones para posicionar tu web, gestionar la presencia online de tu negocio, realizar backups, etc. <\/p><\/div>\n\n<div class=\"wp-block-post-date\"><time datetime=\"2024-03-11T19:13:00+01:00\">11\/03\/2024<\/time><\/div><\/div><\/div>\n\n<\/li><\/ul><\/div>\n\n\n\n<div style=\"height:150px\" aria-hidden=\"true\" class=\"wp-block-spacer\"><\/div>\n\n\n\n<div style=\"height:100px\" aria-hidden=\"true\" class=\"wp-block-spacer\"><\/div>\n","protected":false},"excerpt":{"rendered":"","protected":false},"author":15412659,"featured_media":0,"parent":0,"menu_order":0,"comment_status":"closed","ping_status":"closed","template":"","meta":{"_crdt_document":"","jetpack_post_was_ever_published":false,"footnotes":""},"class_list":["post-1942","page","type-page","status-publish","hentry","entry"],"jetpack_sharing_enabled":true,"_links":{"self":[{"href":"https:\/\/torrelodones.wordcamp.org\/2024\/wp-json\/wp\/v2\/pages\/1942","targetHints":{"allow":["GET"]}}],"collection":[{"href":"https:\/\/torrelodones.wordcamp.org\/2024\/wp-json\/wp\/v2\/pages"}],"about":[{"href":"https:\/\/torrelodones.wordcamp.org\/2024\/wp-json\/wp\/v2\/types\/page"}],"author":[{"embeddable":true,"href":"https:\/\/torrelodones.wordcamp.org\/2024\/wp-json\/wp\/v2\/users\/15412659"}],"replies":[{"embeddable":true,"href":"https:\/\/torrelodones.wordcamp.org\/2024\/wp-json\/wp\/v2\/comments?post=1942"}],"version-history":[{"count":2,"href":"https:\/\/torrelodones.wordcamp.org\/2024\/wp-json\/wp\/v2\/pages\/1942\/revisions"}],"predecessor-version":[{"id":8116,"href":"https:\/\/torrelodones.wordcamp.org\/2024\/wp-json\/wp\/v2\/pages\/1942\/revisions\/8116"}],"wp:attachment":[{"href":"https:\/\/torrelodones.wordcamp.org\/2024\/wp-json\/wp\/v2\/media?parent=1942"}],"curies":[{"name":"wp","href":"https:\/\/api.w.org\/{rel}","templated":true}]}}