{"id":2570,"date":"2022-11-03T19:32:47","date_gmt":"2022-11-03T18:32:47","guid":{"rendered":"https:\/\/torrelodones.wordcamp.org\/2023\/?page_id=2570"},"modified":"2024-03-15T11:09:15","modified_gmt":"2024-03-15T10:09:15","slug":"ludoteca-3","status":"publish","type":"page","link":"https:\/\/torrelodones.wordcamp.org\/2024\/ludoteca-3\/","title":{"rendered":"Ludoteca"},"content":{"rendered":"\n<section class=\"wp-block-group alignfull wct23_section-hero-organizadores wct23_almena-hero\"><div class=\"wp-block-group__inner-container is-layout-constrained wp-block-group-is-layout-constrained\">\n<div class=\"wp-block-group alignfull\"><div class=\"wp-block-group__inner-container is-layout-constrained wp-block-group-is-layout-constrained\">\n<figure class=\"wp-block-image size-full nube_kinton\"><img loading=\"lazy\" decoding=\"async\" width=\"812\" height=\"269\" src=\"https:\/\/torrelodones.wordcamp.org\/2023\/files\/2022\/09\/nube-xl.png\" alt=\"\" class=\"wp-image-572\" srcset=\"https:\/\/torrelodones.wordcamp.org\/2024\/files\/2022\/09\/nube-xl.png 812w, https:\/\/torrelodones.wordcamp.org\/2024\/files\/2022\/09\/nube-xl-300x99.png 300w, https:\/\/torrelodones.wordcamp.org\/2024\/files\/2022\/09\/nube-xl-768x254.png 768w, https:\/\/torrelodones.wordcamp.org\/2024\/files\/2022\/09\/nube-xl-500x166.png 500w\" sizes=\"auto, (max-width: 812px) 100vw, 812px\" \/><\/figure>\n<\/div><\/div>\n\n\n\n<div class=\"wp-block-columns alignfull are-vertically-aligned-center is-layout-flex wp-container-core-columns-is-layout-8f761849 wp-block-columns-is-layout-flex\">\n<div class=\"wp-block-column is-vertically-aligned-center wct23_hero-block-content is-layout-flow wp-block-column-is-layout-flow\" style=\"flex-basis:60%\">\n<h1 class=\"wp-block-heading wct23_title-h1 wct23_titulo-hero\">Ludoteca<\/h1>\n<\/div>\n\n\n\n<div class=\"wp-block-column is-vertically-aligned-center wct23_hero-block-image is-layout-flow wp-block-column-is-layout-flow\" style=\"flex-basis:40%\">\n<figure class=\"wp-block-image size-full wct23_imagen-hero\"><img loading=\"lazy\" decoding=\"async\" width=\"1200\" height=\"600\" src=\"https:\/\/torrelodones.wordcamp.org\/2023\/files\/2023\/02\/wabali_ludoteca.png\" alt=\"\" class=\"wp-image-7114\" srcset=\"https:\/\/torrelodones.wordcamp.org\/2024\/files\/2023\/02\/wabali_ludoteca.png 1200w, https:\/\/torrelodones.wordcamp.org\/2024\/files\/2023\/02\/wabali_ludoteca-300x150.png 300w, https:\/\/torrelodones.wordcamp.org\/2024\/files\/2023\/02\/wabali_ludoteca-1024x512.png 1024w, https:\/\/torrelodones.wordcamp.org\/2024\/files\/2023\/02\/wabali_ludoteca-768x384.png 768w, https:\/\/torrelodones.wordcamp.org\/2024\/files\/2023\/02\/wabali_ludoteca-500x250.png 500w\" sizes=\"auto, (max-width: 1200px) 100vw, 1200px\" \/><\/figure>\n<\/div>\n<\/div>\n<\/div><\/section>\n\n\n\n<div class=\"wp-block-group wct23_ludoteca alignfull has-background\" style=\"background-color:#fff7da\"><div class=\"wp-block-group__inner-container is-layout-constrained wp-block-group-is-layout-constrained\">\n<p class=\"wp-block-paragraph\">    <br>Los organizadores y organizadoras de WordCamp Torrelodones estamos <strong>comprometidos con la conciliaci\u00f3n familiar<\/strong>. Muchos de nosotros somos padres y madres y somos conscientes de lo complicado que es en ocasiones mantener el equilibrio entre la vida familiar y profesional. <\/p>\n\n\n\n<p class=\"wp-block-paragraph\">Por este motivo, y pensando en Asistentes, Ponentes, Patrocinadores y Voluntarios, y gracias a la colaboraci\u00f3n en especie, ponemos en marcha un <strong>servicio de Ludoteca gratuito<\/strong>.<\/p>\n\n\n\n<p class=\"wp-block-paragraph\">Te contamos en qu\u00e9 consiste para que puedas decidir a la hora de sacar tu entrada si quieres venir acompa\u00f1ado de tus peques.<\/p>\n\n\n\n<h2 class=\"wp-block-heading\">Ludoteca infantil<\/h2>\n\n\n\n<p class=\"wp-block-paragraph\">Tiene como objetivo que los ni\u00f1os y ni\u00f1as asistentes disfruten de un espacio agradable en el que se llevar\u00e1n a cabo juegos y talleres donde se fomentar\u00e1 la participaci\u00f3n grupal. Habr\u00e1 sorpresas, m\u00fasica, baile&#8230; \u00a1y mucha diversi\u00f3n! Tambi\u00e9n contaremos con un espacio para hacer manualidades.<\/p>\n\n\n\n<p class=\"wp-block-paragraph\">Mientras, los mayores podr\u00e1n disfrutar en los <a href=\"https:\/\/torrelodones.wordcamp.org\/2024\/programa\/\">tracks A y B<\/a> con la tranquilidad de saber que los peques tambi\u00e9n est\u00e1n pas\u00e1ndolo en grande. <\/p>\n\n\n\n<p class=\"wp-block-paragraph\">Todas las actividades desarrolladas en la Ludoteca cumplir\u00e1n con la normativa vigente en cuanto a protecci\u00f3n y seguridad para que tanto participantes como los dos monitores que dirigir\u00e1n las actividades disfruten de las mismas en un entorno seguro.<\/p>\n\n\n\n<h2 class=\"wp-block-heading\">Programa de la Ludoteca<\/h2>\n\n\n\n<figure class=\"wp-block-image size-large\"><img loading=\"lazy\" decoding=\"async\" width=\"1200\" height=\"500\" src=\"https:\/\/torrelodones.wordcamp.org\/2024\/files\/2023\/11\/image-2-1200x500.png\" alt=\"\" class=\"wp-image-8009\" srcset=\"https:\/\/torrelodones.wordcamp.org\/2024\/files\/2023\/11\/image-2-1200x500.png 1200w, https:\/\/torrelodones.wordcamp.org\/2024\/files\/2023\/11\/image-2-900x375.png 900w, https:\/\/torrelodones.wordcamp.org\/2024\/files\/2023\/11\/image-2-768x320.png 768w, https:\/\/torrelodones.wordcamp.org\/2024\/files\/2023\/11\/image-2-500x208.png 500w, https:\/\/torrelodones.wordcamp.org\/2024\/files\/2023\/11\/image-2-1536x640.png 1536w, https:\/\/torrelodones.wordcamp.org\/2024\/files\/2023\/11\/image-2-1568x653.png 1568w, https:\/\/torrelodones.wordcamp.org\/2024\/files\/2023\/11\/image-2.png 1920w\" sizes=\"auto, (max-width: 1200px) 100vw, 1200px\" \/><\/figure>\n\n\n\n<p class=\"wp-block-paragraph\"><strong>La compa\u00f1\u00eda de Teatro \u00abBabidibu\u00bb<\/strong> est\u00e1 especializada en el trabajo con menores en el \u00e1mbito de la animaci\u00f3n Infantil.<\/p>\n\n\n\n<p class=\"wp-block-paragraph\"><strong>Juncal S\u00e1nchez y Xavi<\/strong> <strong>Montesinos<\/strong> son los responsables de llevar a cabo las actividades de la Ludoteca, realizando diversos talleres did\u00e1cticos que detallamos a continuaci\u00f3n:<\/p>\n\n\n\n<ul class=\"wp-block-list\">\n<li>9:00h a 10:00h <strong>Din\u00e1mica de presentaci\u00f3n<\/strong><\/li>\n\n\n\n<li>10:00h a 12:00h <strong>Taller de caretas<\/strong><\/li>\n\n\n\n<li>12:00h a 14:00 h <strong>Animaci\u00f3n con juegos diversos<\/strong><\/li>\n\n\n\n<li>14:30h a 16:00 h <strong>Descanso para comer<\/strong>*<\/li>\n\n\n\n<li>16:00 a 17:00 h <strong>Juegos de mesa<\/strong><\/li>\n\n\n\n<li>17:00 a 19:00 h <strong>Taller de manualidades con material reciclado<\/strong><\/li>\n\n\n\n<li>19:00 a 20:00 h <strong>Taller \u00abNos movemos todos\u00bb<\/strong><\/li>\n<\/ul>\n\n\n\n<p class=\"wp-block-paragraph\">*Durante el descanso de la comida, <strong>tendr\u00e1s que ser t\u00fa quien se ocupe de la alimentaci\u00f3n de tus peques<\/strong>.<\/p>\n\n\n\n<figure class=\"wp-block-image size-full\"><img loading=\"lazy\" decoding=\"async\" width=\"600\" height=\"800\" src=\"https:\/\/torrelodones.wordcamp.org\/2024\/files\/2023\/11\/image-3.png\" alt=\"\" class=\"wp-image-8011\" srcset=\"https:\/\/torrelodones.wordcamp.org\/2024\/files\/2023\/11\/image-3.png 600w, https:\/\/torrelodones.wordcamp.org\/2024\/files\/2023\/11\/image-3-225x300.png 225w\" sizes=\"auto, (max-width: 600px) 100vw, 600px\" \/><\/figure>\n\n\n\n<h2 class=\"wp-block-heading\">Para tener en cuenta<\/h2>\n\n\n\n<p class=\"wp-block-paragraph\">Antes de apuntar a tus peques a la Ludoteca tienes que tener en cuenta lo siguiente:<\/p>\n\n\n\n<ul class=\"wp-block-list\">\n<li>D\u00eda: 23 de marzo (servicio no disponible para Contributor Day)<\/li>\n\n\n\n<li>Hora: de 9 a 20 horas (con pausa para comer a cargo del padre, madre o tutor de los peques)<\/li>\n\n\n\n<li>Edades: de 1 a 12 a\u00f1os<\/li>\n\n\n\n<li>Aforo limitado: Para solicitar plaza en la ludoteca, debes indicarlo en el formulario de inscripci\u00f3n.&nbsp;Recuerda que la plaza se reserva por estricto orden de llegada, as\u00ed que cuanto antes compres tu entrada, mejor.<\/li>\n\n\n\n<li>Si tienes alguna duda ponte en <a href=\"https:\/\/torrelodones.wordcamp.org\/2023\/contacto\/\">contacto<\/a> con nosotros.<\/li>\n<\/ul>\n<\/div><\/div>\n\n\n","protected":false},"excerpt":{"rendered":"<p>Ludoteca Los organizadores y organizadoras de WordCamp Torrelodones estamos comprometidos con la conciliaci\u00f3n familiar. Muchos de nosotros somos padres y madres y somos conscientes de lo complicado que es en ocasiones mantener el equilibrio entre la vida familiar y profesional. Por este motivo, y pensando en Asistentes, Ponentes, Patrocinadores y Voluntarios, y gracias a la&hellip; <a class=\"more-link\" href=\"https:\/\/torrelodones.wordcamp.org\/2024\/ludoteca-3\/\">Seguir leyendo <span class=\"screen-reader-text\">Ludoteca<\/span><\/a><\/p>\n","protected":false},"author":15412659,"featured_media":0,"parent":0,"menu_order":0,"comment_status":"closed","ping_status":"closed","template":"","meta":{"_crdt_document":"","jetpack_post_was_ever_published":false,"footnotes":""},"class_list":["post-2570","page","type-page","status-publish","hentry","entry"],"jetpack_sharing_enabled":true,"_links":{"self":[{"href":"https:\/\/torrelodones.wordcamp.org\/2024\/wp-json\/wp\/v2\/pages\/2570","targetHints":{"allow":["GET"]}}],"collection":[{"href":"https:\/\/torrelodones.wordcamp.org\/2024\/wp-json\/wp\/v2\/pages"}],"about":[{"href":"https:\/\/torrelodones.wordcamp.org\/2024\/wp-json\/wp\/v2\/types\/page"}],"author":[{"embeddable":true,"href":"https:\/\/torrelodones.wordcamp.org\/2024\/wp-json\/wp\/v2\/users\/15412659"}],"replies":[{"embeddable":true,"href":"https:\/\/torrelodones.wordcamp.org\/2024\/wp-json\/wp\/v2\/comments?post=2570"}],"version-history":[{"count":6,"href":"https:\/\/torrelodones.wordcamp.org\/2024\/wp-json\/wp\/v2\/pages\/2570\/revisions"}],"predecessor-version":[{"id":9618,"href":"https:\/\/torrelodones.wordcamp.org\/2024\/wp-json\/wp\/v2\/pages\/2570\/revisions\/9618"}],"wp:attachment":[{"href":"https:\/\/torrelodones.wordcamp.org\/2024\/wp-json\/wp\/v2\/media?parent=2570"}],"curies":[{"name":"wp","href":"https:\/\/api.w.org\/{rel}","templated":true}]}}