{"id":5721,"date":"2023-01-09T13:07:41","date_gmt":"2023-01-09T12:07:41","guid":{"rendered":"https:\/\/torrelodones.wordcamp.org\/2023\/?page_id=5721"},"modified":"2024-01-17T12:05:58","modified_gmt":"2024-01-17T11:05:58","slug":"donde-alojarse","status":"publish","type":"page","link":"https:\/\/torrelodones.wordcamp.org\/2024\/donde-alojarse\/","title":{"rendered":"D\u00f3nde alojarse"},"content":{"rendered":"\n<p class=\"wp-block-paragraph\">Para disfrutar a pleno rendimiento de la WordCamp lo mejor es estar alojados lo m\u00e1s cerca posible del <a href=\"https:\/\/torrelodones.wordcamp.org\/2024\/como-llegar-a-la-wordcamp-y-donde-aparcar\/\" data-type=\"post\" data-id=\"6585\">lugar de celebraci\u00f3n del evento<\/a>.<\/p>\n\n\n\n<p class=\"wp-block-paragraph\">Hemos seleccionado para vosotros los 10 hoteles m\u00e1s cercanos. <\/p>\n\n\n\n<p class=\"wp-block-paragraph\">Deb\u00e9is ser r\u00e1pidos con vuestras reservas, ya que por marzo comienza a hacer buen tiempo por la Sierra y el pueblo se convierte en un lugar muy transitado por domingueros.<\/p>\n\n\n\n<p class=\"wp-block-paragraph\">Existe tambi\u00e9n la opci\u00f3n de alquilar entre varios una casa o alojamiento por la zona. Para gestionar esto, entra en el <a href=\"https:\/\/t.me\/+mIacmwM9Fdc5YWQ8\" target=\"_blank\" rel=\"noreferrer noopener\">canal de Telegram<\/a> de asistentes a la WordCamp y organ\u00edzate.<\/p>\n\n\n\n<p class=\"wp-block-paragraph\">Vamos all\u00e1 con los hoteles.<\/p>\n\n\n\n<div style=\"height:100px\" aria-hidden=\"true\" class=\"wp-block-spacer\"><\/div>\n\n\n\n<h2 class=\"wp-block-heading alignwide has-text-align-left\"><strong>Hotel Pax Torrelodones<\/strong> (<strong>60-70\u20ac noche<\/strong>)<\/h2>\n\n\n\n<div class=\"wp-block-media-text alignwide is-stacked-on-mobile is-vertically-aligned-top\"><figure class=\"wp-block-media-text__media\"><img loading=\"lazy\" decoding=\"async\" width=\"576\" height=\"756\" src=\"https:\/\/torrelodones.wordcamp.org\/2023\/files\/2023\/01\/hotel-pax-torrelodones.png\" alt=\"\" class=\"wp-image-5744 size-full\" srcset=\"https:\/\/torrelodones.wordcamp.org\/2024\/files\/2023\/01\/hotel-pax-torrelodones.png 576w, https:\/\/torrelodones.wordcamp.org\/2024\/files\/2023\/01\/hotel-pax-torrelodones-229x300.png 229w\" sizes=\"auto, (max-width: 576px) 100vw, 576px\" \/><\/figure><div class=\"wp-block-media-text__content\">\n<div class=\"wp-block-group\"><div class=\"wp-block-group__inner-container is-layout-constrained wp-block-group-is-layout-constrained\">\n<ul class=\"wp-block-list\">\n<li>Direcci\u00f3n: C. de Ribadeo, s\/n (Torrelodones, Madrid) <\/li>\n\n\n\n<li>Tel\u00e9fono: 918 40 66 06<\/li>\n\n\n\n<li>Correo: reservas.torre@paxhoteles.com<\/li>\n<\/ul>\n\n\n\n<p class=\"has-orange-background-color has-background wp-block-paragraph\"><strong>Reserva por tel\u00e9fono o por correo y<\/strong> <strong>especifica que vas al evento WordCamp Torrelodones 2024 para obtener un descuento del 7 %.<\/strong><\/p>\n\n\n\n<p class=\"wp-block-paragraph\">Es el \u00fanico hotel que hay en el pueblo y si te alojas aqu\u00ed, podr\u00e1s ir andando a la WordCamp.<\/p>\n\n\n\n<p class=\"wp-block-paragraph\">Adem\u00e1s, el sitio es muy bonito, el personal muy amable y las instalaciones est\u00e1n cuidadas.<\/p>\n\n\n\n<p class=\"wp-block-paragraph\"><a href=\"https:\/\/www.paxhoteles.com\/es\/hotel-pax-torrelodones\/\" target=\"_blank\" rel=\"noreferrer noopener\">https:\/\/www.paxhoteles.com\/es\/hotel-pax-torrelodones\/<\/a><\/p>\n<\/div><\/div>\n<\/div><\/div>\n\n\n\n<div style=\"height:100px\" aria-hidden=\"true\" class=\"wp-block-spacer\"><\/div>\n\n\n\n<blockquote class=\"twitter-tweet\"><p lang=\"es\" dir=\"ltr\">Hoy, nuestra lead organizer, <a href=\"https:\/\/twitter.com\/acirujano?ref_src=twsrc%5Etfw\">@acirujano<\/a>, ha visitado el hotelito de Torrelodones donde se va a celebrar la cena de organizaci\u00f3n de WordCamp Torrelodones 2024. <br><br>Abrimos hilo de v\u00eddeos \ud83d\udcfa<a href=\"https:\/\/twitter.com\/hashtag\/WCTorre?src=hash&amp;ref_src=twsrc%5Etfw\">#WCTorre<\/a> <a href=\"https:\/\/t.co\/jFYNGugSYJ\">pic.twitter.com\/jFYNGugSYJ<\/a><\/p>&mdash; Meetup\/WordCamp Torrelodones (@WPTorrelodones) <a href=\"https:\/\/twitter.com\/WPTorrelodones\/status\/1724050624356958318?ref_src=twsrc%5Etfw\">November 13, 2023<\/a><\/blockquote>\n\n\n\n<blockquote class=\"twitter-tweet\"><p lang=\"es\" dir=\"ltr\">Esta es la sala donde se va a celebrar la cena de ponentes, patrocinadores, organizadores y voluntarios\/as.<a href=\"https:\/\/twitter.com\/hashtag\/WCTorre?src=hash&amp;ref_src=twsrc%5Etfw\">#WCTorre<\/a> <a href=\"https:\/\/t.co\/d5DogWOlTc\">pic.twitter.com\/d5DogWOlTc<\/a><\/p>&mdash; Meetup\/WordCamp Torrelodones (@WPTorrelodones) <a href=\"https:\/\/twitter.com\/WPTorrelodones\/status\/1724050627733368879?ref_src=twsrc%5Etfw\">November 13, 2023<\/a><\/blockquote>\n\n\n\n\n\n<div style=\"height:100px\" aria-hidden=\"true\" class=\"wp-block-spacer\"><\/div>\n\n\n\n<h2 class=\"wp-block-heading alignwide has-text-align-left\"><strong>Hotel Plaza Las Matas (60-70\u20ac noche)<\/strong><\/h2>\n\n\n\n<div class=\"wp-block-media-text alignwide is-stacked-on-mobile is-vertically-aligned-top\"><figure class=\"wp-block-media-text__media\"><img loading=\"lazy\" decoding=\"async\" width=\"576\" height=\"756\" src=\"https:\/\/torrelodones.wordcamp.org\/2023\/files\/2023\/01\/hotel-plaza-lasmatas-madrid.png\" alt=\"\" class=\"wp-image-5749 size-full\" srcset=\"https:\/\/torrelodones.wordcamp.org\/2024\/files\/2023\/01\/hotel-plaza-lasmatas-madrid.png 576w, https:\/\/torrelodones.wordcamp.org\/2024\/files\/2023\/01\/hotel-plaza-lasmatas-madrid-229x300.png 229w\" sizes=\"auto, (max-width: 576px) 100vw, 576px\" \/><\/figure><div class=\"wp-block-media-text__content\">\n<div class=\"wp-block-group\"><div class=\"wp-block-group__inner-container is-layout-constrained wp-block-group-is-layout-constrained\">\n<p class=\"wp-block-paragraph\"><strong>C. Mart\u00edn Iriarte, 2F, 28290 Las Rozas de Madrid, Madrid <\/strong><\/p>\n\n\n\n<p class=\"wp-block-paragraph\"><strong>Tel\u00e9fono: 916 30 75 70<\/strong><\/p>\n\n\n\n<p class=\"wp-block-paragraph\"><a href=\"http:\/\/hotelplazalasmatas.com\/\" target=\"_blank\" rel=\"noreferrer noopener\">http:\/\/hotelplazalasmatas.com\/<\/a><\/p>\n<\/div><\/div>\n\n\n\n<p class=\"wp-block-paragraph\"><\/p>\n<\/div><\/div>\n\n\n\n<div style=\"height:100px\" aria-hidden=\"true\" class=\"wp-block-spacer\"><\/div>\n\n\n\n<h2 class=\"wp-block-heading alignwide has-text-align-left\"><strong>Exe Gran Hotel Almenar (90-100\u20ac noche)<\/strong><\/h2>\n\n\n\n<div class=\"wp-block-media-text alignwide is-stacked-on-mobile is-vertically-aligned-top\"><figure class=\"wp-block-media-text__media\"><img loading=\"lazy\" decoding=\"async\" width=\"576\" height=\"756\" src=\"https:\/\/torrelodones.wordcamp.org\/2023\/files\/2023\/01\/hotel-exe-gran-almenar-lasrozas.png\" alt=\"\" class=\"wp-image-5753 size-full\" srcset=\"https:\/\/torrelodones.wordcamp.org\/2024\/files\/2023\/01\/hotel-exe-gran-almenar-lasrozas.png 576w, https:\/\/torrelodones.wordcamp.org\/2024\/files\/2023\/01\/hotel-exe-gran-almenar-lasrozas-229x300.png 229w\" sizes=\"auto, (max-width: 576px) 100vw, 576px\" \/><\/figure><div class=\"wp-block-media-text__content\">\n<div class=\"wp-block-group\"><div class=\"wp-block-group__inner-container is-layout-constrained wp-block-group-is-layout-constrained\">\n<p class=\"wp-block-paragraph\"><strong>C. Jara\u00edz, 1, 28290 Madrid <\/strong><\/p>\n\n\n\n<p class=\"wp-block-paragraph\"><strong>Tel\u00e9fono: 916 30 81 28<\/strong><\/p>\n\n\n\n<p class=\"wp-block-paragraph\"><a href=\"https:\/\/www.eurostarshotels.com\/exe-gran-hotel-almenar.html\">https:\/\/www.eurostarshotels.com\/exe-gran-hotel-almenar.html<\/a><\/p>\n<\/div><\/div>\n<\/div><\/div>\n\n\n\n<div style=\"height:100px\" aria-hidden=\"true\" class=\"wp-block-spacer\"><\/div>\n\n\n\n<h2 class=\"wp-block-heading alignwide has-text-align-left\"><strong>B&amp;B Hotel Madrid Las Rozas (60-70\u20ac noche)<\/strong><\/h2>\n\n\n\n<div class=\"wp-block-media-text alignwide is-stacked-on-mobile is-vertically-aligned-top\"><figure class=\"wp-block-media-text__media\"><img loading=\"lazy\" decoding=\"async\" width=\"576\" height=\"756\" src=\"https:\/\/torrelodones.wordcamp.org\/2023\/files\/2023\/01\/BB-Hotel-Madrid-Las-Rozas.png\" alt=\"\" class=\"wp-image-5755 size-full\" srcset=\"https:\/\/torrelodones.wordcamp.org\/2024\/files\/2023\/01\/BB-Hotel-Madrid-Las-Rozas.png 576w, https:\/\/torrelodones.wordcamp.org\/2024\/files\/2023\/01\/BB-Hotel-Madrid-Las-Rozas-229x300.png 229w\" sizes=\"auto, (max-width: 576px) 100vw, 576px\" \/><\/figure><div class=\"wp-block-media-text__content\">\n<div class=\"wp-block-group\"><div class=\"wp-block-group__inner-container is-layout-constrained wp-block-group-is-layout-constrained\">\n<p class=\"wp-block-paragraph\"><strong>C. Per\u00fa, 2, 28290 Las Rozas de Madrid, Madrid <\/strong><\/p>\n\n\n\n<p class=\"wp-block-paragraph\"><strong>Tel\u00e9fono: 916 30 17 17<\/strong><\/p>\n\n\n\n<p class=\"wp-block-paragraph\"><a href=\"https:\/\/www.hotel-bb.com\/es\">https:\/\/www.hotel-bb.com\/es<\/a><\/p>\n<\/div><\/div>\n<\/div><\/div>\n\n\n\n<div style=\"height:100px\" aria-hidden=\"true\" class=\"wp-block-spacer\"><\/div>\n\n\n\n<h2 class=\"wp-block-heading alignwide\"><strong>Gran Hotel Attica 21 Las Rozas (90-100\u20ac noche)<\/strong><\/h2>\n\n\n\n<div class=\"wp-block-media-text alignwide is-stacked-on-mobile is-vertically-aligned-top\"><figure class=\"wp-block-media-text__media\"><img loading=\"lazy\" decoding=\"async\" width=\"576\" height=\"756\" src=\"https:\/\/torrelodones.wordcamp.org\/2023\/files\/2023\/01\/Gran-Hotel-Attica21-Las-Rozas.png\" alt=\"\" class=\"wp-image-5756 size-full\" srcset=\"https:\/\/torrelodones.wordcamp.org\/2024\/files\/2023\/01\/Gran-Hotel-Attica21-Las-Rozas.png 576w, https:\/\/torrelodones.wordcamp.org\/2024\/files\/2023\/01\/Gran-Hotel-Attica21-Las-Rozas-229x300.png 229w\" sizes=\"auto, (max-width: 576px) 100vw, 576px\" \/><\/figure><div class=\"wp-block-media-text__content\">\n<div class=\"wp-block-group\"><div class=\"wp-block-group__inner-container is-layout-constrained wp-block-group-is-layout-constrained\">\n<p class=\"wp-block-paragraph\"><strong>C. Chile, 2, 28290 Las Rozas de Madrid, Madrid <\/strong><\/p>\n\n\n\n<p class=\"wp-block-paragraph\"><strong>Tel\u00e9fono: 916 30 84 10<\/strong><\/p>\n\n\n\n<p class=\"wp-block-paragraph\"><a href=\"https:\/\/www.attica21hotels.com\/gran-hotel-attica21-las-rozas\/\">https:\/\/www.attica21hotels.com\/gran-hotel-attica21-las-rozas\/<\/a><\/p>\n<\/div><\/div>\n<\/div><\/div>\n\n\n\n<div style=\"height:100px\" aria-hidden=\"true\" class=\"wp-block-spacer\"><\/div>\n\n\n\n<h2 class=\"wp-block-heading alignwide\"><strong>Apartamentos Tartesos (60-70\u20ac noche)<\/strong><\/h2>\n\n\n\n<div class=\"wp-block-media-text alignwide is-stacked-on-mobile is-vertically-aligned-top\"><figure class=\"wp-block-media-text__media\"><img loading=\"lazy\" decoding=\"async\" width=\"576\" height=\"756\" src=\"https:\/\/torrelodones.wordcamp.org\/2023\/files\/2023\/01\/Apartamentos-Tartesos.png\" alt=\"\" class=\"wp-image-5757 size-full\" srcset=\"https:\/\/torrelodones.wordcamp.org\/2024\/files\/2023\/01\/Apartamentos-Tartesos.png 576w, https:\/\/torrelodones.wordcamp.org\/2024\/files\/2023\/01\/Apartamentos-Tartesos-229x300.png 229w\" sizes=\"auto, (max-width: 576px) 100vw, 576px\" \/><\/figure><div class=\"wp-block-media-text__content\">\n<div class=\"wp-block-group\"><div class=\"wp-block-group__inner-container is-layout-constrained wp-block-group-is-layout-constrained\">\n<p class=\"wp-block-paragraph\"><strong>C. Pollensa, 5, 28290 Las Rozas de Madrid, Madrid <\/strong><\/p>\n\n\n\n<p class=\"wp-block-paragraph\"><strong>Tel\u00e9fono: 916 40 00 55<\/strong><\/p>\n\n\n\n<p class=\"wp-block-paragraph\"><a href=\"https:\/\/www.booking.com\/hotel\/es\/apartamentos-tartesos.es.html\">https:\/\/www.booking.com\/hotel\/es\/apartamentos-tartesos.es.html<\/a><\/p>\n<\/div><\/div>\n<\/div><\/div>\n\n\n\n<div style=\"height:100px\" aria-hidden=\"true\" class=\"wp-block-spacer\"><\/div>\n\n\n\n<h2 class=\"wp-block-heading alignwide\"><strong>TH Las Rozas (60-70\u20ac noche)<\/strong><\/h2>\n\n\n\n<div class=\"wp-block-media-text alignwide is-stacked-on-mobile is-vertically-aligned-top\"><figure class=\"wp-block-media-text__media\"><img loading=\"lazy\" decoding=\"async\" width=\"576\" height=\"756\" src=\"https:\/\/torrelodones.wordcamp.org\/2023\/files\/2023\/01\/TH-Las-Rozas.png\" alt=\"\" class=\"wp-image-5758 size-full\" srcset=\"https:\/\/torrelodones.wordcamp.org\/2024\/files\/2023\/01\/TH-Las-Rozas.png 576w, https:\/\/torrelodones.wordcamp.org\/2024\/files\/2023\/01\/TH-Las-Rozas-229x300.png 229w\" sizes=\"auto, (max-width: 576px) 100vw, 576px\" \/><\/figure><div class=\"wp-block-media-text__content\">\n<p class=\"wp-block-paragraph\"><strong>Cam. Viejo de Madrid, 38, 28230 Las Rozas de Madrid, Madrid Tel\u00e9fono: 916 30 47 77<\/strong><\/p>\n\n\n\n<p class=\"wp-block-paragraph\"><a href=\"https:\/\/thlasrozashotel.com\/sobre-nosotros\/\">https:\/\/thlasrozashotel.com\/sobre-nosotros\/<\/a><\/p>\n\n\n\n<p class=\"wp-block-paragraph\"><\/p>\n<\/div><\/div>\n\n\n\n<div style=\"height:100px\" aria-hidden=\"true\" class=\"wp-block-spacer\"><\/div>\n\n\n\n<h2 class=\"wp-block-heading alignwide\"><strong>Hotel Galaico (40-60\u20ac noche)<\/strong><\/h2>\n\n\n\n<div class=\"wp-block-media-text alignwide is-stacked-on-mobile is-vertically-aligned-top\"><figure class=\"wp-block-media-text__media\"><img loading=\"lazy\" decoding=\"async\" width=\"576\" height=\"756\" src=\"https:\/\/torrelodones.wordcamp.org\/2023\/files\/2023\/01\/Hotel-Galaico-Villalba.png\" alt=\"\" class=\"wp-image-5759 size-full\" srcset=\"https:\/\/torrelodones.wordcamp.org\/2024\/files\/2023\/01\/Hotel-Galaico-Villalba.png 576w, https:\/\/torrelodones.wordcamp.org\/2024\/files\/2023\/01\/Hotel-Galaico-Villalba-229x300.png 229w\" sizes=\"auto, (max-width: 576px) 100vw, 576px\" \/><\/figure><div class=\"wp-block-media-text__content\">\n<div class=\"wp-block-group\"><div class=\"wp-block-group__inner-container is-layout-constrained wp-block-group-is-layout-constrained\">\n<p class=\"wp-block-paragraph\"><strong>Av. Juan Carlos I, 45, 28400 Collado Villalba, Madrid <\/strong><\/p>\n\n\n\n<p class=\"wp-block-paragraph\"><strong>Tel\u00e9fono: 918 51 03 04<\/strong><\/p>\n\n\n\n<p class=\"wp-block-paragraph\"><a href=\"https:\/\/www.hotelgalaico.com\/es\/\">https:\/\/www.hotelgalaico.com\/es\/<\/a><\/p>\n<\/div><\/div>\n<\/div><\/div>\n\n\n\n<div style=\"height:100px\" aria-hidden=\"true\" class=\"wp-block-spacer\"><\/div>\n\n\n\n<h2 class=\"wp-block-heading alignwide\"><strong>Hostal Lady Ana (40-60\u20ac noche<\/strong>)<\/h2>\n\n\n\n<div class=\"wp-block-media-text alignwide is-stacked-on-mobile is-vertically-aligned-top\"><figure class=\"wp-block-media-text__media\"><img loading=\"lazy\" decoding=\"async\" width=\"576\" height=\"756\" src=\"https:\/\/torrelodones.wordcamp.org\/2023\/files\/2023\/01\/Hostal-Lady-Ana-Villalba.png\" alt=\"\" class=\"wp-image-5760 size-full\" srcset=\"https:\/\/torrelodones.wordcamp.org\/2024\/files\/2023\/01\/Hostal-Lady-Ana-Villalba.png 576w, https:\/\/torrelodones.wordcamp.org\/2024\/files\/2023\/01\/Hostal-Lady-Ana-Villalba-229x300.png 229w\" sizes=\"auto, (max-width: 576px) 100vw, 576px\" \/><\/figure><div class=\"wp-block-media-text__content\">\n<div class=\"wp-block-group\"><div class=\"wp-block-group__inner-container is-layout-constrained wp-block-group-is-layout-constrained\">\n<p class=\"wp-block-paragraph\"><strong>C. Nicolasa Fern\u00e1ndez, 1, 28400 Collado Villalba, Madrid <\/strong><\/p>\n\n\n\n<p class=\"wp-block-paragraph\"><strong>Tel\u00e9fono: 918 51 08 93<\/strong><\/p>\n\n\n\n<p class=\"wp-block-paragraph\"><a href=\"https:\/\/ladyanamaria.com\/\">https:\/\/ladyanamaria.com\/<\/a><\/p>\n<\/div><\/div>\n<\/div><\/div>\n\n\n\n<div style=\"height:100px\" aria-hidden=\"true\" class=\"wp-block-spacer\"><\/div>\n\n\n\n<h2 class=\"wp-block-heading alignwide\"><strong>Hotel FC Villalba (58-70\u20ac noche<\/strong>)<\/h2>\n\n\n\n<div class=\"wp-block-media-text alignwide is-stacked-on-mobile is-vertically-aligned-top\"><figure class=\"wp-block-media-text__media\"><img loading=\"lazy\" decoding=\"async\" width=\"576\" height=\"756\" src=\"https:\/\/torrelodones.wordcamp.org\/2023\/files\/2023\/01\/fc-hotel.png\" alt=\"\" class=\"wp-image-5823 size-full\" srcset=\"https:\/\/torrelodones.wordcamp.org\/2024\/files\/2023\/01\/fc-hotel.png 576w, https:\/\/torrelodones.wordcamp.org\/2024\/files\/2023\/01\/fc-hotel-229x300.png 229w\" sizes=\"auto, (max-width: 576px) 100vw, 576px\" \/><\/figure><div class=\"wp-block-media-text__content\">\n<div class=\"wp-block-group\"><div class=\"wp-block-group__inner-container is-layout-constrained wp-block-group-is-layout-constrained\">\n<p class=\"wp-block-paragraph\"><strong>Carr. Navacerrada, Km 1,37, 28400 Collado Villalba, Madrid<\/strong><\/p>\n\n\n\n<p class=\"wp-block-paragraph\"><strong>Tel\u00e9fono: 918 40 74 30<\/strong><\/p>\n\n\n\n<p class=\"wp-block-paragraph\"><a href=\"https:\/\/www.hotelfcvillalba.com\/\">https:\/\/www.hotelfcvillalba.com\/<\/a><\/p>\n\n\n\n<p class=\"wp-block-paragraph\"><strong>Desde 58 \u20ac a 70 \u20ac<\/strong><\/p>\n<\/div><\/div>\n\n\n\n<p class=\"wp-block-paragraph\"><\/p>\n<\/div><\/div>\n\n\n\n<div style=\"height:150px\" aria-hidden=\"true\" class=\"wp-block-spacer\"><\/div>\n","protected":false},"excerpt":{"rendered":"<p>Para disfrutar a pleno rendimiento de la WordCamp lo mejor es estar alojados lo m\u00e1s cerca posible del lugar de celebraci\u00f3n del evento. Hemos seleccionado para vosotros los 10 hoteles m\u00e1s cercanos. Deb\u00e9is ser r\u00e1pidos con vuestras reservas, ya que por marzo comienza a hacer buen tiempo por la Sierra y el pueblo se convierte&hellip; <a class=\"more-link\" href=\"https:\/\/torrelodones.wordcamp.org\/2024\/donde-alojarse\/\">Seguir leyendo <span class=\"screen-reader-text\">D\u00f3nde alojarse<\/span><\/a><\/p>\n","protected":false},"author":15412659,"featured_media":1061,"parent":0,"menu_order":0,"comment_status":"closed","ping_status":"closed","template":"","meta":{"_crdt_document":"","jetpack_post_was_ever_published":false,"footnotes":""},"class_list":["post-5721","page","type-page","status-publish","has-post-thumbnail","hentry","entry"],"jetpack_sharing_enabled":true,"_links":{"self":[{"href":"https:\/\/torrelodones.wordcamp.org\/2024\/wp-json\/wp\/v2\/pages\/5721","targetHints":{"allow":["GET"]}}],"collection":[{"href":"https:\/\/torrelodones.wordcamp.org\/2024\/wp-json\/wp\/v2\/pages"}],"about":[{"href":"https:\/\/torrelodones.wordcamp.org\/2024\/wp-json\/wp\/v2\/types\/page"}],"author":[{"embeddable":true,"href":"https:\/\/torrelodones.wordcamp.org\/2024\/wp-json\/wp\/v2\/users\/15412659"}],"replies":[{"embeddable":true,"href":"https:\/\/torrelodones.wordcamp.org\/2024\/wp-json\/wp\/v2\/comments?post=5721"}],"version-history":[{"count":12,"href":"https:\/\/torrelodones.wordcamp.org\/2024\/wp-json\/wp\/v2\/pages\/5721\/revisions"}],"predecessor-version":[{"id":8977,"href":"https:\/\/torrelodones.wordcamp.org\/2024\/wp-json\/wp\/v2\/pages\/5721\/revisions\/8977"}],"wp:featuredmedia":[{"embeddable":true,"href":"https:\/\/torrelodones.wordcamp.org\/2024\/wp-json\/wp\/v2\/media\/1061"}],"wp:attachment":[{"href":"https:\/\/torrelodones.wordcamp.org\/2024\/wp-json\/wp\/v2\/media?parent=5721"}],"curies":[{"name":"wp","href":"https:\/\/api.w.org\/{rel}","templated":true}]}}