{"id":7706,"date":"2022-06-30T16:07:16","date_gmt":"2022-06-30T14:07:16","guid":{"rendered":"https:\/\/torrelodones.wordcamp.org\/2023\/contact\/"},"modified":"2023-09-26T17:13:02","modified_gmt":"2023-09-26T15:13:02","slug":"contacto","status":"publish","type":"page","link":"https:\/\/torrelodones.wordcamp.org\/2024\/contacto\/","title":{"rendered":"Contacto"},"content":{"rendered":"\n<section class=\"wp-block-group alignfull wct23_section-hero-organizadores wct23_almena-hero\"><div class=\"wp-block-group__inner-container is-layout-constrained wp-block-group-is-layout-constrained\">\n<div class=\"wp-block-group alignfull\"><div class=\"wp-block-group__inner-container is-layout-constrained wp-block-group-is-layout-constrained\">\n<figure class=\"wp-block-image size-full nube_kinton\"><img loading=\"lazy\" decoding=\"async\" width=\"812\" height=\"269\" src=\"https:\/\/torrelodones.wordcamp.org\/2023\/files\/2022\/09\/nube-xl.png\" alt=\"\" class=\"wp-image-572\" srcset=\"https:\/\/torrelodones.wordcamp.org\/2024\/files\/2022\/09\/nube-xl.png 812w, https:\/\/torrelodones.wordcamp.org\/2024\/files\/2022\/09\/nube-xl-300x99.png 300w, https:\/\/torrelodones.wordcamp.org\/2024\/files\/2022\/09\/nube-xl-768x254.png 768w, https:\/\/torrelodones.wordcamp.org\/2024\/files\/2022\/09\/nube-xl-500x166.png 500w\" sizes=\"auto, (max-width: 812px) 100vw, 812px\" \/><\/figure>\n<\/div><\/div>\n\n\n\n<div class=\"wp-block-columns alignfull are-vertically-aligned-center is-layout-flex wp-container-core-columns-is-layout-8f761849 wp-block-columns-is-layout-flex\">\n<div class=\"wp-block-column is-vertically-aligned-center wct23_hero-block-content is-layout-flow wp-block-column-is-layout-flow\" style=\"flex-basis:60%\">\n<h1 class=\"wp-block-heading wct23_title-h1 wct23_titulo-hero\">Contacto<\/h1>\n<\/div>\n\n\n\n<div class=\"wp-block-column is-vertically-aligned-center wct23_hero-block-image is-layout-flow wp-block-column-is-layout-flow\" style=\"flex-basis:40%\">\n<figure class=\"wp-block-image size-full wct23_imagen-hero\"><img loading=\"lazy\" decoding=\"async\" width=\"1200\" height=\"600\" src=\"https:\/\/torrelodones.wordcamp.org\/2023\/files\/2022\/11\/wabali-ordenador_DEF-2.png\" alt=\"\" class=\"wp-image-4626\" srcset=\"https:\/\/torrelodones.wordcamp.org\/2024\/files\/2022\/11\/wabali-ordenador_DEF-2.png 1200w, https:\/\/torrelodones.wordcamp.org\/2024\/files\/2022\/11\/wabali-ordenador_DEF-2-300x150.png 300w, https:\/\/torrelodones.wordcamp.org\/2024\/files\/2022\/11\/wabali-ordenador_DEF-2-1024x512.png 1024w, https:\/\/torrelodones.wordcamp.org\/2024\/files\/2022\/11\/wabali-ordenador_DEF-2-768x384.png 768w, https:\/\/torrelodones.wordcamp.org\/2024\/files\/2022\/11\/wabali-ordenador_DEF-2-500x250.png 500w\" sizes=\"auto, (max-width: 1200px) 100vw, 1200px\" \/><\/figure>\n<\/div>\n<\/div>\n<\/div><\/section>\n\n\n\n<section class=\"wp-block-group alignfull wct23_sponsors has-background\" style=\"background-color:#fff7da\"><div class=\"wp-block-group__inner-container is-layout-flow wp-block-group-is-layout-flow\">\n<div class=\"wp-block-columns alignfull is-layout-flex wp-container-core-columns-is-layout-8f761849 wp-block-columns-is-layout-flex\">\n<div class=\"wp-block-column is-layout-flow wp-block-column-is-layout-flow\">\n<div class=\"wp-block-group wct_23_entradas\"><div class=\"wp-block-group__inner-container is-layout-constrained wp-block-group-is-layout-constrained\">\n<p class=\"wp-block-paragraph\">Env\u00edanos un mensaje a trav\u00e9s de este formulario de contacto y te contestaremos lo antes posible. \u00a1Gracias!<\/p>\n\n\n<div data-test='contact-form'\n\t\t\tid='contact-form-7706'\n\t\t\tclass='jetpack-contact-form-container '\n\t\t\tdata-wp-interactive='jetpack\/form' data-wp-context='{\"formId\":\"7706\",\"formHash\":\"756f331d329df2bec29cc2432120ecc7d36df6e2\",\"showErrors\":false,\"errors\":[],\"fields\":[],\"isMultiStep\":false,\"useAjax\":true,\"submissionData\":null,\"formattedSubmissionData\":[],\"submissionSuccess\":false,\"submissionError\":null,\"elementId\":\"jp-form-756f331d329df2bec29cc2432120ecc7d36df6e2\",\"isSingleInputForm\":false,\"isForcedHorizontal\":false}'\n\t\t\tdata-wp-watch--scroll-to-wrapper=\"callbacks.scrollToWrapper\"\n\t\t>\n<div class=\"contact-form-submission contact-form-ajax-submission\" data-wp-bind--aria-hidden=\"state.isSuccessMessageAriaHidden\" data-wp-class--submission-success=\"context.submissionSuccess\" id=\"contact-form-success-756f331d329df2bec29cc2432120ecc7d36df6e2\" tabindex=\"-1\" aria-labelledby=\"contact-form-success-header-756f331d329df2bec29cc2432120ecc7d36df6e2\"><p class=\"go-back-message\"><a class=\"link\" role=\"button\" tabindex=\"0\" data-wp-on--click=\"actions.goBack\" href=\"\/2024\/wp-json\/wp\/v2\/pages\/7706\">\u2190 Back<\/a><\/p><h4 data-wp-bind--aria-hidden=\"state.isSuccessMessageAriaHidden\" id=\"contact-form-success-header-756f331d329df2bec29cc2432120ecc7d36df6e2\">Tu mensaje se ha enviado<\/h4>\n\n<div class=\"jetpack_forms_contact-form-custom-success-message\">\u00a1Gracias por tu env\u00edo! Pronto nos pondremos en contacto.<\/div><\/div><form action='https:\/\/torrelodones.wordcamp.org\/2024\/contacto\/'\n\t\t\t\tid='jp-form-756f331d329df2bec29cc2432120ecc7d36df6e2'\n\t\t\t\tmethod='post'\n\t\t\t\tclass='contact-form commentsblock jetpack-contact-form__form has-no-jetpack-form-layout' aria-label=\"Contacto\"\n\t\t\t\tdata-wp-on--submit=\"actions.onFormSubmit\"\n\t\t\t\tdata-wp-on--reset=\"actions.onFormReset\"\n\t\t\t\tdata-wp-class--submission-success=\"context.submissionSuccess\"\n\t\t\t\tdata-wp-class--is-first-step=\"state.isFirstStep\"\n\t\t\t\tdata-wp-class--is-last-step=\"state.isLastStep\"\n\t\t\t\tdata-wp-class--is-ajax-form=\"context.useAjax\"\n\t\t\t\tnovalidate >\n<input type='hidden' name='jetpack_contact_form_jwt' value='eyJ0eXAiOiJKV1QiLCJhbGciOiJIUzI1NiJ9.eyJlbmNyeXB0ZWRfYXR0cmlidXRlcyI6IjM2NTZ3Y0RIclViV2p6ZFRTam1KcmdXMnRmNG5NZ0tMTEpKME80TG8xc092Y2JjRXJWUlJqekFlalNwYTNRbmxRT0o3MXFJYzM5aExLdDBudHlFYi8xY3N5eW50Kzd3NXk5QUpZMXhTRXUrNU9KcmV5VzBGZG5QOHZDUE1tSG9QQnpIL3k3UTdUdW9VOVBhNGhDWnFMcnYwYzF6K1FpVEFxSi9xcXZhb1hHNEI5djNtVEdpa1NlSkcyU2prTGIrY3AvTG1KTUtCSGdqblUwTXZFQTJCMitpKzdOU1BpQ2RhRUg4UTRzS09NcS9OMzdxVkNHUVR1RzcyM3YwY3JqSTJaVzRzWEJEUDdaWHVpZFJUcTVsS3VYVDhjTzBDR3dSQkY0bU9uYWdCUFhaeGZ1NWxRUm90MzJrUjEwTXU0c1YveHVVTXArQVBZSDJkaU9jVm5uSjJJK2RHdjRYWGtFVndTQlpabTBpN0VQMllnTzczUEZZQ3BiM0FiVGZHSHBDNEw2UEVjZ3NmbGhFNEpaWHh3QTN2RENXNWZ3RGhEMnorSExUQ1FMTy9aQkl5TEw1TTJ6UnNEc2ZEVkY5eEJONWpBSGUvcUtFSGx1Z2xPbUY4THBBcWhlVE1JUGtwdWtpYjhITFVCdmtqMHRVWG9yRGFkd3RuZ3M5RGo2ZFNZdnhCQmNIWlhuTGdnRjl0NkEvT0RiR1FSb29yOWdZdUtNYlRMTEFBa1l3MXVwMW9WNFV5YmVMOVI3WUZSeERKNkN5cGdGTnJwK01FdHhFQnBYRTFzM3BobnVycTFtSm5MbW1wVDlVWG1oQnhxNFZLMzVRN0QralZGRnRyekcrNFNwbjFJZktuUDMwbnIwQ3dpcHd0RkE2QnlGc3N4ZzF0VE50TkhucHBxZDlCd3c3eXR2NGR3WUlnV0VlNWtCMFE3MHRpZEZvWjJkYy9OMEIrNHlYRGx1YVdjVDhHRzI2ZktjWkd2UWhjVUVjVmE3ZFRFcWpHbm91T25UYVR5K2dvcWlUWS9hZTB2T1U4Y1Riem94dE51SVRmRHFUclVnSmlxZU0xenl3cGMvZFBIVENOWmRvbkVNK0dDWXNMeTBnclNUYXlCaGk3cWhZRnI0Z1MrbnVSbFNCcVJWN0tDSTVYYllJREJQSlhBNzA2cHpJYXNYS0ltYlhJd3RCN2JualRNdTdZTDJCZEpPYXNsQnc0cXRqR0VmcTk3c01XMHQydUNORmRCV3ROL09WUDJVZUloYzY2NGtsNlE1VURYL29kNDFCcmVEK01BMDVWSjJZd1F0b1ZibDJBYVg3OFZFUGVYWFNPaERZbEV4MGJsTDNvZG5sVVlJejJnUT09IiwiY29udGVudCI6IlxuPGRpdiBjbGFzcz1cIndwLWJsb2NrLWpldHBhY2stY29udGFjdC1mb3JtXCI-W2NvbnRhY3QtZmllbGQgbGFiZWw9XCJOb21icmVcIiByZXF1aXJlZD1cIjFcIiByZXF1aXJlZFRleHQ9XCIob2JsaWdhdG9yaW8pXCIgdHlwZT1cIm5hbWVcIi9dXG5cbltjb250YWN0LWZpZWxkIGxhYmVsPVwiQ29ycmVvIGVsZWN0clx1MDBmM25pY29cIiByZXF1aXJlZD1cIjFcIiByZXF1aXJlZFRleHQ9XCIob2JsaWdhdG9yaW8pXCIgdHlwZT1cImVtYWlsXCIvXVxuXG5bY29udGFjdC1maWVsZCBsYWJlbD1cIk1lbnNhamVcIiByZXF1aXJlZD1cIjFcIiByZXF1aXJlZFRleHQ9XCIob2JsaWdhdG9yaW8pXCIgdHlwZT1cInRleHRhcmVhXCIvXVxuXG48ZGl2IGNsYXNzPVwid3AtYmxvY2stamV0cGFjay1idXR0b24gd3AtYmxvY2stYnV0dG9uXCIgc3R5bGU9XCJcIj48YnV0dG9uIGNsYXNzPVwid3AtYmxvY2stYnV0dG9uX19saW5rXCIgc3R5bGU9XCJcIiBkYXRhLWlkLWF0dHI9XCJwbGFjZWhvbGRlclwiIHR5cGU9XCJzdWJtaXRcIiBkYXRhLXdwLWNsYXNzLS1pcy1zdWJtaXR0aW5nPVwic3RhdGUuaXNTdWJtaXR0aW5nXCIgZGF0YS13cC1iaW5kLS1hcmlhLWRpc2FibGVkPVwic3RhdGUuaXNBcmlhRGlzYWJsZWRcIj5FbnZpYXI8c3BhbiBjbGFzcz1cInNwaW5uZXJcIiBhcmlhLWhpZGRlbj1cInRydWVcIj48c3ZnIHdpZHRoPVwiMjRcIiBoZWlnaHQ9XCIyNFwiIHZpZXdCb3g9XCIwIDAgMjQgMjRcIiB4bWxucz1cImh0dHA6Ly93d3cudzMub3JnLzIwMDAvc3ZnXCI-PHBhdGggZD1cIk0xMiwxQTExLDExLDAsMSwwLDIzLDEyLDExLDExLDAsMCwwLDEyLDFabTAsMTlhOCw4LDAsMSwxLDgtOEE4LDgsMCwwLDEsMTIsMjBaXCIgb3BhY2l0eT1cIi4yNVwiLz48cGF0aCBkPVwiTTEwLjE0LDEuMTZhMTEsMTEsMCwwLDAtOSw4LjkyQTEuNTksMS41OSwwLDAsMCwyLjQ2LDEyLDEuNTIsMS41MiwwLDAsMCw0LjExLDEwLjdhOCw4LDAsMCwxLDYuNjYtNi42MUExLjQyLDEuNDIsMCwwLDAsMTIsMi42OWgwQTEuNTcsMS41NywwLDAsMCwxMC4xNCwxLjE2WlwiPjxhbmltYXRlVHJhbnNmb3JtIGF0dHJpYnV0ZU5hbWU9XCJ0cmFuc2Zvcm1cIiB0eXBlPVwicm90YXRlXCIgZHVyPVwiMC43NXNcIiB2YWx1ZXM9XCIwIDEyIDEyOzM2MCAxMiAxMlwiIHJlcGVhdENvdW50PVwiaW5kZWZpbml0ZVwiLz48L3BhdGg-PC9zdmc-PHNwYW4gY2xhc3M9XCJpcy12aXN1YWxseS1oaWRkZW5cIj5TdWJtaXR0aW5nIGZvcm08L3NwYW4-PC9zcGFuPjwvYnV0dG9uPjwvZGl2PjwvZGl2PlxuIiwiaGFzaCI6Ijc1NmYzMzFkMzI5ZGYyYmVjMjljYzI0MzIxMjBlY2M3ZDM2ZGY2ZTIiLCJzb3VyY2UiOnsiZW50cnlfdGl0bGUiOiJDb250YWN0byIsImVudHJ5X3BhZ2UiOjEsInNvdXJjZV9pZCI6NzcwNiwic291cmNlX3R5cGUiOiJzaW5nbGUiLCJyZXF1ZXN0X3VybCI6Imh0dHBzOi8vdG9ycmVsb2RvbmVzLndvcmRjYW1wLm9yZy8yMDI0L3dwLWpzb24vd3AvdjIvcGFnZXMvNzcwNiJ9LCJ2ZXJzaW9uIjoyLCJjaXBoZXIiOiJhZXMtMjU2LWdjbSJ9.42OcO6iyiN2Ba-B2DRmcgeIA9n42vuJjkKlpxVpSeo0' \/>\n\n<div class=\"wp-block-jetpack-contact-form is-layout-flex wp-container-jetpack-contact-form-is-layout-7f6ac06e wp-block-jetpack-contact-form-is-layout-flex\">\n<div style=\"\"  data-wp-interactive=\"jetpack\/form\" data-wp-context='{\"fieldId\":\"g7706-nombre\",\"fieldType\":\"name\",\"fieldLabel\":\"Nombre\",\"fieldValue\":\"\",\"fieldPlaceholder\":\"\",\"fieldIsRequired\":\"1\",\"fieldErrorMessage\":\"\",\"fieldExtra\":[],\"formHash\":\"756f331d329df2bec29cc2432120ecc7d36df6e2\"}'  class='grunion-field-name-wrap grunion-field-wrap'  data-wp-init='callbacks.initializeField' data-wp-on--jetpack-form-reset='callbacks.initializeField' >\n<label\n\t\t\t\tfor='g7706-nombre' class=\"grunion-field-label name\" >Nombre<span class=\"grunion-label-required\" aria-hidden=\"true\">(obligatorio)<\/span><\/label>\n<input\n\t\t\t\t\ttype='text'\n\t\t\t\t\tname='g7706-nombre'\n\t\t\t\t\tid='g7706-nombre'\n\t\t\t\t\tvalue=''\n\n\t\t\t\t\tdata-wp-bind--aria-invalid='state.fieldAriaInvalid'\n\t\t\t\t\tdata-wp-bind--value='state.getFieldValue'\n\t\t\t\t\taria-describedby='g7706-nombre-text-error-message'\n\t\t\t\t\tdata-wp-on--input='actions.onFieldChange'\n\t\t\t\t\tdata-wp-on--blur='actions.onFieldBlur'\n\t\t\t\t\tdata-wp-class--has-value='state.hasFieldValue'\n\n\t\t\t\t\tclass='name  grunion-field' \n\t\t\t\t\trequired='true' aria-required='true'  \/>\n \n\t\t\t<div id=\"g7706-nombre-text-error\" class=\"contact-form__input-error\" data-wp-class--has-errors=\"state.fieldHasErrors\">\n\t\t\t\t<span class=\"contact-form__warning-icon\" aria-hidden=\"true\">\n\t\t\t\t\t<svg width=\"16\" height=\"16\" viewBox=\"0 0 16 16\" fill=\"none\" xmlns=\"http:\/\/www.w3.org\/2000\/svg\">\n\t\t\t\t\t\t<path d=\"M8.50015 11.6402H7.50015V10.6402H8.50015V11.6402Z\" \/>\n\t\t\t\t\t\t<path d=\"M7.50015 9.64018H8.50015V6.30684H7.50015V9.64018Z\" \/>\n\t\t\t\t\t\t<path fill-rule=\"evenodd\" clip-rule=\"evenodd\" d=\"M6.98331 3.0947C7.42933 2.30177 8.57096 2.30177 9.01698 3.09469L13.8771 11.7349C14.3145 12.5126 13.7525 13.4735 12.8602 13.4735H3.14004C2.24774 13.4735 1.68575 12.5126 2.12321 11.7349L6.98331 3.0947ZM8.14541 3.58496C8.08169 3.47168 7.9186 3.47168 7.85488 3.58496L2.99478 12.2251C2.93229 12.3362 3.01257 12.4735 3.14004 12.4735H12.8602C12.9877 12.4735 13.068 12.3362 13.0055 12.2251L8.14541 3.58496Z\" \/>\n\t\t\t\t\t<\/svg>\n\t\t\t\t<\/span>\n\t\t\t\t<span data-wp-text=\"state.errorMessage\" id=\"g7706-nombre-text-error-message\"><\/span>\n\t\t\t<\/div> \n\t<\/div>\n\n\n\n<div style=\"\"  data-wp-interactive=\"jetpack\/form\" data-wp-context='{\"fieldId\":\"g7706-correoelectrnico\",\"fieldType\":\"email\",\"fieldLabel\":\"Correo electr\\u00f3nico\",\"fieldValue\":\"\",\"fieldPlaceholder\":\"\",\"fieldIsRequired\":\"1\",\"fieldErrorMessage\":\"\",\"fieldExtra\":[],\"formHash\":\"756f331d329df2bec29cc2432120ecc7d36df6e2\"}'  class='grunion-field-email-wrap grunion-field-wrap'  data-wp-init='callbacks.initializeField' data-wp-on--jetpack-form-reset='callbacks.initializeField' >\n<label\n\t\t\t\tfor='g7706-correoelectrnico' class=\"grunion-field-label email\" >Correo electr\u00f3nico<span class=\"grunion-label-required\" aria-hidden=\"true\">(obligatorio)<\/span><\/label>\n<input\n\t\t\t\t\ttype='email'\n\t\t\t\t\tname='g7706-correoelectrnico'\n\t\t\t\t\tid='g7706-correoelectrnico'\n\t\t\t\t\tvalue=''\n\n\t\t\t\t\tdata-wp-bind--aria-invalid='state.fieldAriaInvalid'\n\t\t\t\t\tdata-wp-bind--value='state.getFieldValue'\n\t\t\t\t\taria-describedby='g7706-correoelectrnico-email-error-message'\n\t\t\t\t\tdata-wp-on--input='actions.onFieldChange'\n\t\t\t\t\tdata-wp-on--blur='actions.onFieldBlur'\n\t\t\t\t\tdata-wp-class--has-value='state.hasFieldValue'\n\n\t\t\t\t\tclass='email  grunion-field' \n\t\t\t\t\trequired='true' aria-required='true'  \/>\n \n\t\t\t<div id=\"g7706-correoelectrnico-email-error\" class=\"contact-form__input-error\" data-wp-class--has-errors=\"state.fieldHasErrors\">\n\t\t\t\t<span class=\"contact-form__warning-icon\" aria-hidden=\"true\">\n\t\t\t\t\t<svg width=\"16\" height=\"16\" viewBox=\"0 0 16 16\" fill=\"none\" xmlns=\"http:\/\/www.w3.org\/2000\/svg\">\n\t\t\t\t\t\t<path d=\"M8.50015 11.6402H7.50015V10.6402H8.50015V11.6402Z\" \/>\n\t\t\t\t\t\t<path d=\"M7.50015 9.64018H8.50015V6.30684H7.50015V9.64018Z\" \/>\n\t\t\t\t\t\t<path fill-rule=\"evenodd\" clip-rule=\"evenodd\" d=\"M6.98331 3.0947C7.42933 2.30177 8.57096 2.30177 9.01698 3.09469L13.8771 11.7349C14.3145 12.5126 13.7525 13.4735 12.8602 13.4735H3.14004C2.24774 13.4735 1.68575 12.5126 2.12321 11.7349L6.98331 3.0947ZM8.14541 3.58496C8.08169 3.47168 7.9186 3.47168 7.85488 3.58496L2.99478 12.2251C2.93229 12.3362 3.01257 12.4735 3.14004 12.4735H12.8602C12.9877 12.4735 13.068 12.3362 13.0055 12.2251L8.14541 3.58496Z\" \/>\n\t\t\t\t\t<\/svg>\n\t\t\t\t<\/span>\n\t\t\t\t<span data-wp-text=\"state.errorMessage\" id=\"g7706-correoelectrnico-email-error-message\"><\/span>\n\t\t\t<\/div> \n\t<\/div>\n\n\n\n<div style=\"\"  data-wp-interactive=\"jetpack\/form\" data-wp-context='{\"fieldId\":\"g7706-mensaje\",\"fieldType\":\"textarea\",\"fieldLabel\":\"Mensaje\",\"fieldValue\":\"\",\"fieldPlaceholder\":\"\",\"fieldIsRequired\":\"1\",\"fieldErrorMessage\":\"\",\"fieldExtra\":[],\"formHash\":\"756f331d329df2bec29cc2432120ecc7d36df6e2\"}'  class='grunion-field-textarea-wrap grunion-field-wrap'  data-wp-init='callbacks.initializeField' data-wp-on--jetpack-form-reset='callbacks.initializeField' >\n<label\n\t\t\t\tfor='contact-form-comment-g7706-mensaje' class=\"grunion-field-label textarea\" >Mensaje<span class=\"grunion-label-required\" aria-hidden=\"true\">(obligatorio)<\/span><\/label>\n<textarea\n\t\t                style=''\n\t\t                name='g7706-mensaje'\n\t\t                id='contact-form-comment-g7706-mensaje'\n\t\t                rows='20'\n\t\t\t\t\t\tdata-wp-text='state.getFieldValue'\n\t\t\t\t\t\tdata-wp-on--input='actions.onFieldChange'\n\t\t\t\t\t\tdata-wp-on--blur='actions.onFieldBlur'\n\t\t\t\t\t\tdata-wp-class--has-value='state.hasFieldValue'\n\t\t\t\t\t\taria-describedby='g7706-mensaje-textarea-error-message'\n\t\t\t\t\t\tdata-wp-bind--aria-invalid='state.fieldAriaInvalid'\n\t\t\t\t\t\tclass='textarea  grunion-field'  required aria-required='true'><\/textarea>\n \n\t\t\t<div id=\"g7706-mensaje-textarea-error\" class=\"contact-form__input-error\" data-wp-class--has-errors=\"state.fieldHasErrors\">\n\t\t\t\t<span class=\"contact-form__warning-icon\" aria-hidden=\"true\">\n\t\t\t\t\t<svg width=\"16\" height=\"16\" viewBox=\"0 0 16 16\" fill=\"none\" xmlns=\"http:\/\/www.w3.org\/2000\/svg\">\n\t\t\t\t\t\t<path d=\"M8.50015 11.6402H7.50015V10.6402H8.50015V11.6402Z\" \/>\n\t\t\t\t\t\t<path d=\"M7.50015 9.64018H8.50015V6.30684H7.50015V9.64018Z\" \/>\n\t\t\t\t\t\t<path fill-rule=\"evenodd\" clip-rule=\"evenodd\" d=\"M6.98331 3.0947C7.42933 2.30177 8.57096 2.30177 9.01698 3.09469L13.8771 11.7349C14.3145 12.5126 13.7525 13.4735 12.8602 13.4735H3.14004C2.24774 13.4735 1.68575 12.5126 2.12321 11.7349L6.98331 3.0947ZM8.14541 3.58496C8.08169 3.47168 7.9186 3.47168 7.85488 3.58496L2.99478 12.2251C2.93229 12.3362 3.01257 12.4735 3.14004 12.4735H12.8602C12.9877 12.4735 13.068 12.3362 13.0055 12.2251L8.14541 3.58496Z\" \/>\n\t\t\t\t\t<\/svg>\n\t\t\t\t<\/span>\n\t\t\t\t<span data-wp-text=\"state.errorMessage\" id=\"g7706-mensaje-textarea-error-message\"><\/span>\n\t\t\t<\/div>\n\t<\/div>\n\n\n<div class=\"contact-form__error\" data-wp-class--show-errors=\"state.showFormErrors\"><span class=\"contact-form__warning-icon\" aria-hidden=\"true\"><i><\/i><\/span><span class=\"contact-form__error-message\" tabindex=\"-1\" data-wp-watch=\"callbacks.focusOnValidationError\" data-wp-text=\"state.getFormErrorMessage\"><\/span><ul aria-label=\"Form errors\">\n\t\t\t\t<template data-wp-each=\"state.getErrorList\" data-wp-key=\"context.item.id\">\n\t\t\t\t\t<li><a data-wp-bind--href=\"context.item.anchor\" data-wp-on--click=\"actions.scrollIntoView\" data-wp-text=\"context.item.label\"><\/a><\/li>\n\t\t\t\t<\/template>\n\t\t\t\t<\/ul><\/div><div class=\"contact-form__error\" data-wp-class--show-errors=\"state.showSubmissionError\" data-wp-text=\"context.submissionError\" tabindex=\"-1\" data-wp-watch=\"callbacks.focusOnSubmissionError\"><\/div> <div class=\"wp-block-jetpack-button wp-block-button\" style=\"\"><button data-wp-bind--disabled=\"state.isAriaDisabled\" class=\"wp-block-button__link\" style=\"\" data-id-attr=\"placeholder\" type=\"submit\" data-wp-class--is-submitting=\"state.isSubmitting\" data-wp-bind--aria-disabled=\"state.isAriaDisabled\">Enviar<span class=\"spinner\" aria-hidden=\"true\"><svg width=\"24\" height=\"24\" viewBox=\"0 0 24 24\" xmlns=\"http:\/\/www.w3.org\/2000\/svg\"><path d=\"M12,1A11,11,0,1,0,23,12,11,11,0,0,0,12,1Zm0,19a8,8,0,1,1,8-8A8,8,0,0,1,12,20Z\" opacity=\".25\"\/><path d=\"M10.14,1.16a11,11,0,0,0-9,8.92A1.59,1.59,0,0,0,2.46,12,1.52,1.52,0,0,0,4.11,10.7a8,8,0,0,1,6.66-6.61A1.42,1.42,0,0,0,12,2.69h0A1.57,1.57,0,0,0,10.14,1.16Z\"><animateTransform attributeName=\"transform\" type=\"rotate\" dur=\"0.75s\" values=\"0 12 12;360 12 12\" repeatCount=\"indefinite\"\/><\/path><\/svg><span class=\"is-visually-hidden\">Submitting form<\/span><\/span><\/button><\/div><\/div>\n\t\t<input type='hidden' name='contact-form-id' value='7706' \/>\n\t\t<input type='hidden' name='action' value='grunion-contact-form' \/>\n\t\t<input type='hidden' name='contact-form-hash' value='756f331d329df2bec29cc2432120ecc7d36df6e2' \/>\n<p style=\"display: none !important;\" class=\"akismet-fields-container\" data-prefix=\"ak_\"><label>&#916;<textarea name=\"ak_hp_textarea\" cols=\"45\" rows=\"8\" maxlength=\"100\"><\/textarea><\/label><input type=\"hidden\" id=\"ak_js_1\" name=\"ak_js\" value=\"192\"\/><script>\ndocument.getElementById( \"ak_js_1\" ).setAttribute( \"value\", ( new Date() ).getTime() );\n<\/script>\n<\/p><\/form>\n<\/div><\/div><\/div>\n<\/div>\n<\/div>\n\n\n\n<div style=\"height:100px\" aria-hidden=\"true\" class=\"wp-block-spacer\"><\/div>\n\n\n\n<section class=\"wp-block-group alignfull wct23_section-suscribete has-background\" style=\"background-color:#82eefd\"><div class=\"wp-block-group__inner-container is-layout-flow wp-block-group-is-layout-flow\">\n<h2 class=\"wp-block-heading alignwide has-text-align-center wct23_title-h2\">Suscr\u00edbete al blog de WordCamp Torrelodones&nbsp;2024<\/h2>\n\n\n\n<p class=\"has-text-align-center wct23_text-p wp-block-paragraph\">Suscr\u00edbete para enterarte de todo lo que estamos haciendo para que este evento sea inolvidable y c\u00f3mo puedes participar y disfrutarlo al m\u00e1ximo.<\/p>\n\n\n<div class=\"wp-block-jetpack-subscriptions__supports-newline wp-block-jetpack-subscriptions\">\n\t\t<div>\n\t\t\t<div>\n\t\t\t\t<div>\n\t\t\t\t\t<p style=\"width: 25%;max-width: 100%;\">\n\t\t\t\t\t\t<a href=\"https:\/\/torrelodones.wordcamp.org\/2024\/?post_type=page&#038;p=7706\" style=\"background: #0f3a4a;color: #fff7da;width: calc(100% - 0px);font-size: 16px;padding: 16px 24px 16px 24px;margin: 0; margin-left: 0px;border-radius: 0px;border-width: 1px;border-color: #0f3a4a; border-style: solid; text-decoration: none; white-space: nowrap; margin-left: 0\">\u00a1Suscr\u00edbete!<\/a>\n\t\t\t\t\t<\/p>\n\t\t\t\t<\/div>\n\t\t\t<\/div>\n\t\t<\/div>\n\t<\/div><\/div><\/section>\n\n\n\n<div style=\"height:100px\" aria-hidden=\"true\" class=\"wp-block-spacer\"><\/div>\n<\/div><\/section>\n","protected":false},"excerpt":{"rendered":"<p>Contacto Env\u00edanos un mensaje a trav\u00e9s de este formulario de contacto y te contestaremos lo antes posible. \u00a1Gracias!<\/p>\n","protected":false},"author":15412659,"featured_media":0,"parent":0,"menu_order":0,"comment_status":"closed","ping_status":"closed","template":"","meta":{"_crdt_document":"","jetpack_post_was_ever_published":false,"footnotes":""},"class_list":["post-7706","page","type-page","status-publish","hentry","entry"],"jetpack_sharing_enabled":true,"_links":{"self":[{"href":"https:\/\/torrelodones.wordcamp.org\/2024\/wp-json\/wp\/v2\/pages\/7706","targetHints":{"allow":["GET"]}}],"collection":[{"href":"https:\/\/torrelodones.wordcamp.org\/2024\/wp-json\/wp\/v2\/pages"}],"about":[{"href":"https:\/\/torrelodones.wordcamp.org\/2024\/wp-json\/wp\/v2\/types\/page"}],"author":[{"embeddable":true,"href":"https:\/\/torrelodones.wordcamp.org\/2024\/wp-json\/wp\/v2\/users\/15412659"}],"replies":[{"embeddable":true,"href":"https:\/\/torrelodones.wordcamp.org\/2024\/wp-json\/wp\/v2\/comments?post=7706"}],"version-history":[{"count":4,"href":"https:\/\/torrelodones.wordcamp.org\/2024\/wp-json\/wp\/v2\/pages\/7706\/revisions"}],"predecessor-version":[{"id":7895,"href":"https:\/\/torrelodones.wordcamp.org\/2024\/wp-json\/wp\/v2\/pages\/7706\/revisions\/7895"}],"wp:attachment":[{"href":"https:\/\/torrelodones.wordcamp.org\/2024\/wp-json\/wp\/v2\/media?parent=7706"}],"curies":[{"name":"wp","href":"https:\/\/api.w.org\/{rel}","templated":true}]}}