{"id":7710,"date":"2022-06-30T16:07:16","date_gmt":"2022-06-30T14:07:16","guid":{"rendered":"https:\/\/torrelodones.wordcamp.org\/2023\/code-of-conduct\/"},"modified":"2023-11-01T10:07:43","modified_gmt":"2023-11-01T09:07:43","slug":"codigo-de-conducta","status":"publish","type":"page","link":"https:\/\/torrelodones.wordcamp.org\/2024\/codigo-de-conducta\/","title":{"rendered":"C\u00f3digo de conducta"},"content":{"rendered":"\n<section class=\"wp-block-group alignfull\"><div class=\"wp-block-group__inner-container is-layout-flow wp-block-group-is-layout-flow\">\n<div class=\"wp-block-columns alignfull is-layout-flex wp-container-core-columns-is-layout-8f761849 wp-block-columns-is-layout-flex\">\n<div class=\"wp-block-column is-layout-flow wp-block-column-is-layout-flow\">\n<div class=\"wp-block-group\"><div class=\"wp-block-group__inner-container is-layout-constrained wp-block-group-is-layout-constrained\">\n<h3 class=\"wp-block-heading wct23_title-h3 mt-2\">1. Prop\u00f3sito<\/h3>\n\n\n\n<p class=\"wp-block-paragraph\">WordCamp Torrelodones considera esencial que nuestra comunidad est\u00e9 realmente abierta a todo el mundo. <\/p>\n\n\n\n<p class=\"wp-block-paragraph\">Nos comprometemos a proporcionar un ambiente amigable, seguro y acogedor para todas las personas, independientemente de su g\u00e9nero, orientaci\u00f3n sexual, discapacidad, etnia, religi\u00f3n, sistema operativo preferido, lenguaje de programaci\u00f3n o editor de texto.<\/p>\n\n\n\n<p class=\"wp-block-paragraph\">Este c\u00f3digo de conducta resume c\u00f3mo esperamos que te comportes como asistente, as\u00ed como las consecuencias que tendr\u00eda un comportamiento inaceptable.<\/p>\n\n\n\n<p class=\"wp-block-paragraph\">Instamos a todas las empresas patrocinadoras, personas voluntarias, ponentes, asistentes y dem\u00e1s participantes a que nos ayuden a hacer realidad una experiencia de evento segura y positiva.<\/p>\n\n\n\n<h3 class=\"wp-block-heading wct23_title-h2 mt-2\">2. Ciudadan\u00eda de C\u00f3digo Abierto<\/h3>\n\n\n\n<p class=\"wp-block-paragraph\">Un objetivo adicional de este c\u00f3digo de conducta es incrementar la ciudadan\u00eda de c\u00f3digo abierto, alentando a los participantes a reconocer y fortalecer las relaciones entre lo que hacemos y la comunidad en general.<\/p>\n\n\n\n<p class=\"wp-block-paragraph\">Al servicio de este objetivo, las personas organizadoras de WordCamp Torrelodones recogeremos, durante el evento, candidaturas que sean ejemplares y les daremos reconocimiento en el sitio web despu\u00e9s de la conferencia.<\/p>\n\n\n\n<p class=\"wp-block-paragraph\">Si ves a alguien que est\u00e1 haciendo un esfuerzo extra para asegurar que nuestra comunidad resulte acogedora y amigable, y que anime a las personas participantes a contribuir en la mayor medida posible, lo queremos saber. Puedes nominar a alguien en la mesa de registro o dici\u00e9ndoselo al equipo organizador.<\/p>\n\n\n\n<h3 class=\"wp-block-heading wct23_title-h2 mt-2\">3. Comportamiento esperado<\/h3>\n\n\n\n<ul class=\"wp-block-list\">\n<li>S\u00e9 una persona considerada, respetuosa y colaborativa.<\/li>\n\n\n\n<li>Abstente de comportamientos y discursos degradantes, discriminatorios o de acoso.<\/li>\n\n\n\n<li>S\u00e9 consciente del entorno y de tus compa\u00f1eros participantes.<\/li>\n\n\n\n<li>Alerta al equipo organizador de la conferencia si observas una situaci\u00f3n peligrosa o a alguien en apuros.<\/li>\n\n\n\n<li>Participa de una manera aut\u00e9ntica y activa. <\/li>\n<\/ul>\n\n\n\n<p class=\"wp-block-paragraph\">De este modo, est\u00e1s ayudando a crear la WordCamp Torrelodones 2024 y a hacerla propia.<\/p>\n\n\n\n<h3 class=\"wp-block-heading wct23_title-h2 mt-2\">4. Comportamiento inaceptable<\/h3>\n\n\n\n<p class=\"wp-block-paragraph\">Como comportamiento inaceptable se entiende una conducta intimidatoria, acosadora, abusiva, discriminatoria, despectiva o degradante, por parte de cualquier asistente de la WordCamp Torrelodones 2024 y eventos relacionados. <\/p>\n\n\n\n<p class=\"wp-block-paragraph\">Todos los lugares de la WordCamp Torrelodones 2024 pueden ser compartidos con otros miembros de la sociedad; por favor, muestra gran respeto por todas las personas que los usen.<\/p>\n\n\n\n<p class=\"wp-block-paragraph\">El acoso incluye: comentarios verbales ofensivos relacionados con el g\u00e9nero, la orientaci\u00f3n sexual, la raza, la religi\u00f3n, la discapacidad; el uso inadecuado de desnudez y\/o im\u00e1genes sexuales en espacios p\u00fablicos (incluyendo diapositivas de la presentaci\u00f3n); intimidaci\u00f3n deliberada, acecho o seguimiento; acoso con fotograf\u00eda o grabaci\u00f3n; interrupci\u00f3n sostenida de charlas y otros eventos; contacto f\u00edsico inapropiado y atenci\u00f3n sexual no deseada.<\/p>\n\n\n\n<h3 class=\"wp-block-heading wct23_title-h2 mt-2\">5. Consecuencias de un comportamento inaceptable<\/h3>\n\n\n\n<p class=\"wp-block-paragraph\">El comportamiento inaceptable no ser\u00e1 tolerado, ya sea por parte de otras personas asistentes, organizadoras, patrocinadoras, personal del local, u otros usuarios de los locales de la WordCamp Torrelodones 2024.<\/p>\n\n\n\n<p class=\"wp-block-paragraph\">Se espera que cualquiera cumpla inmediatamente en caso de que se le pida que cese un comportamiento inaceptable.<\/p>\n\n\n\n<p class=\"wp-block-paragraph\">Si una persona que participa se involucra en un comportamiento inaceptable, los organizadores de la conferencia pueden tomar cualquier acci\u00f3n que consideren apropiada, hasta incluso la expulsi\u00f3n de la conferencia sin previo aviso o reembolso.<\/p>\n\n\n\n<h3 class=\"wp-block-heading wct23_title-h2 mt-2\">6. \u00bfQu\u00e9 hacer si eres testigo u objeto de un comportamiento inaceptable?<\/h3>\n\n\n\n<p class=\"wp-block-paragraph\">Si eres objeto de un comportamiento inaceptable, eres testigo de que otra persona est\u00e1 siendo objeto de ello o te preocupan posibles situaciones que se puedan desarrollar, por favor, notif\u00edcalo lo antes posible a los organizadores de la conferencia.<\/p>\n\n\n\n<p class=\"wp-block-paragraph\">El equipo de WordCamp Torrelodones estar\u00e1 disponible para ayudar a las personas participantes a contactar con la seguridad del local o las fuerzas locales de seguridad para ofrecer acompa\u00f1amiento o ayudar a aquellos que sufran un comportamiento inaceptable para que se sientan con seguridad mientras dure la conferencia.<\/p>\n\n\n\n<p class=\"wp-block-paragraph\">Las personas voluntarias vestir\u00e1n con un color o prenda diferente. Cualquier persona voluntaria puede ponerte en contacto con los organizadores de la conferencia. Tambi\u00e9n puedes acercarte a la mesa de inscripci\u00f3n y preguntar por ellos.<\/p>\n\n\n\n<h3 class=\"wp-block-heading wct23_title-h2 mt-2\">7. \u00c1mbito de aplicaci\u00f3n<\/h3>\n\n\n\n<p class=\"wp-block-paragraph\">Esperamos que todas las personas participantes de la conferencia (patrocinadoras, voluntarias, ponentes, asistentes y dem\u00e1s personas invitadas) cumplan con este c\u00f3digo de conducta en todas las salas de conferencia y eventos sociales relacionados con la conferencia.<\/p>\n\n\n\n<h3 class=\"wp-block-heading wct23_title-h2 mt-2\">8. Informaci\u00f3n de contacto<\/h3>\n\n\n\n<p class=\"wp-block-paragraph\">Si te ves en la necesidad de contactar con el equipo organizador, en la p\u00e1gina de contacto tienes un formulario para hacerlo.<\/p>\n\n\n\n<h3 class=\"wp-block-heading wct23_title-h2 mt-2\">9. Licencia y atribuci\u00f3n<\/h3>\n\n\n\n<p class=\"wp-block-paragraph\">Este C\u00f3digo de Conducta es una copia directa del impresionante trabajo de la Open Source Bridge, pero reemplazando la informaci\u00f3n con la de nuestro evento.<\/p>\n\n\n\n<p class=\"wp-block-paragraph\">El original, publicado en http:\/\/opensourcebridge.org\/about\/code-of-conduct\/, ya no est\u00e1 disponible, pero puede verse en <a rel=\"noreferrer noopener\" href=\"https:\/\/web.archive.org\/web\/20191024152904\/opensourcebridge.org\/about\/code-of-conduct\/\" target=\"_blank\">esta imagen de archivo<\/a>, y fue liberado bajo una licencia de Creative Commons Attribution-ShareAlike.<\/p>\n<\/div><\/div>\n<\/div>\n<\/div>\n\n\n\n<div style=\"height:100px\" aria-hidden=\"true\" class=\"wp-block-spacer\"><\/div>\n\n\n\n<h2 class=\"wp-block-heading\">Normas del Teatro Fern\u00e1ndez-Baldor<\/h2>\n\n\n\n<ul class=\"wp-block-list\">\n<li>En el patio de butacas hay una puerta de emergencia en la parte inferior, a la izquierda del escenario, adem\u00e1s de las dos principales de acceso, a ambos lados en la parte superior. En caso de emergencia, se debe abandonar el auditorio de forma r\u00e1pida y ordenada, saliendo por las puertas m\u00e1s cercanas a su asiento.<\/li>\n\n\n\n<li>Esta prohibido comer o beber en el patio de butacas, a excepci\u00f3n de agua en botella con tap\u00f3n de rosca.<\/li>\n\n\n\n<li>Por razones estrictas de seguridad, no se permitir\u00e1 a nadie permanecer en pie en las escaleras o pasillos de acceso, ni pasear o sentarse sobre el suelo en ninguna de las \u00e1reas de tr\u00e1nsito.<\/li>\n\n\n\n<li>No se puede entrar con carros de beb\u00e9, sillitas de ni\u00f1o ni dejar en el interior cualquier otro bulto que pueda entorpecer la salida.<\/li>\n\n\n\n<li>No est\u00e1 permitido el uso de tel\u00e9fonos m\u00f3viles, hacer fotograf\u00edas con flash ni grabar la funci\u00f3n sin previa autorizaci\u00f3n del Teatro.<\/li>\n\n\n\n<li>Est\u00e1 prohibido fumar en cualquier zona del recinto escolar.<\/li>\n\n\n\n<li>Se ruega no estar entrando y saliendo ni hacer ruido una vez comenzada la funci\u00f3n. El Teatro es un espacio cultural, art\u00edstico y un lugar acogedor, que exige respeto y un comportamiento cort\u00e9s por parte de los asistentes.<\/li>\n<\/ul>\n<\/div><\/section>\n\n\n","protected":false},"excerpt":{"rendered":"<p>1. Prop\u00f3sito WordCamp Torrelodones considera esencial que nuestra comunidad est\u00e9 realmente abierta a todo el mundo. Nos comprometemos a proporcionar un ambiente amigable, seguro y acogedor para todas las personas, independientemente de su g\u00e9nero, orientaci\u00f3n sexual, discapacidad, etnia, religi\u00f3n, sistema operativo preferido, lenguaje de programaci\u00f3n o editor de texto. Este c\u00f3digo de conducta resume c\u00f3mo&hellip; <a class=\"more-link\" href=\"https:\/\/torrelodones.wordcamp.org\/2024\/codigo-de-conducta\/\">Seguir leyendo <span class=\"screen-reader-text\">C\u00f3digo de conducta<\/span><\/a><\/p>\n","protected":false},"author":15412659,"featured_media":0,"parent":0,"menu_order":0,"comment_status":"closed","ping_status":"closed","template":"","meta":{"_crdt_document":"","jetpack_post_was_ever_published":false,"footnotes":""},"class_list":["post-7710","page","type-page","status-publish","hentry","entry"],"jetpack_sharing_enabled":true,"_links":{"self":[{"href":"https:\/\/torrelodones.wordcamp.org\/2024\/wp-json\/wp\/v2\/pages\/7710","targetHints":{"allow":["GET"]}}],"collection":[{"href":"https:\/\/torrelodones.wordcamp.org\/2024\/wp-json\/wp\/v2\/pages"}],"about":[{"href":"https:\/\/torrelodones.wordcamp.org\/2024\/wp-json\/wp\/v2\/types\/page"}],"author":[{"embeddable":true,"href":"https:\/\/torrelodones.wordcamp.org\/2024\/wp-json\/wp\/v2\/users\/15412659"}],"replies":[{"embeddable":true,"href":"https:\/\/torrelodones.wordcamp.org\/2024\/wp-json\/wp\/v2\/comments?post=7710"}],"version-history":[{"count":2,"href":"https:\/\/torrelodones.wordcamp.org\/2024\/wp-json\/wp\/v2\/pages\/7710\/revisions"}],"predecessor-version":[{"id":7987,"href":"https:\/\/torrelodones.wordcamp.org\/2024\/wp-json\/wp\/v2\/pages\/7710\/revisions\/7987"}],"wp:attachment":[{"href":"https:\/\/torrelodones.wordcamp.org\/2024\/wp-json\/wp\/v2\/media?parent=7710"}],"curies":[{"name":"wp","href":"https:\/\/api.w.org\/{rel}","templated":true}]}}