{"id":7713,"date":"2022-08-20T13:11:09","date_gmt":"2022-08-20T11:11:09","guid":{"rendered":"https:\/\/torrelodones.wordcamp.org\/2023\/?page_id=13"},"modified":"2024-03-23T13:16:23","modified_gmt":"2024-03-23T12:16:23","slug":"entradas","status":"publish","type":"page","link":"https:\/\/torrelodones.wordcamp.org\/2024\/entradas\/","title":{"rendered":"\u00a1Compra tu entrada!"},"content":{"rendered":"<a href=\"https:\/\/torrelodones.wordcamp.org\/2024\/entradas\/\">Por favor, ve esta p\u00e1gina en un navegador para hacer una compra o gestionar entradas.<\/a>\n\n\n\n<section class=\"wp-block-group alignfull wct23_sponsors\"><div class=\"wp-block-group__inner-container is-layout-flow wp-block-group-is-layout-flow\">\n<div class=\"wp-block-columns alignfull is-layout-flex wp-container-core-columns-is-layout-8f761849 wp-block-columns-is-layout-flex\">\n<div class=\"wp-block-column is-layout-flow wp-block-column-is-layout-flow\">\n<div class=\"wp-block-group wct23_entradas\"><div class=\"wp-block-group__inner-container is-layout-constrained wp-block-group-is-layout-constrained\">\n<p class=\"has-yellow-background-color has-text-color has-background wp-block-paragraph\" style=\"color:#0f3a4a\">Todas las personas que participamos en la organizaci\u00f3n de la WordCamp somos voluntarias y todo el dinero recaudado se dirige exclusivamente a cubrir los costes del evento.<\/p>\n\n\n\n<div style=\"height:40px\" aria-hidden=\"true\" class=\"wp-block-spacer\"><\/div>\n\n\n\n<h2 class=\"wp-block-heading wct23_title-h3\">\u00bfQu\u00e9 incluye la&nbsp;entrada?<\/h2>\n\n\n\n<p class=\"mt-1 wp-block-paragraph\">La entrada a WordCamp Torrelodones 2024 te da acceso a todas la actividades del s\u00e1bado 23 y del domingo 24 de marzo de 2024. <\/p>\n\n\n\n<p class=\"mt-1 wp-block-paragraph\">El s\u00e1bado tendremos las ponencias y el domingo tendremos el Contributor day, ambos en el <a href=\"https:\/\/teatrofernandezbaldor.com\/\" target=\"_blank\" rel=\"noreferrer noopener\">Teatro Fern\u00e1ndez-Baldor<\/a>.<\/p>\n\n\n\n<p class=\"mt-1 wp-block-paragraph\">Pero no todo ser\u00e1 aprender, compartir y hacer networking. A cambio de los 25&nbsp;\u20ac de la entrada, podr\u00e1s disfrutar de todas las comidas que se servir\u00e1n durante el evento, tanto el s\u00e1bado como el domingo. Habr\u00e1 caf\u00e9 durante todo el d\u00eda, desayuno, comida (frugal, que luego hay que sentarse a escuchar las charlas atentamente y no queremos que nadie se duerma) y por la tarde, algo para merendar y coger fuerzas.<\/p>\n\n\n\n<p class=\"mt-1 wp-block-paragraph\">Despu\u00e9s de las charlas tendremos la after party, con un picoteo para cenar y hacer networking al ritmo de la m\u00fasica. \u00a1Y, qui\u00e9n sabe, igual hasta te animas a bailar!<\/p>\n\n\n\n<p class=\"mt-1 wp-block-paragraph\">Por si esto fuera poco, a\u00fan habr\u00e1 m\u00e1s. Al llegar al <a href=\"https:\/\/teatrofernandezbaldor.com\/\" target=\"_blank\" rel=\"noreferrer noopener\">Teatro Fern\u00e1ndez-Baldor<\/a> el s\u00e1bado por la ma\u00f1ana, recibir\u00e1s una acreditaci\u00f3n con tu nombre y una bolsa con una camiseta conmemorativa de la WordCamp Torrelodones 2024 (elige tu talla al comprar la entrada) y regalitos de nuestros queridos patrocinadores. <\/p>\n\n\n\n<p class=\"mt-1 wp-block-paragraph\">Habr\u00e1 m\u00e1s sorpresas que, por supuesto,  son alto secreto y no te las podemos adelantar. Si quieres pasar un fin de semana inolvidable, ven a WordCamp Torrelodones 2024.<\/p>\n\n\n\n<p class=\"wp-block-paragraph\">Adem\u00e1s, si quieres venir con tus peques, contamos con servicio de <a href=\"https:\/\/torrelodones.wordcamp.org\/2024\/ludoteca\">Ludoteca<\/a> en el que los ni\u00f1os y ni\u00f1as pasar\u00e1n un d\u00eda muy divertido realizando un programa supercompleto de actividades dirigidas por un equipo de profesionales.<\/p>\n\n\n\n<p class=\"wp-block-paragraph\">Como ves, los 25 euros que cuesta la entrada podemos decir que pr\u00e1cticamente, son simb\u00f3licos. La mayor parte de los gastos del evento corre por cuenta de <a href=\"https:\/\/torrelodones.wordcamp.org\/2024\/patrocinadores\/\" data-type=\"page\" data-id=\"1588\">nuestros queridos patrocinadores<\/a>.<\/p>\n<\/div><\/div>\n<\/div>\n<\/div>\n<\/div><\/section>\n\n\n","protected":false},"excerpt":{"rendered":"<p>Todas las personas que participamos en la organizaci\u00f3n de la WordCamp somos voluntarias y todo el dinero recaudado se dirige exclusivamente a cubrir los costes del evento. \u00bfQu\u00e9 incluye la&nbsp;entrada? La entrada a WordCamp Torrelodones 2024 te da acceso a todas la actividades del s\u00e1bado 23 y del domingo 24 de marzo de 2024. El&hellip; <a class=\"more-link\" href=\"https:\/\/torrelodones.wordcamp.org\/2024\/entradas\/\">Seguir leyendo <span class=\"screen-reader-text\">\u00a1Compra tu entrada!<\/span><\/a><\/p>\n","protected":false},"author":15412659,"featured_media":9657,"parent":0,"menu_order":0,"comment_status":"closed","ping_status":"closed","template":"","meta":{"_crdt_document":"","jetpack_post_was_ever_published":false,"footnotes":""},"class_list":["post-7713","page","type-page","status-publish","has-post-thumbnail","hentry","entry"],"jetpack_sharing_enabled":true,"_links":{"self":[{"href":"https:\/\/torrelodones.wordcamp.org\/2024\/wp-json\/wp\/v2\/pages\/7713","targetHints":{"allow":["GET"]}}],"collection":[{"href":"https:\/\/torrelodones.wordcamp.org\/2024\/wp-json\/wp\/v2\/pages"}],"about":[{"href":"https:\/\/torrelodones.wordcamp.org\/2024\/wp-json\/wp\/v2\/types\/page"}],"author":[{"embeddable":true,"href":"https:\/\/torrelodones.wordcamp.org\/2024\/wp-json\/wp\/v2\/users\/15412659"}],"replies":[{"embeddable":true,"href":"https:\/\/torrelodones.wordcamp.org\/2024\/wp-json\/wp\/v2\/comments?post=7713"}],"version-history":[{"count":8,"href":"https:\/\/torrelodones.wordcamp.org\/2024\/wp-json\/wp\/v2\/pages\/7713\/revisions"}],"predecessor-version":[{"id":9590,"href":"https:\/\/torrelodones.wordcamp.org\/2024\/wp-json\/wp\/v2\/pages\/7713\/revisions\/9590"}],"wp:featuredmedia":[{"embeddable":true,"href":"https:\/\/torrelodones.wordcamp.org\/2024\/wp-json\/wp\/v2\/media\/9657"}],"wp:attachment":[{"href":"https:\/\/torrelodones.wordcamp.org\/2024\/wp-json\/wp\/v2\/media?parent=7713"}],"curies":[{"name":"wp","href":"https:\/\/api.w.org\/{rel}","templated":true}]}}